{"id":106512,"date":"2022-03-28T10:59:47","date_gmt":"2022-03-28T10:59:47","guid":{"rendered":"https:\/\/www.fecarotta.com\/?post_type=product&#038;p=106512"},"modified":"2026-01-13T11:46:15","modified_gmt":"2026-01-13T11:46:15","slug":"anello-bulgari-b-zero1-4","status":"publish","type":"product","link":"https:\/\/www.fecarotta.com\/it\/prodotto\/anello-bulgari-b-zero1-4\/","title":{"rendered":"Anello Bulgari B ZERO1"},"content":{"rendered":"<div class=\"js-el subheading-tag la-unit-responsive\">\n<p>Anello Bulgari B ZERO1<\/p>\n<h4>La Storia della Maison Bvlgari<\/h4>\n<p>Fondato a Roma nel 1884 da Sotirio Bulgari, argentiere greco di talento, il marchio si afferma rapidamente come emblema dell\u2019eccellenza italiana, particolarmente evidente nel pregevole savoir-faire e nelle magnifiche creazioni gioielliere.<\/p>\n<p>Negli anni, le generazioni Bulgari hanno dato vita a uno stile distintivo caratterizzato da vivaci combinazioni di colori, volumi dall\u2019equilibrio raffinato e motivi inconfondibili che celebrano le origini romane della Maison. Senza mai dimenticare la propria tradizione culturale, Bvlgari ha introdotto innovazioni in grado di riscrivere le regole della gioielleria mondiale e ha lanciato nuove tendenze divenute icone del design contemporaneo.<\/p>\n<p>Durante gli anni della Dolce Vita il negozio di via Condotti diventa una delle mete preferite della mondanit\u00e0 e delle celebrit\u00e0 internazionali, contribuendo a consolidare la fama internazionale della Maison. All\u2019inizio degli anni Settanta Bvlgari conquista l\u2019Europa e gli Stati Uniti. I fratelli Bulgari della terza generazione infondono nuova linfa creativa attingendo da innumerevoli fonti di ispirazione che spaziano dall\u2019Estremo Oriente alla Pop Art e incontrano il gusto della donna moderna e dinamica. La loro visione pionieristica conduce all\u2019affermazione dell\u2019orologio BVLGARI BVLGARI, che diventa ben presto un grande classico e una dichiarazione di stile senza precedenti.<\/p>\n<h5 class=\"title style-scope ytd-video-primary-info-renderer\"><a href=\"https:\/\/www.youtube.com\/watch?v=Yuaeo51gAvE\" target=\"_blank\" rel=\"noopener noreferrer\">BVLGARI OFFICIAL VIDEO<\/a><\/h5>\n<\/div>\n<p><a href=\"https:\/\/www.fecarotta.com\/it\/bvlgari\/\" target=\"_blank\" rel=\"noopener noreferrer\">La nostra Azienda<\/a><\/p>\n<p>&nbsp;<\/p>\n","protected":false},"excerpt":{"rendered":"<p>Anello Bulgari B ZERO1<\/p>\n<p>Disponibile solo misura 53 e 56<\/p>\n<p>Anello B.zero1 Design Legend a quattro fasce in oro rosa 18 kt e ceramica nera.<\/p>\n<p>Fedele al suo spirito rivoluzionario, l\u2019iconico motivo B.zero1 \u00e8 reinterpretato da una leggenda del design, Zaha Hadid. Ispirato al pi\u00f9 celebre monumento romano, il Colosseo, e rivisitato dalla pi\u00f9 grande protagonista dell\u2019architettura contemporanea, l&#8217;anello B.zero1 Design Legend unisce fluidit\u00e0 e geometria, modernit\u00e0 e tradizione per dar vita a una perfetta sintesi di linguaggi. Unendo all\u2019innovativa combinazione di oro rosa e ceramica nera l\u2019audacia del design italiano contemporaneo, B.zero1 testimonia ancora una volta il fascino di un&#8217;icona capace di sfidare ogni convenzione. Anello B.zero1 Design Legend a quattro fasce in oro rosa 18 kt e ceramica nera.<\/p>\n<p>Made In<\/p>\n<p>Italy<\/p>\n<p>&nbsp;<\/p>\n<p>Materiale<\/p>\n<p>Oro rosa, Ceramica<\/p>\n<p>Colore<\/p>\n<p>Nero<\/p>\n","protected":false},"featured_media":106569,"template":"","meta":{"_acf_changed":false},"product_brand":[],"product_cat":[96,27,24],"product_tag":[2690,3098,3099,3102,3103,3100,3091,3092],"class_list":{"0":"post-106512","1":"product","2":"type-product","3":"status-publish","4":"has-post-thumbnail","6":"product_cat-anelli","7":"product_cat-gioielli","8":"product_cat-non-vendibile-online","9":"product_tag-anello","10":"product_tag-anello-b-zero1","11":"product_tag-anello-bulgari","12":"product_tag-anello-unisex","13":"product_tag-anello-uomo","14":"product_tag-b-zero1","15":"product_tag-bvlgari","16":"product_tag-gioielli-bulgari","17":"pa_brand-bulgari","18":"pa_collection-b-zero1","19":"pa_gender-donna","20":"pa_gender-unisex","21":"pa_gender-uomo","23":"first","24":"instock","25":"purchasable","26":"product-type-simple","27":"add-to-wishlist-before_image"},"acf":[],"yoast_head":"<!-- This site is optimized with the Yoast SEO plugin v27.3 - https:\/\/yoast.com\/product\/yoast-seo-wordpress\/ -->\n<title>Anello Bulgari B ZERO1 - Fecarotta Gioielli<\/title>\n<meta name=\"description\" content=\"Ispirato all\u2019anfiteatro pi\u00f9 famoso al mondo, il Colosseo, l&#039;anello B.zero1 \u00e8 una suprema attestazione del talento creativo di Bulgari.\" \/>\n<meta name=\"robots\" content=\"index, follow, max-snippet:-1, max-image-preview:large, max-video-preview:-1\" \/>\n<link rel=\"canonical\" href=\"https:\/\/www.fecarotta.com\/it\/prodotto\/anello-bulgari-b-zero1-4\/\" \/>\n<meta property=\"og:locale\" content=\"it_IT\" \/>\n<meta property=\"og:type\" content=\"article\" \/>\n<meta property=\"og:title\" content=\"Anello Bvlgari Save the Children\" \/>\n<meta property=\"og:description\" content=\"Bvlgari celebra la partnership filantropica con Save the Children attraverso l&#039;anello in argento 925 e ceramica nera che si ispira al design dei gioielli B.zero1. Per questo reca inciso il logo dell\u2019organizzazione benefica.\" \/>\n<meta property=\"og:url\" content=\"https:\/\/www.fecarotta.com\/it\/prodotto\/anello-bulgari-b-zero1-4\/\" \/>\n<meta property=\"og:site_name\" content=\"Fecarotta Gioielli\" \/>\n<meta property=\"article:publisher\" content=\"https:\/\/www.facebook.com\/fecarottagioielli\" \/>\n<meta property=\"article:modified_time\" content=\"2026-01-13T11:46:15+00:00\" \/>\n<meta property=\"og:image\" content=\"https:\/\/storage1208.cdn-immedia.net\/wp-content\/uploads\/2019\/01\/AN855770a.jpg\" \/>\n\t<meta property=\"og:image:width\" content=\"1800\" \/>\n\t<meta property=\"og:image:height\" content=\"1405\" \/>\n\t<meta property=\"og:image:type\" content=\"image\/jpeg\" \/>\n<meta name=\"twitter:card\" content=\"summary_large_image\" \/>\n<meta name=\"twitter:label1\" content=\"Tempo di lettura stimato\" \/>\n\t<meta name=\"twitter:data1\" content=\"1 minuto\" \/>\n<script type=\"application\/ld+json\" class=\"yoast-schema-graph\">{\"@context\":\"https:\\\/\\\/schema.org\",\"@graph\":[{\"@type\":\"WebPage\",\"@id\":\"https:\\\/\\\/www.fecarotta.com\\\/it\\\/prodotto\\\/anello-bulgari-b-zero1-4\\\/\",\"url\":\"https:\\\/\\\/www.fecarotta.com\\\/it\\\/prodotto\\\/anello-bulgari-b-zero1-4\\\/\",\"name\":\"Anello Bulgari B ZERO1 - Fecarotta Gioielli\",\"isPartOf\":{\"@id\":\"https:\\\/\\\/www.fecarotta.com\\\/it\\\/#website\"},\"primaryImageOfPage\":{\"@id\":\"https:\\\/\\\/www.fecarotta.com\\\/it\\\/prodotto\\\/anello-bulgari-b-zero1-4\\\/#primaryimage\"},\"image\":{\"@id\":\"https:\\\/\\\/www.fecarotta.com\\\/it\\\/prodotto\\\/anello-bulgari-b-zero1-4\\\/#primaryimage\"},\"thumbnailUrl\":\"https:\\\/\\\/www.fecarotta.com\\\/wp-content\\\/uploads\\\/2022\\\/03\\\/356019-.jpeg\",\"datePublished\":\"2022-03-28T10:59:47+00:00\",\"dateModified\":\"2026-01-13T11:46:15+00:00\",\"description\":\"Ispirato all\u2019anfiteatro pi\u00f9 famoso al mondo, il Colosseo, l'anello B.zero1 \u00e8 una suprema attestazione del talento creativo di Bulgari.\",\"breadcrumb\":{\"@id\":\"https:\\\/\\\/www.fecarotta.com\\\/it\\\/prodotto\\\/anello-bulgari-b-zero1-4\\\/#breadcrumb\"},\"inLanguage\":\"it-IT\",\"potentialAction\":[{\"@type\":\"ReadAction\",\"target\":[\"https:\\\/\\\/www.fecarotta.com\\\/it\\\/prodotto\\\/anello-bulgari-b-zero1-4\\\/\"]}]},{\"@type\":\"ImageObject\",\"inLanguage\":\"it-IT\",\"@id\":\"https:\\\/\\\/www.fecarotta.com\\\/it\\\/prodotto\\\/anello-bulgari-b-zero1-4\\\/#primaryimage\",\"url\":\"https:\\\/\\\/www.fecarotta.com\\\/wp-content\\\/uploads\\\/2022\\\/03\\\/356019-.jpeg\",\"contentUrl\":\"https:\\\/\\\/www.fecarotta.com\\\/wp-content\\\/uploads\\\/2022\\\/03\\\/356019-.jpeg\",\"width\":2000,\"height\":2000},{\"@type\":\"BreadcrumbList\",\"@id\":\"https:\\\/\\\/www.fecarotta.com\\\/it\\\/prodotto\\\/anello-bulgari-b-zero1-4\\\/#breadcrumb\",\"itemListElement\":[{\"@type\":\"ListItem\",\"position\":1,\"name\":\"Home\",\"item\":\"https:\\\/\\\/www.fecarotta.com\\\/it\\\/\"},{\"@type\":\"ListItem\",\"position\":2,\"name\":\"Negozio\",\"item\":\"https:\\\/\\\/www.fecarotta.com\\\/it\\\/negozio\\\/\"},{\"@type\":\"ListItem\",\"position\":3,\"name\":\"Anello Bulgari B ZERO1\"}]},{\"@type\":\"WebSite\",\"@id\":\"https:\\\/\\\/www.fecarotta.com\\\/it\\\/#website\",\"url\":\"https:\\\/\\\/www.fecarotta.com\\\/it\\\/\",\"name\":\"Fecarotta Gioielli\",\"description\":\"\",\"publisher\":{\"@id\":\"https:\\\/\\\/www.fecarotta.com\\\/it\\\/#organization\"},\"potentialAction\":[{\"@type\":\"SearchAction\",\"target\":{\"@type\":\"EntryPoint\",\"urlTemplate\":\"https:\\\/\\\/www.fecarotta.com\\\/it\\\/?s={search_term_string}\"},\"query-input\":{\"@type\":\"PropertyValueSpecification\",\"valueRequired\":true,\"valueName\":\"search_term_string\"}}],\"inLanguage\":\"it-IT\"},{\"@type\":\"Organization\",\"@id\":\"https:\\\/\\\/www.fecarotta.com\\\/it\\\/#organization\",\"name\":\"Fecarotta Gioielli\",\"url\":\"https:\\\/\\\/www.fecarotta.com\\\/it\\\/\",\"logo\":{\"@type\":\"ImageObject\",\"inLanguage\":\"it-IT\",\"@id\":\"https:\\\/\\\/www.fecarotta.com\\\/it\\\/#\\\/schema\\\/logo\\\/image\\\/\",\"url\":\"https:\\\/\\\/www.fecarotta.com\\\/wp-content\\\/uploads\\\/2025\\\/03\\\/logo-gmb-fecarotta.jpg\",\"contentUrl\":\"https:\\\/\\\/www.fecarotta.com\\\/wp-content\\\/uploads\\\/2025\\\/03\\\/logo-gmb-fecarotta.jpg\",\"width\":500,\"height\":500,\"caption\":\"Fecarotta Gioielli\"},\"image\":{\"@id\":\"https:\\\/\\\/www.fecarotta.com\\\/it\\\/#\\\/schema\\\/logo\\\/image\\\/\"},\"sameAs\":[\"https:\\\/\\\/www.facebook.com\\\/fecarottagioielli\",\"http:\\\/\\\/www.instagram.com\\\/fecarotta.it\",\"https:\\\/\\\/www.linkedin.com\\\/company\\\/fecarotta-it\\\/\",\"https:\\\/\\\/api.whatsapp.com\\\/send?phone=393913323691&text=Salve, vorrei qualche informazione in merito ai vostri prodotti.\"]}]}<\/script>\n<!-- \/ Yoast SEO plugin. -->","yoast_head_json":{"title":"Anello Bulgari B ZERO1 - Fecarotta Gioielli","description":"Ispirato all\u2019anfiteatro pi\u00f9 famoso al mondo, il Colosseo, l'anello B.zero1 \u00e8 una suprema attestazione del talento creativo di Bulgari.","robots":{"index":"index","follow":"follow","max-snippet":"max-snippet:-1","max-image-preview":"max-image-preview:large","max-video-preview":"max-video-preview:-1"},"canonical":"https:\/\/www.fecarotta.com\/it\/prodotto\/anello-bulgari-b-zero1-4\/","og_locale":"it_IT","og_type":"article","og_title":"Anello Bvlgari Save the Children","og_description":"Bvlgari celebra la partnership filantropica con Save the Children attraverso l'anello in argento 925 e ceramica nera che si ispira al design dei gioielli B.zero1. Per questo reca inciso il logo dell\u2019organizzazione benefica.","og_url":"https:\/\/www.fecarotta.com\/it\/prodotto\/anello-bulgari-b-zero1-4\/","og_site_name":"Fecarotta Gioielli","article_publisher":"https:\/\/www.facebook.com\/fecarottagioielli","article_modified_time":"2026-01-13T11:46:15+00:00","og_image":[{"width":1800,"height":1405,"url":"https:\/\/storage1208.cdn-immedia.net\/wp-content\/uploads\/2019\/01\/AN855770a.jpg","type":"image\/jpeg"}],"twitter_card":"summary_large_image","twitter_misc":{"Tempo di lettura stimato":"1 minuto"},"schema":{"@context":"https:\/\/schema.org","@graph":[{"@type":"WebPage","@id":"https:\/\/www.fecarotta.com\/it\/prodotto\/anello-bulgari-b-zero1-4\/","url":"https:\/\/www.fecarotta.com\/it\/prodotto\/anello-bulgari-b-zero1-4\/","name":"Anello Bulgari B ZERO1 - Fecarotta Gioielli","isPartOf":{"@id":"https:\/\/www.fecarotta.com\/it\/#website"},"primaryImageOfPage":{"@id":"https:\/\/www.fecarotta.com\/it\/prodotto\/anello-bulgari-b-zero1-4\/#primaryimage"},"image":{"@id":"https:\/\/www.fecarotta.com\/it\/prodotto\/anello-bulgari-b-zero1-4\/#primaryimage"},"thumbnailUrl":"https:\/\/storage1208.cdn-immedia.net\/wp-content\/uploads\/2022\/03\/356019-.jpeg","datePublished":"2022-03-28T10:59:47+00:00","dateModified":"2026-01-13T11:46:15+00:00","description":"Ispirato all\u2019anfiteatro pi\u00f9 famoso al mondo, il Colosseo, l'anello B.zero1 \u00e8 una suprema attestazione del talento creativo di Bulgari.","breadcrumb":{"@id":"https:\/\/www.fecarotta.com\/it\/prodotto\/anello-bulgari-b-zero1-4\/#breadcrumb"},"inLanguage":"it-IT","potentialAction":[{"@type":"ReadAction","target":["https:\/\/www.fecarotta.com\/it\/prodotto\/anello-bulgari-b-zero1-4\/"]}]},{"@type":"ImageObject","inLanguage":"it-IT","@id":"https:\/\/www.fecarotta.com\/it\/prodotto\/anello-bulgari-b-zero1-4\/#primaryimage","url":"https:\/\/storage1208.cdn-immedia.net\/wp-content\/uploads\/2022\/03\/356019-.jpeg","contentUrl":"https:\/\/storage1208.cdn-immedia.net\/wp-content\/uploads\/2022\/03\/356019-.jpeg","width":2000,"height":2000},{"@type":"BreadcrumbList","@id":"https:\/\/www.fecarotta.com\/it\/prodotto\/anello-bulgari-b-zero1-4\/#breadcrumb","itemListElement":[{"@type":"ListItem","position":1,"name":"Home","item":"https:\/\/www.fecarotta.com\/it\/"},{"@type":"ListItem","position":2,"name":"Negozio","item":"https:\/\/www.fecarotta.com\/it\/negozio\/"},{"@type":"ListItem","position":3,"name":"Anello Bulgari B ZERO1"}]},{"@type":"WebSite","@id":"https:\/\/www.fecarotta.com\/it\/#website","url":"https:\/\/www.fecarotta.com\/it\/","name":"Fecarotta Gioielli","description":"","publisher":{"@id":"https:\/\/www.fecarotta.com\/it\/#organization"},"potentialAction":[{"@type":"SearchAction","target":{"@type":"EntryPoint","urlTemplate":"https:\/\/www.fecarotta.com\/it\/?s={search_term_string}"},"query-input":{"@type":"PropertyValueSpecification","valueRequired":true,"valueName":"search_term_string"}}],"inLanguage":"it-IT"},{"@type":"Organization","@id":"https:\/\/www.fecarotta.com\/it\/#organization","name":"Fecarotta Gioielli","url":"https:\/\/www.fecarotta.com\/it\/","logo":{"@type":"ImageObject","inLanguage":"it-IT","@id":"https:\/\/www.fecarotta.com\/it\/#\/schema\/logo\/image\/","url":"https:\/\/storage1208.cdn-immedia.net\/wp-content\/uploads\/2025\/03\/logo-gmb-fecarotta.jpg","contentUrl":"https:\/\/storage1208.cdn-immedia.net\/wp-content\/uploads\/2025\/03\/logo-gmb-fecarotta.jpg","width":500,"height":500,"caption":"Fecarotta Gioielli"},"image":{"@id":"https:\/\/www.fecarotta.com\/it\/#\/schema\/logo\/image\/"},"sameAs":["https:\/\/www.facebook.com\/fecarottagioielli","http:\/\/www.instagram.com\/fecarotta.it","https:\/\/www.linkedin.com\/company\/fecarotta-it\/","https:\/\/api.whatsapp.com\/send?phone=393913323691&text=Salve, vorrei qualche informazione in merito ai vostri prodotti."]}]}},"_links":{"self":[{"href":"https:\/\/www.fecarotta.com\/it\/wp-json\/wp\/v2\/product\/106512","targetHints":{"allow":["GET"]}}],"collection":[{"href":"https:\/\/www.fecarotta.com\/it\/wp-json\/wp\/v2\/product"}],"about":[{"href":"https:\/\/www.fecarotta.com\/it\/wp-json\/wp\/v2\/types\/product"}],"wp:featuredmedia":[{"embeddable":true,"href":"https:\/\/www.fecarotta.com\/it\/wp-json\/wp\/v2\/media\/106569"}],"wp:attachment":[{"href":"https:\/\/www.fecarotta.com\/it\/wp-json\/wp\/v2\/media?parent=106512"}],"wp:term":[{"taxonomy":"product_brand","embeddable":true,"href":"https:\/\/www.fecarotta.com\/it\/wp-json\/wp\/v2\/product_brand?post=106512"},{"taxonomy":"product_cat","embeddable":true,"href":"https:\/\/www.fecarotta.com\/it\/wp-json\/wp\/v2\/product_cat?post=106512"},{"taxonomy":"product_tag","embeddable":true,"href":"https:\/\/www.fecarotta.com\/it\/wp-json\/wp\/v2\/product_tag?post=106512"}],"curies":[{"name":"wp","href":"https:\/\/api.w.org\/{rel}","templated":true}]}}