{"id":10566,"date":"2019-01-17T09:30:16","date_gmt":"2019-01-17T09:30:16","guid":{"rendered":"https:\/\/www.fecarotta.com\/prodotto\/eye-cornice-foto\/"},"modified":"2026-04-02T16:17:29","modified_gmt":"2026-04-02T16:17:29","slug":"eye-cornice-foto","status":"publish","type":"product","link":"https:\/\/www.fecarotta.com\/it\/prodotto\/eye-cornice-foto\/","title":{"rendered":"Eye Cornice Foto Baccarat"},"content":{"rendered":"<p>Eye Cornice Foto Baccarat.<\/p>\n<div class=\"product-short-description\" data-cbt=\"{&quot;event&quot;:&quot;eventCBT&quot;,&quot;eventTypes&quot;:&quot;link,change,hover&quot;,&quot;action&quot;:&quot;PDP Description&quot;,&quot;label&quot;:&quot;EYE CORNICE FOTO&quot;}\">\n<p data-cbt=\"{&quot;event&quot;:&quot;eventCBT&quot;,&quot;eventTypes&quot;:&quot;link,change,hover&quot;,&quot;action&quot;:&quot;PDP Description&quot;,&quot;label&quot;:&quot;EYE CORNICE FOTO&quot;}\">Cornici per foto con i fantastici tagli della Eye Collection: tagli orizzontali sul davanti e verticali sul retro che creano effetti affascinanti. Momenti memorabili: incorniciati.<\/p>\n<p data-cbt=\"{&quot;event&quot;:&quot;eventCBT&quot;,&quot;eventTypes&quot;:&quot;link,change,hover&quot;,&quot;action&quot;:&quot;PDP Description&quot;,&quot;label&quot;:&quot;EYE CORNICE FOTO&quot;}\">\n<\/div>\n<div class=\"row\">\n<div class=\"small-6 columns text-bold\">Altezza 23.5 cm<\/div>\n<\/div>\n<div class=\"row\">\n<div class=\"small-6 columns text-bold\">Larghezza 6 cm<\/div>\n<\/div>\n<div class=\"row\">\n<div class=\"small-6 columns text-bold\">Lunghezza 18.5 cm<\/div>\n<\/div>\n<div class=\"row\">\n<div class=\"small-6 columns text-bold\">Peso 1.8 kg<\/div>\n<\/div>\n<div class=\"row\">\n<div><\/div>\n<div class=\"small-6 columns text-bold\">Designer: NICOLAS TRIBOULOT<\/div>\n<\/div>\n","protected":false},"excerpt":{"rendered":"<p class=\"product-name\" data-cbt=\"null\">Baccarat Eye Cornice Foto.<\/p>\n","protected":false},"featured_media":110744,"template":"","meta":{"_acf_changed":false},"product_brand":[],"product_cat":[121,1807,113],"product_tag":[],"class_list":{"0":"post-10566","1":"product","2":"type-product","3":"status-publish","4":"has-post-thumbnail","6":"product_cat-accessori-per-la-casa","7":"product_cat-home-design","8":"product_cat-porcellane-e-cristalli","9":"pa_brand-baccarat","10":"pa_collection-eye","12":"first","13":"instock","14":"purchasable","15":"product-type-simple","16":"add-to-wishlist-before_image"},"acf":[],"yoast_head":"<!-- This site is optimized with the Yoast SEO plugin v27.5 - https:\/\/yoast.com\/product\/yoast-seo-wordpress\/ -->\n<title>Eye Cornice Foto Baccarat - Fecarotta Gioielli<\/title>\n<meta name=\"description\" content=\"Eye Cornice Foto \u00e8 disponibile on line su Fecarotta.it. FG Fecarotta Gioielli ha una tradizione di oltre 200 anni ed \u00e8 tra le pi\u00f9 antiche d&#039;italia.\" \/>\n<meta name=\"robots\" content=\"index, follow, max-snippet:-1, max-image-preview:large, max-video-preview:-1\" \/>\n<link rel=\"canonical\" href=\"https:\/\/www.fecarotta.com\/it\/prodotto\/eye-cornice-foto\/\" \/>\n<meta property=\"og:locale\" content=\"it_IT\" \/>\n<meta property=\"og:type\" content=\"article\" \/>\n<meta property=\"og:title\" content=\"Eye Cornice Foto Baccarat - Fecarotta Gioielli\" \/>\n<meta property=\"og:description\" content=\"Eye Cornice Foto \u00e8 disponibile on line su Fecarotta.it. FG Fecarotta Gioielli ha una tradizione di oltre 200 anni ed \u00e8 tra le pi\u00f9 antiche d&#039;italia.\" \/>\n<meta property=\"og:url\" content=\"https:\/\/www.fecarotta.com\/it\/prodotto\/eye-cornice-foto\/\" \/>\n<meta property=\"og:site_name\" content=\"Fecarotta Gioielli\" \/>\n<meta property=\"article:publisher\" content=\"https:\/\/www.facebook.com\/fecarottagioielli\" \/>\n<meta property=\"article:modified_time\" content=\"2026-04-02T16:17:29+00:00\" \/>\n<meta property=\"og:image\" content=\"https:\/\/storage1208.cdn-immedia.net\/wp-content\/uploads\/2019\/01\/2805287_2.jpeg\" \/>\n\t<meta property=\"og:image:width\" content=\"1700\" \/>\n\t<meta property=\"og:image:height\" content=\"1700\" \/>\n\t<meta property=\"og:image:type\" content=\"image\/jpeg\" \/>\n<meta name=\"twitter:card\" content=\"summary_large_image\" \/>\n<script type=\"application\/ld+json\" class=\"yoast-schema-graph\">{\"@context\":\"https:\\\/\\\/schema.org\",\"@graph\":[{\"@type\":\"WebPage\",\"@id\":\"https:\\\/\\\/www.fecarotta.com\\\/it\\\/prodotto\\\/eye-cornice-foto\\\/\",\"url\":\"https:\\\/\\\/www.fecarotta.com\\\/it\\\/prodotto\\\/eye-cornice-foto\\\/\",\"name\":\"Eye Cornice Foto Baccarat - Fecarotta Gioielli\",\"isPartOf\":{\"@id\":\"https:\\\/\\\/www.fecarotta.com\\\/it\\\/#website\"},\"primaryImageOfPage\":{\"@id\":\"https:\\\/\\\/www.fecarotta.com\\\/it\\\/prodotto\\\/eye-cornice-foto\\\/#primaryimage\"},\"image\":{\"@id\":\"https:\\\/\\\/www.fecarotta.com\\\/it\\\/prodotto\\\/eye-cornice-foto\\\/#primaryimage\"},\"thumbnailUrl\":\"https:\\\/\\\/www.fecarotta.com\\\/wp-content\\\/uploads\\\/2019\\\/01\\\/2805287_2.jpeg\",\"datePublished\":\"2019-01-17T09:30:16+00:00\",\"dateModified\":\"2026-04-02T16:17:29+00:00\",\"description\":\"Eye Cornice Foto \u00e8 disponibile on line su Fecarotta.it. FG Fecarotta Gioielli ha una tradizione di oltre 200 anni ed \u00e8 tra le pi\u00f9 antiche d'italia.\",\"breadcrumb\":{\"@id\":\"https:\\\/\\\/www.fecarotta.com\\\/it\\\/prodotto\\\/eye-cornice-foto\\\/#breadcrumb\"},\"inLanguage\":\"it-IT\",\"potentialAction\":[{\"@type\":\"ReadAction\",\"target\":[\"https:\\\/\\\/www.fecarotta.com\\\/it\\\/prodotto\\\/eye-cornice-foto\\\/\"]}]},{\"@type\":\"ImageObject\",\"inLanguage\":\"it-IT\",\"@id\":\"https:\\\/\\\/www.fecarotta.com\\\/it\\\/prodotto\\\/eye-cornice-foto\\\/#primaryimage\",\"url\":\"https:\\\/\\\/www.fecarotta.com\\\/wp-content\\\/uploads\\\/2019\\\/01\\\/2805287_2.jpeg\",\"contentUrl\":\"https:\\\/\\\/www.fecarotta.com\\\/wp-content\\\/uploads\\\/2019\\\/01\\\/2805287_2.jpeg\",\"width\":1700,\"height\":1700},{\"@type\":\"BreadcrumbList\",\"@id\":\"https:\\\/\\\/www.fecarotta.com\\\/it\\\/prodotto\\\/eye-cornice-foto\\\/#breadcrumb\",\"itemListElement\":[{\"@type\":\"ListItem\",\"position\":1,\"name\":\"Home\",\"item\":\"https:\\\/\\\/www.fecarotta.com\\\/it\\\/\"},{\"@type\":\"ListItem\",\"position\":2,\"name\":\"Negozio\",\"item\":\"https:\\\/\\\/www.fecarotta.com\\\/it\\\/negozio\\\/\"},{\"@type\":\"ListItem\",\"position\":3,\"name\":\"Eye Cornice Foto Baccarat\"}]},{\"@type\":\"WebSite\",\"@id\":\"https:\\\/\\\/www.fecarotta.com\\\/it\\\/#website\",\"url\":\"https:\\\/\\\/www.fecarotta.com\\\/it\\\/\",\"name\":\"Fecarotta Gioielli\",\"description\":\"\",\"publisher\":{\"@id\":\"https:\\\/\\\/www.fecarotta.com\\\/it\\\/#organization\"},\"potentialAction\":[{\"@type\":\"SearchAction\",\"target\":{\"@type\":\"EntryPoint\",\"urlTemplate\":\"https:\\\/\\\/www.fecarotta.com\\\/it\\\/?s={search_term_string}\"},\"query-input\":{\"@type\":\"PropertyValueSpecification\",\"valueRequired\":true,\"valueName\":\"search_term_string\"}}],\"inLanguage\":\"it-IT\"},{\"@type\":\"Organization\",\"@id\":\"https:\\\/\\\/www.fecarotta.com\\\/it\\\/#organization\",\"name\":\"Fecarotta Gioielli\",\"url\":\"https:\\\/\\\/www.fecarotta.com\\\/it\\\/\",\"logo\":{\"@type\":\"ImageObject\",\"inLanguage\":\"it-IT\",\"@id\":\"https:\\\/\\\/www.fecarotta.com\\\/it\\\/#\\\/schema\\\/logo\\\/image\\\/\",\"url\":\"https:\\\/\\\/www.fecarotta.com\\\/wp-content\\\/uploads\\\/2025\\\/03\\\/logo-gmb-fecarotta.jpg\",\"contentUrl\":\"https:\\\/\\\/www.fecarotta.com\\\/wp-content\\\/uploads\\\/2025\\\/03\\\/logo-gmb-fecarotta.jpg\",\"width\":500,\"height\":500,\"caption\":\"Fecarotta Gioielli\"},\"image\":{\"@id\":\"https:\\\/\\\/www.fecarotta.com\\\/it\\\/#\\\/schema\\\/logo\\\/image\\\/\"},\"sameAs\":[\"https:\\\/\\\/www.facebook.com\\\/fecarottagioielli\",\"http:\\\/\\\/www.instagram.com\\\/fecarotta.it\",\"https:\\\/\\\/www.linkedin.com\\\/company\\\/fecarotta-it\\\/\",\"https:\\\/\\\/api.whatsapp.com\\\/send?phone=393913323691&text=Salve, vorrei qualche informazione in merito ai vostri prodotti.\"]}]}<\/script>\n<!-- \/ Yoast SEO plugin. -->","yoast_head_json":{"title":"Eye Cornice Foto Baccarat - Fecarotta Gioielli","description":"Eye Cornice Foto \u00e8 disponibile on line su Fecarotta.it. FG Fecarotta Gioielli ha una tradizione di oltre 200 anni ed \u00e8 tra le pi\u00f9 antiche d'italia.","robots":{"index":"index","follow":"follow","max-snippet":"max-snippet:-1","max-image-preview":"max-image-preview:large","max-video-preview":"max-video-preview:-1"},"canonical":"https:\/\/www.fecarotta.com\/it\/prodotto\/eye-cornice-foto\/","og_locale":"it_IT","og_type":"article","og_title":"Eye Cornice Foto Baccarat - Fecarotta Gioielli","og_description":"Eye Cornice Foto \u00e8 disponibile on line su Fecarotta.it. FG Fecarotta Gioielli ha una tradizione di oltre 200 anni ed \u00e8 tra le pi\u00f9 antiche d'italia.","og_url":"https:\/\/www.fecarotta.com\/it\/prodotto\/eye-cornice-foto\/","og_site_name":"Fecarotta Gioielli","article_publisher":"https:\/\/www.facebook.com\/fecarottagioielli","article_modified_time":"2026-04-02T16:17:29+00:00","og_image":[{"width":1700,"height":1700,"url":"https:\/\/storage1208.cdn-immedia.net\/wp-content\/uploads\/2019\/01\/2805287_2.jpeg","type":"image\/jpeg"}],"twitter_card":"summary_large_image","schema":{"@context":"https:\/\/schema.org","@graph":[{"@type":"WebPage","@id":"https:\/\/www.fecarotta.com\/it\/prodotto\/eye-cornice-foto\/","url":"https:\/\/www.fecarotta.com\/it\/prodotto\/eye-cornice-foto\/","name":"Eye Cornice Foto Baccarat - Fecarotta Gioielli","isPartOf":{"@id":"https:\/\/www.fecarotta.com\/it\/#website"},"primaryImageOfPage":{"@id":"https:\/\/www.fecarotta.com\/it\/prodotto\/eye-cornice-foto\/#primaryimage"},"image":{"@id":"https:\/\/www.fecarotta.com\/it\/prodotto\/eye-cornice-foto\/#primaryimage"},"thumbnailUrl":"https:\/\/storage1208.cdn-immedia.net\/wp-content\/uploads\/2019\/01\/2805287_2.jpeg","datePublished":"2019-01-17T09:30:16+00:00","dateModified":"2026-04-02T16:17:29+00:00","description":"Eye Cornice Foto \u00e8 disponibile on line su Fecarotta.it. FG Fecarotta Gioielli ha una tradizione di oltre 200 anni ed \u00e8 tra le pi\u00f9 antiche d'italia.","breadcrumb":{"@id":"https:\/\/www.fecarotta.com\/it\/prodotto\/eye-cornice-foto\/#breadcrumb"},"inLanguage":"it-IT","potentialAction":[{"@type":"ReadAction","target":["https:\/\/www.fecarotta.com\/it\/prodotto\/eye-cornice-foto\/"]}]},{"@type":"ImageObject","inLanguage":"it-IT","@id":"https:\/\/www.fecarotta.com\/it\/prodotto\/eye-cornice-foto\/#primaryimage","url":"https:\/\/storage1208.cdn-immedia.net\/wp-content\/uploads\/2019\/01\/2805287_2.jpeg","contentUrl":"https:\/\/storage1208.cdn-immedia.net\/wp-content\/uploads\/2019\/01\/2805287_2.jpeg","width":1700,"height":1700},{"@type":"BreadcrumbList","@id":"https:\/\/www.fecarotta.com\/it\/prodotto\/eye-cornice-foto\/#breadcrumb","itemListElement":[{"@type":"ListItem","position":1,"name":"Home","item":"https:\/\/www.fecarotta.com\/it\/"},{"@type":"ListItem","position":2,"name":"Negozio","item":"https:\/\/www.fecarotta.com\/it\/negozio\/"},{"@type":"ListItem","position":3,"name":"Eye Cornice Foto Baccarat"}]},{"@type":"WebSite","@id":"https:\/\/www.fecarotta.com\/it\/#website","url":"https:\/\/www.fecarotta.com\/it\/","name":"Fecarotta Gioielli","description":"","publisher":{"@id":"https:\/\/www.fecarotta.com\/it\/#organization"},"potentialAction":[{"@type":"SearchAction","target":{"@type":"EntryPoint","urlTemplate":"https:\/\/www.fecarotta.com\/it\/?s={search_term_string}"},"query-input":{"@type":"PropertyValueSpecification","valueRequired":true,"valueName":"search_term_string"}}],"inLanguage":"it-IT"},{"@type":"Organization","@id":"https:\/\/www.fecarotta.com\/it\/#organization","name":"Fecarotta Gioielli","url":"https:\/\/www.fecarotta.com\/it\/","logo":{"@type":"ImageObject","inLanguage":"it-IT","@id":"https:\/\/www.fecarotta.com\/it\/#\/schema\/logo\/image\/","url":"https:\/\/storage1208.cdn-immedia.net\/wp-content\/uploads\/2025\/03\/logo-gmb-fecarotta.jpg","contentUrl":"https:\/\/storage1208.cdn-immedia.net\/wp-content\/uploads\/2025\/03\/logo-gmb-fecarotta.jpg","width":500,"height":500,"caption":"Fecarotta Gioielli"},"image":{"@id":"https:\/\/www.fecarotta.com\/it\/#\/schema\/logo\/image\/"},"sameAs":["https:\/\/www.facebook.com\/fecarottagioielli","http:\/\/www.instagram.com\/fecarotta.it","https:\/\/www.linkedin.com\/company\/fecarotta-it\/","https:\/\/api.whatsapp.com\/send?phone=393913323691&text=Salve, vorrei qualche informazione in merito ai vostri prodotti."]}]}},"_links":{"self":[{"href":"https:\/\/www.fecarotta.com\/it\/wp-json\/wp\/v2\/product\/10566","targetHints":{"allow":["GET"]}}],"collection":[{"href":"https:\/\/www.fecarotta.com\/it\/wp-json\/wp\/v2\/product"}],"about":[{"href":"https:\/\/www.fecarotta.com\/it\/wp-json\/wp\/v2\/types\/product"}],"wp:featuredmedia":[{"embeddable":true,"href":"https:\/\/www.fecarotta.com\/it\/wp-json\/wp\/v2\/media\/110744"}],"wp:attachment":[{"href":"https:\/\/www.fecarotta.com\/it\/wp-json\/wp\/v2\/media?parent=10566"}],"wp:term":[{"taxonomy":"product_brand","embeddable":true,"href":"https:\/\/www.fecarotta.com\/it\/wp-json\/wp\/v2\/product_brand?post=10566"},{"taxonomy":"product_cat","embeddable":true,"href":"https:\/\/www.fecarotta.com\/it\/wp-json\/wp\/v2\/product_cat?post=10566"},{"taxonomy":"product_tag","embeddable":true,"href":"https:\/\/www.fecarotta.com\/it\/wp-json\/wp\/v2\/product_tag?post=10566"}],"curies":[{"name":"wp","href":"https:\/\/api.w.org\/{rel}","templated":true}]}}