{"id":105609,"date":"2022-02-15T09:42:16","date_gmt":"2022-02-15T09:42:16","guid":{"rendered":"https:\/\/www.fecarotta.com\/?post_type=product&#038;p=105609"},"modified":"2025-12-20T18:52:31","modified_gmt":"2025-12-20T18:52:31","slug":"anello-gio-oro-rosa-diamanti-neri-e-borchie","status":"publish","type":"product","link":"https:\/\/www.fecarotta.com\/it\/prodotto\/anello-gio-oro-rosa-diamanti-neri-e-borchie\/","title":{"rendered":"Anello Gi\u00f2 Oro Rosa Diamanti neri e borchie"},"content":{"rendered":"<p>Anello Gi\u00f2 Oro Rosa Diamanti neri e borchie<\/p>\n<p>Gi\u00f2 Collection<\/p>\n<p>Ogni gioiello \u008f corredato da un certificato di garanzia con foto e caratteristiche che ne attestano la qualit\u00e0 ed autenticit\u00e0. Tutti i nostri gioielli con brillanti e pietre preziose sono corredati da un certificato di autenticit\u00e0.<\/p>\n<p>&nbsp;<\/p>\n<h4 class=\"js-el heading-tag la-unit-responsive\">F.G. Fecarotta Gioielli; Oltre due secoli di storia.<\/h4>\n<div class=\"js-el subheading-tag la-unit-responsive\">\n<p class=\"p1\"><strong>Siamo gioiellieri, da oltre 200 anni.<\/strong><\/p>\n<p class=\"p1\">Realizziamo collezioni di gioielli classici, di manifattura, definiti da un\u2019altissima qualit\u00e0 delle pietre lavorate.<\/p>\n<\/div>\n<p>&nbsp;<\/p>\n<p><a href=\"https:\/\/www.fecarotta.com\/it\/fecarotta-gioielli-company\/\" target=\"_blank\" rel=\"noopener noreferrer\">La nostra Azienda<\/a><\/p>\n","protected":false},"excerpt":{"rendered":"<p class=\"p1\">Anello Gi\u00f2 Oro Rosa Diamanti neri e borchie<\/p>\n<p class=\"p1\">Anello oro rosa con 10 diamanti black ct.0,67<\/p>\n<p>&nbsp;<\/p>\n","protected":false},"featured_media":105638,"template":"","meta":{"_acf_changed":false},"product_brand":[],"product_cat":[96,2381,27,1168,2304],"product_tag":[],"class_list":{"0":"post-105609","1":"product","2":"type-product","3":"status-publish","4":"has-post-thumbnail","6":"product_cat-anelli","7":"product_cat-fedine-e-verette","8":"product_cat-gioielli","9":"product_cat-innamorati","10":"product_cat-uomo","11":"pa_brand-fecarotta","12":"pa_collection-gio","13":"pa_gender-uomo","14":"pa_size-807","15":"pa_size-958","16":"pa_size-893","18":"first","19":"onbackorder","20":"purchasable","21":"product-type-variable","22":"add-to-wishlist-before_image"},"acf":[],"yoast_head":"<!-- This site is optimized with the Yoast SEO plugin v27.5 - https:\/\/yoast.com\/product\/yoast-seo-wordpress\/ -->\n<title>Anello Gi\u00f2 Oro Rosa Diamanti neri e borchie - Fecarotta Gioielli<\/title>\n<meta name=\"description\" content=\"Acquista online con codice sconto Anello Gi\u00f2 Oro Rosa Diamanti neri e borchie . Spedizioni in tutto il mondo con corriere assicurato\" \/>\n<meta name=\"robots\" content=\"index, follow, max-snippet:-1, max-image-preview:large, max-video-preview:-1\" \/>\n<link rel=\"canonical\" href=\"https:\/\/www.fecarotta.com\/it\/prodotto\/anello-gio-oro-rosa-diamanti-neri-e-borchie\/\" \/>\n<meta property=\"og:locale\" content=\"it_IT\" \/>\n<meta property=\"og:type\" content=\"article\" \/>\n<meta property=\"og:title\" content=\"Anello Gi\u00f2 Oro Rosa Diamanti neri e borchie - Fecarotta Gioielli\" \/>\n<meta property=\"og:description\" content=\"Acquista online con codice sconto Anello Gi\u00f2 Oro Rosa Diamanti neri e borchie . Spedizioni in tutto il mondo con corriere assicurato\" \/>\n<meta property=\"og:url\" content=\"https:\/\/www.fecarotta.com\/it\/prodotto\/anello-gio-oro-rosa-diamanti-neri-e-borchie\/\" \/>\n<meta property=\"og:site_name\" content=\"Fecarotta Gioielli\" \/>\n<meta property=\"article:publisher\" content=\"https:\/\/www.facebook.com\/fecarottagioielli\" \/>\n<meta property=\"article:modified_time\" content=\"2025-12-20T18:52:31+00:00\" \/>\n<meta property=\"og:image\" content=\"https:\/\/storage1208.cdn-immedia.net\/wp-content\/uploads\/2022\/02\/G15365G.jpg\" \/>\n\t<meta property=\"og:image:width\" content=\"1080\" \/>\n\t<meta property=\"og:image:height\" content=\"1080\" \/>\n\t<meta property=\"og:image:type\" content=\"image\/jpeg\" \/>\n<meta name=\"twitter:card\" content=\"summary_large_image\" \/>\n<meta name=\"twitter:label1\" content=\"Tempo di lettura stimato\" \/>\n\t<meta name=\"twitter:data1\" content=\"1 minuto\" \/>\n<script type=\"application\/ld+json\" class=\"yoast-schema-graph\">{\"@context\":\"https:\\\/\\\/schema.org\",\"@graph\":[{\"@type\":\"WebPage\",\"@id\":\"https:\\\/\\\/www.fecarotta.com\\\/it\\\/prodotto\\\/anello-gio-oro-rosa-diamanti-neri-e-borchie\\\/\",\"url\":\"https:\\\/\\\/www.fecarotta.com\\\/it\\\/prodotto\\\/anello-gio-oro-rosa-diamanti-neri-e-borchie\\\/\",\"name\":\"Anello Gi\u00f2 Oro Rosa Diamanti neri e borchie - Fecarotta Gioielli\",\"isPartOf\":{\"@id\":\"https:\\\/\\\/www.fecarotta.com\\\/it\\\/#website\"},\"primaryImageOfPage\":{\"@id\":\"https:\\\/\\\/www.fecarotta.com\\\/it\\\/prodotto\\\/anello-gio-oro-rosa-diamanti-neri-e-borchie\\\/#primaryimage\"},\"image\":{\"@id\":\"https:\\\/\\\/www.fecarotta.com\\\/it\\\/prodotto\\\/anello-gio-oro-rosa-diamanti-neri-e-borchie\\\/#primaryimage\"},\"thumbnailUrl\":\"https:\\\/\\\/www.fecarotta.com\\\/wp-content\\\/uploads\\\/2022\\\/02\\\/G15365G.jpg\",\"datePublished\":\"2022-02-15T09:42:16+00:00\",\"dateModified\":\"2025-12-20T18:52:31+00:00\",\"description\":\"Acquista online con codice sconto Anello Gi\u00f2 Oro Rosa Diamanti neri e borchie . Spedizioni in tutto il mondo con corriere assicurato\",\"breadcrumb\":{\"@id\":\"https:\\\/\\\/www.fecarotta.com\\\/it\\\/prodotto\\\/anello-gio-oro-rosa-diamanti-neri-e-borchie\\\/#breadcrumb\"},\"inLanguage\":\"it-IT\",\"potentialAction\":[{\"@type\":\"ReadAction\",\"target\":[\"https:\\\/\\\/www.fecarotta.com\\\/it\\\/prodotto\\\/anello-gio-oro-rosa-diamanti-neri-e-borchie\\\/\"]}]},{\"@type\":\"ImageObject\",\"inLanguage\":\"it-IT\",\"@id\":\"https:\\\/\\\/www.fecarotta.com\\\/it\\\/prodotto\\\/anello-gio-oro-rosa-diamanti-neri-e-borchie\\\/#primaryimage\",\"url\":\"https:\\\/\\\/www.fecarotta.com\\\/wp-content\\\/uploads\\\/2022\\\/02\\\/G15365G.jpg\",\"contentUrl\":\"https:\\\/\\\/www.fecarotta.com\\\/wp-content\\\/uploads\\\/2022\\\/02\\\/G15365G.jpg\",\"width\":1080,\"height\":1080,\"caption\":\"Anello Gi\u00f2 Oro Rosa Diamanti neri e borchie Gi\u00f2 ring Rose Gold Black diamonds and studs sconto discount\"},{\"@type\":\"BreadcrumbList\",\"@id\":\"https:\\\/\\\/www.fecarotta.com\\\/it\\\/prodotto\\\/anello-gio-oro-rosa-diamanti-neri-e-borchie\\\/#breadcrumb\",\"itemListElement\":[{\"@type\":\"ListItem\",\"position\":1,\"name\":\"Home\",\"item\":\"https:\\\/\\\/www.fecarotta.com\\\/it\\\/\"},{\"@type\":\"ListItem\",\"position\":2,\"name\":\"Negozio\",\"item\":\"https:\\\/\\\/www.fecarotta.com\\\/it\\\/negozio\\\/\"},{\"@type\":\"ListItem\",\"position\":3,\"name\":\"Anello Gi\u00f2 Oro Rosa Diamanti neri e borchie\"}]},{\"@type\":\"WebSite\",\"@id\":\"https:\\\/\\\/www.fecarotta.com\\\/it\\\/#website\",\"url\":\"https:\\\/\\\/www.fecarotta.com\\\/it\\\/\",\"name\":\"Fecarotta Gioielli\",\"description\":\"\",\"publisher\":{\"@id\":\"https:\\\/\\\/www.fecarotta.com\\\/it\\\/#organization\"},\"potentialAction\":[{\"@type\":\"SearchAction\",\"target\":{\"@type\":\"EntryPoint\",\"urlTemplate\":\"https:\\\/\\\/www.fecarotta.com\\\/it\\\/?s={search_term_string}\"},\"query-input\":{\"@type\":\"PropertyValueSpecification\",\"valueRequired\":true,\"valueName\":\"search_term_string\"}}],\"inLanguage\":\"it-IT\"},{\"@type\":\"Organization\",\"@id\":\"https:\\\/\\\/www.fecarotta.com\\\/it\\\/#organization\",\"name\":\"Fecarotta Gioielli\",\"url\":\"https:\\\/\\\/www.fecarotta.com\\\/it\\\/\",\"logo\":{\"@type\":\"ImageObject\",\"inLanguage\":\"it-IT\",\"@id\":\"https:\\\/\\\/www.fecarotta.com\\\/it\\\/#\\\/schema\\\/logo\\\/image\\\/\",\"url\":\"https:\\\/\\\/www.fecarotta.com\\\/wp-content\\\/uploads\\\/2025\\\/03\\\/logo-gmb-fecarotta.jpg\",\"contentUrl\":\"https:\\\/\\\/www.fecarotta.com\\\/wp-content\\\/uploads\\\/2025\\\/03\\\/logo-gmb-fecarotta.jpg\",\"width\":500,\"height\":500,\"caption\":\"Fecarotta Gioielli\"},\"image\":{\"@id\":\"https:\\\/\\\/www.fecarotta.com\\\/it\\\/#\\\/schema\\\/logo\\\/image\\\/\"},\"sameAs\":[\"https:\\\/\\\/www.facebook.com\\\/fecarottagioielli\",\"http:\\\/\\\/www.instagram.com\\\/fecarotta.it\",\"https:\\\/\\\/www.linkedin.com\\\/company\\\/fecarotta-it\\\/\",\"https:\\\/\\\/api.whatsapp.com\\\/send?phone=393913323691&text=Salve, vorrei qualche informazione in merito ai vostri prodotti.\"]}]}<\/script>\n<!-- \/ Yoast SEO plugin. -->","yoast_head_json":{"title":"Anello Gi\u00f2 Oro Rosa Diamanti neri e borchie - Fecarotta Gioielli","description":"Acquista online con codice sconto Anello Gi\u00f2 Oro Rosa Diamanti neri e borchie . Spedizioni in tutto il mondo con corriere assicurato","robots":{"index":"index","follow":"follow","max-snippet":"max-snippet:-1","max-image-preview":"max-image-preview:large","max-video-preview":"max-video-preview:-1"},"canonical":"https:\/\/www.fecarotta.com\/it\/prodotto\/anello-gio-oro-rosa-diamanti-neri-e-borchie\/","og_locale":"it_IT","og_type":"article","og_title":"Anello Gi\u00f2 Oro Rosa Diamanti neri e borchie - Fecarotta Gioielli","og_description":"Acquista online con codice sconto Anello Gi\u00f2 Oro Rosa Diamanti neri e borchie . Spedizioni in tutto il mondo con corriere assicurato","og_url":"https:\/\/www.fecarotta.com\/it\/prodotto\/anello-gio-oro-rosa-diamanti-neri-e-borchie\/","og_site_name":"Fecarotta Gioielli","article_publisher":"https:\/\/www.facebook.com\/fecarottagioielli","article_modified_time":"2025-12-20T18:52:31+00:00","og_image":[{"width":1080,"height":1080,"url":"https:\/\/storage1208.cdn-immedia.net\/wp-content\/uploads\/2022\/02\/G15365G.jpg","type":"image\/jpeg"}],"twitter_card":"summary_large_image","twitter_misc":{"Tempo di lettura stimato":"1 minuto"},"schema":{"@context":"https:\/\/schema.org","@graph":[{"@type":"WebPage","@id":"https:\/\/www.fecarotta.com\/it\/prodotto\/anello-gio-oro-rosa-diamanti-neri-e-borchie\/","url":"https:\/\/www.fecarotta.com\/it\/prodotto\/anello-gio-oro-rosa-diamanti-neri-e-borchie\/","name":"Anello Gi\u00f2 Oro Rosa Diamanti neri e borchie - Fecarotta Gioielli","isPartOf":{"@id":"https:\/\/www.fecarotta.com\/it\/#website"},"primaryImageOfPage":{"@id":"https:\/\/www.fecarotta.com\/it\/prodotto\/anello-gio-oro-rosa-diamanti-neri-e-borchie\/#primaryimage"},"image":{"@id":"https:\/\/www.fecarotta.com\/it\/prodotto\/anello-gio-oro-rosa-diamanti-neri-e-borchie\/#primaryimage"},"thumbnailUrl":"https:\/\/storage1208.cdn-immedia.net\/wp-content\/uploads\/2022\/02\/G15365G.jpg","datePublished":"2022-02-15T09:42:16+00:00","dateModified":"2025-12-20T18:52:31+00:00","description":"Acquista online con codice sconto Anello Gi\u00f2 Oro Rosa Diamanti neri e borchie . Spedizioni in tutto il mondo con corriere assicurato","breadcrumb":{"@id":"https:\/\/www.fecarotta.com\/it\/prodotto\/anello-gio-oro-rosa-diamanti-neri-e-borchie\/#breadcrumb"},"inLanguage":"it-IT","potentialAction":[{"@type":"ReadAction","target":["https:\/\/www.fecarotta.com\/it\/prodotto\/anello-gio-oro-rosa-diamanti-neri-e-borchie\/"]}]},{"@type":"ImageObject","inLanguage":"it-IT","@id":"https:\/\/www.fecarotta.com\/it\/prodotto\/anello-gio-oro-rosa-diamanti-neri-e-borchie\/#primaryimage","url":"https:\/\/storage1208.cdn-immedia.net\/wp-content\/uploads\/2022\/02\/G15365G.jpg","contentUrl":"https:\/\/storage1208.cdn-immedia.net\/wp-content\/uploads\/2022\/02\/G15365G.jpg","width":1080,"height":1080,"caption":"Anello Gi\u00f2 Oro Rosa Diamanti neri e borchie Gi\u00f2 ring Rose Gold Black diamonds and studs sconto discount"},{"@type":"BreadcrumbList","@id":"https:\/\/www.fecarotta.com\/it\/prodotto\/anello-gio-oro-rosa-diamanti-neri-e-borchie\/#breadcrumb","itemListElement":[{"@type":"ListItem","position":1,"name":"Home","item":"https:\/\/www.fecarotta.com\/it\/"},{"@type":"ListItem","position":2,"name":"Negozio","item":"https:\/\/www.fecarotta.com\/it\/negozio\/"},{"@type":"ListItem","position":3,"name":"Anello Gi\u00f2 Oro Rosa Diamanti neri e borchie"}]},{"@type":"WebSite","@id":"https:\/\/www.fecarotta.com\/it\/#website","url":"https:\/\/www.fecarotta.com\/it\/","name":"Fecarotta Gioielli","description":"","publisher":{"@id":"https:\/\/www.fecarotta.com\/it\/#organization"},"potentialAction":[{"@type":"SearchAction","target":{"@type":"EntryPoint","urlTemplate":"https:\/\/www.fecarotta.com\/it\/?s={search_term_string}"},"query-input":{"@type":"PropertyValueSpecification","valueRequired":true,"valueName":"search_term_string"}}],"inLanguage":"it-IT"},{"@type":"Organization","@id":"https:\/\/www.fecarotta.com\/it\/#organization","name":"Fecarotta Gioielli","url":"https:\/\/www.fecarotta.com\/it\/","logo":{"@type":"ImageObject","inLanguage":"it-IT","@id":"https:\/\/www.fecarotta.com\/it\/#\/schema\/logo\/image\/","url":"https:\/\/storage1208.cdn-immedia.net\/wp-content\/uploads\/2025\/03\/logo-gmb-fecarotta.jpg","contentUrl":"https:\/\/storage1208.cdn-immedia.net\/wp-content\/uploads\/2025\/03\/logo-gmb-fecarotta.jpg","width":500,"height":500,"caption":"Fecarotta Gioielli"},"image":{"@id":"https:\/\/www.fecarotta.com\/it\/#\/schema\/logo\/image\/"},"sameAs":["https:\/\/www.facebook.com\/fecarottagioielli","http:\/\/www.instagram.com\/fecarotta.it","https:\/\/www.linkedin.com\/company\/fecarotta-it\/","https:\/\/api.whatsapp.com\/send?phone=393913323691&text=Salve, vorrei qualche informazione in merito ai vostri prodotti."]}]}},"_links":{"self":[{"href":"https:\/\/www.fecarotta.com\/it\/wp-json\/wp\/v2\/product\/105609","targetHints":{"allow":["GET"]}}],"collection":[{"href":"https:\/\/www.fecarotta.com\/it\/wp-json\/wp\/v2\/product"}],"about":[{"href":"https:\/\/www.fecarotta.com\/it\/wp-json\/wp\/v2\/types\/product"}],"wp:featuredmedia":[{"embeddable":true,"href":"https:\/\/www.fecarotta.com\/it\/wp-json\/wp\/v2\/media\/105638"}],"wp:attachment":[{"href":"https:\/\/www.fecarotta.com\/it\/wp-json\/wp\/v2\/media?parent=105609"}],"wp:term":[{"taxonomy":"product_brand","embeddable":true,"href":"https:\/\/www.fecarotta.com\/it\/wp-json\/wp\/v2\/product_brand?post=105609"},{"taxonomy":"product_cat","embeddable":true,"href":"https:\/\/www.fecarotta.com\/it\/wp-json\/wp\/v2\/product_cat?post=105609"},{"taxonomy":"product_tag","embeddable":true,"href":"https:\/\/www.fecarotta.com\/it\/wp-json\/wp\/v2\/product_tag?post=105609"}],"curies":[{"name":"wp","href":"https:\/\/api.w.org\/{rel}","templated":true}]}}