{"id":105480,"date":"2021-02-09T17:57:01","date_gmt":"2021-02-09T17:57:01","guid":{"rendered":"https:\/\/www.fecarotta.com\/?post_type=product&#038;p=105480"},"modified":"2026-01-15T15:44:34","modified_gmt":"2026-01-15T15:44:34","slug":"vhernier-bracciale-calla-oro-rosa-el-26","status":"publish","type":"product","link":"https:\/\/www.fecarotta.com\/it\/prodotto\/vhernier-bracciale-calla-oro-rosa-el-26\/","title":{"rendered":"VHERNIER Bracciale Calla Oro Rosa EL 26"},"content":{"rendered":"<div id=\"product-details\" class=\"accordion-drawer\">\n<div class=\"product-detail\">\n<p>VHERNIER Bracciale Calla Oro Rosa EL 26<\/p>\n<\/div>\n<\/div>\n<h4>Vhernier: vanto dell&#8217;oreficeria italiana nel Mondo<\/h4>\n<div id=\"product-details\" class=\"accordion-drawer\">\n<div class=\"col-12 col-md-6 offset-md-3\">\n<p>L\u2019ARTE ORAFA DI VHERNIER, FRA VISIONI E PRODIGI<\/p>\n<\/div>\n<div class=\"col-12 col-md-10 offset-md-1 txt\">\n<p>Vhernier ha da subito identificato nella tradizione orafa artigiana italiana l\u2019unica possibile via per realizzare i suoi gioielli visionari. Ha pertanto selezionato i Maestri Orafi pi\u00f9 esperti e talentuosi, preparati a realizzare ogni virtuosismo e ogni audace follia, immergendoli nella cultura del marchio e richiedendo rigorosi standard di qualit\u00e0.<\/p>\n<p>All\u2019interno dei laboratori, le conoscenze secolari dell\u2019arte orafa italiana si combinano con l\u2019innovazione pi\u00f9 sofisticata. Seguendo la sua vocazione di pioniere del gioiello contemporaneo, Vhernier si \u00e8 spinto oltre il gi\u00e0 saputo, per creare nuove forme di bellezza, diventate espressioni inconfondibili del marchio.<\/p>\n<\/div>\n<\/div>\n<div id=\"product-details\" class=\"accordion-drawer\">\n<div class=\"product-detail\">\n<p><a href=\"https:\/\/www.youtube.com\/channel\/UC_qRmud2gk_XmToFhwmrkuw\/featured\">Vhernier Official Channel<\/a><\/p>\n<p><a href=\"https:\/\/www.fecarotta.com\/it\/fecarotta-gioielli-company\/\" target=\"_blank\" rel=\"noopener noreferrer\">La nostra Azienda<\/a><\/p>\n<p>&nbsp;<\/p>\n<\/div>\n<\/div>\n","protected":false},"excerpt":{"rendered":"<p>VHERNIER Bracciale Calla Oro Rosa EL 26<\/p>\n<p>Oro rosa 18 kt<\/p>\n<p>I coni curvi sono uniti insieme\u00a0 in una spirale che genera l&#8217;eleganza scultorea di questo avvolgente braccialetto in oro rosa 18 carati.<\/p>\n","protected":false},"featured_media":105482,"template":"","meta":{"_acf_changed":false},"product_brand":[],"product_cat":[28,2310,27],"product_tag":[],"class_list":{"0":"post-105480","1":"product","2":"type-product","3":"status-publish","4":"has-post-thumbnail","6":"product_cat-bracciali","7":"product_cat-donna","8":"product_cat-gioielli","9":"pa_brand-vhernier","10":"pa_collection-calla","11":"pa_gender-donna","13":"first","14":"onbackorder","15":"shipping-taxable","16":"purchasable","17":"product-type-simple","18":"add-to-wishlist-before_image"},"acf":[],"yoast_head":"<!-- This site is optimized with the Yoast SEO plugin v27.5 - https:\/\/yoast.com\/product\/yoast-seo-wordpress\/ -->\n<title>VHERNIER Bracciale Calla Oro Rosa EL 26 - Fecarotta Gioielli<\/title>\n<meta name=\"description\" content=\"Acquista online con codice sconto su fecarotta.com VHERNIER Bracciale Calla Oro Rosa EL 26, spediamo nel Mondo con corriere assicurato\" \/>\n<meta name=\"robots\" content=\"index, follow, max-snippet:-1, max-image-preview:large, max-video-preview:-1\" \/>\n<link rel=\"canonical\" href=\"https:\/\/www.fecarotta.com\/it\/prodotto\/vhernier-bracciale-calla-oro-rosa-el-26\/\" \/>\n<meta property=\"og:locale\" content=\"it_IT\" \/>\n<meta property=\"og:type\" content=\"article\" \/>\n<meta property=\"og:title\" content=\"VHERNIER Bracciale Calla Oro Rosa EL 26 - Fecarotta Gioielli\" \/>\n<meta property=\"og:description\" content=\"Acquista online con codice sconto su fecarotta.com VHERNIER Bracciale Calla Oro Rosa EL 26, spediamo nel Mondo con corriere assicurato\" \/>\n<meta property=\"og:url\" content=\"https:\/\/www.fecarotta.com\/it\/prodotto\/vhernier-bracciale-calla-oro-rosa-el-26\/\" \/>\n<meta property=\"og:site_name\" content=\"Fecarotta Gioielli\" \/>\n<meta property=\"article:publisher\" content=\"https:\/\/www.facebook.com\/fecarottagioielli\" \/>\n<meta property=\"article:modified_time\" content=\"2026-01-15T15:44:34+00:00\" \/>\n<meta property=\"og:image\" content=\"https:\/\/storage1208.cdn-immedia.net\/wp-content\/uploads\/2022\/02\/vhernier-0N1652BR160-.jpeg\" \/>\n\t<meta property=\"og:image:width\" content=\"1080\" \/>\n\t<meta property=\"og:image:height\" content=\"1080\" \/>\n\t<meta property=\"og:image:type\" content=\"image\/jpeg\" \/>\n<meta name=\"twitter:card\" content=\"summary_large_image\" \/>\n<meta name=\"twitter:label1\" content=\"Tempo di lettura stimato\" \/>\n\t<meta name=\"twitter:data1\" content=\"1 minuto\" \/>\n<script type=\"application\/ld+json\" class=\"yoast-schema-graph\">{\"@context\":\"https:\\\/\\\/schema.org\",\"@graph\":[{\"@type\":\"WebPage\",\"@id\":\"https:\\\/\\\/www.fecarotta.com\\\/it\\\/prodotto\\\/vhernier-bracciale-calla-oro-rosa-el-26\\\/\",\"url\":\"https:\\\/\\\/www.fecarotta.com\\\/it\\\/prodotto\\\/vhernier-bracciale-calla-oro-rosa-el-26\\\/\",\"name\":\"VHERNIER Bracciale Calla Oro Rosa EL 26 - Fecarotta Gioielli\",\"isPartOf\":{\"@id\":\"https:\\\/\\\/www.fecarotta.com\\\/it\\\/#website\"},\"primaryImageOfPage\":{\"@id\":\"https:\\\/\\\/www.fecarotta.com\\\/it\\\/prodotto\\\/vhernier-bracciale-calla-oro-rosa-el-26\\\/#primaryimage\"},\"image\":{\"@id\":\"https:\\\/\\\/www.fecarotta.com\\\/it\\\/prodotto\\\/vhernier-bracciale-calla-oro-rosa-el-26\\\/#primaryimage\"},\"thumbnailUrl\":\"https:\\\/\\\/www.fecarotta.com\\\/wp-content\\\/uploads\\\/2022\\\/02\\\/vhernier-0N1652BR160-.jpeg\",\"datePublished\":\"2021-02-09T17:57:01+00:00\",\"dateModified\":\"2026-01-15T15:44:34+00:00\",\"description\":\"Acquista online con codice sconto su fecarotta.com VHERNIER Bracciale Calla Oro Rosa EL 26, spediamo nel Mondo con corriere assicurato\",\"breadcrumb\":{\"@id\":\"https:\\\/\\\/www.fecarotta.com\\\/it\\\/prodotto\\\/vhernier-bracciale-calla-oro-rosa-el-26\\\/#breadcrumb\"},\"inLanguage\":\"it-IT\",\"potentialAction\":[{\"@type\":\"ReadAction\",\"target\":[\"https:\\\/\\\/www.fecarotta.com\\\/it\\\/prodotto\\\/vhernier-bracciale-calla-oro-rosa-el-26\\\/\"]}]},{\"@type\":\"ImageObject\",\"inLanguage\":\"it-IT\",\"@id\":\"https:\\\/\\\/www.fecarotta.com\\\/it\\\/prodotto\\\/vhernier-bracciale-calla-oro-rosa-el-26\\\/#primaryimage\",\"url\":\"https:\\\/\\\/www.fecarotta.com\\\/wp-content\\\/uploads\\\/2022\\\/02\\\/vhernier-0N1652BR160-.jpeg\",\"contentUrl\":\"https:\\\/\\\/www.fecarotta.com\\\/wp-content\\\/uploads\\\/2022\\\/02\\\/vhernier-0N1652BR160-.jpeg\",\"width\":1080,\"height\":1080,\"caption\":\"VHERNIER Bracciale Calla Oro Rosa bracelet sconto discount\"},{\"@type\":\"BreadcrumbList\",\"@id\":\"https:\\\/\\\/www.fecarotta.com\\\/it\\\/prodotto\\\/vhernier-bracciale-calla-oro-rosa-el-26\\\/#breadcrumb\",\"itemListElement\":[{\"@type\":\"ListItem\",\"position\":1,\"name\":\"Home\",\"item\":\"https:\\\/\\\/www.fecarotta.com\\\/it\\\/\"},{\"@type\":\"ListItem\",\"position\":2,\"name\":\"Negozio\",\"item\":\"https:\\\/\\\/www.fecarotta.com\\\/it\\\/negozio\\\/\"},{\"@type\":\"ListItem\",\"position\":3,\"name\":\"VHERNIER Bracciale Calla Oro Rosa EL 26\"}]},{\"@type\":\"WebSite\",\"@id\":\"https:\\\/\\\/www.fecarotta.com\\\/it\\\/#website\",\"url\":\"https:\\\/\\\/www.fecarotta.com\\\/it\\\/\",\"name\":\"Fecarotta Gioielli\",\"description\":\"\",\"publisher\":{\"@id\":\"https:\\\/\\\/www.fecarotta.com\\\/it\\\/#organization\"},\"potentialAction\":[{\"@type\":\"SearchAction\",\"target\":{\"@type\":\"EntryPoint\",\"urlTemplate\":\"https:\\\/\\\/www.fecarotta.com\\\/it\\\/?s={search_term_string}\"},\"query-input\":{\"@type\":\"PropertyValueSpecification\",\"valueRequired\":true,\"valueName\":\"search_term_string\"}}],\"inLanguage\":\"it-IT\"},{\"@type\":\"Organization\",\"@id\":\"https:\\\/\\\/www.fecarotta.com\\\/it\\\/#organization\",\"name\":\"Fecarotta Gioielli\",\"url\":\"https:\\\/\\\/www.fecarotta.com\\\/it\\\/\",\"logo\":{\"@type\":\"ImageObject\",\"inLanguage\":\"it-IT\",\"@id\":\"https:\\\/\\\/www.fecarotta.com\\\/it\\\/#\\\/schema\\\/logo\\\/image\\\/\",\"url\":\"https:\\\/\\\/www.fecarotta.com\\\/wp-content\\\/uploads\\\/2025\\\/03\\\/logo-gmb-fecarotta.jpg\",\"contentUrl\":\"https:\\\/\\\/www.fecarotta.com\\\/wp-content\\\/uploads\\\/2025\\\/03\\\/logo-gmb-fecarotta.jpg\",\"width\":500,\"height\":500,\"caption\":\"Fecarotta Gioielli\"},\"image\":{\"@id\":\"https:\\\/\\\/www.fecarotta.com\\\/it\\\/#\\\/schema\\\/logo\\\/image\\\/\"},\"sameAs\":[\"https:\\\/\\\/www.facebook.com\\\/fecarottagioielli\",\"http:\\\/\\\/www.instagram.com\\\/fecarotta.it\",\"https:\\\/\\\/www.linkedin.com\\\/company\\\/fecarotta-it\\\/\",\"https:\\\/\\\/api.whatsapp.com\\\/send?phone=393913323691&text=Salve, vorrei qualche informazione in merito ai vostri prodotti.\"]}]}<\/script>\n<!-- \/ Yoast SEO plugin. -->","yoast_head_json":{"title":"VHERNIER Bracciale Calla Oro Rosa EL 26 - Fecarotta Gioielli","description":"Acquista online con codice sconto su fecarotta.com VHERNIER Bracciale Calla Oro Rosa EL 26, spediamo nel Mondo con corriere assicurato","robots":{"index":"index","follow":"follow","max-snippet":"max-snippet:-1","max-image-preview":"max-image-preview:large","max-video-preview":"max-video-preview:-1"},"canonical":"https:\/\/www.fecarotta.com\/it\/prodotto\/vhernier-bracciale-calla-oro-rosa-el-26\/","og_locale":"it_IT","og_type":"article","og_title":"VHERNIER Bracciale Calla Oro Rosa EL 26 - Fecarotta Gioielli","og_description":"Acquista online con codice sconto su fecarotta.com VHERNIER Bracciale Calla Oro Rosa EL 26, spediamo nel Mondo con corriere assicurato","og_url":"https:\/\/www.fecarotta.com\/it\/prodotto\/vhernier-bracciale-calla-oro-rosa-el-26\/","og_site_name":"Fecarotta Gioielli","article_publisher":"https:\/\/www.facebook.com\/fecarottagioielli","article_modified_time":"2026-01-15T15:44:34+00:00","og_image":[{"width":1080,"height":1080,"url":"https:\/\/storage1208.cdn-immedia.net\/wp-content\/uploads\/2022\/02\/vhernier-0N1652BR160-.jpeg","type":"image\/jpeg"}],"twitter_card":"summary_large_image","twitter_misc":{"Tempo di lettura stimato":"1 minuto"},"schema":{"@context":"https:\/\/schema.org","@graph":[{"@type":"WebPage","@id":"https:\/\/www.fecarotta.com\/it\/prodotto\/vhernier-bracciale-calla-oro-rosa-el-26\/","url":"https:\/\/www.fecarotta.com\/it\/prodotto\/vhernier-bracciale-calla-oro-rosa-el-26\/","name":"VHERNIER Bracciale Calla Oro Rosa EL 26 - Fecarotta Gioielli","isPartOf":{"@id":"https:\/\/www.fecarotta.com\/it\/#website"},"primaryImageOfPage":{"@id":"https:\/\/www.fecarotta.com\/it\/prodotto\/vhernier-bracciale-calla-oro-rosa-el-26\/#primaryimage"},"image":{"@id":"https:\/\/www.fecarotta.com\/it\/prodotto\/vhernier-bracciale-calla-oro-rosa-el-26\/#primaryimage"},"thumbnailUrl":"https:\/\/storage1208.cdn-immedia.net\/wp-content\/uploads\/2022\/02\/vhernier-0N1652BR160-.jpeg","datePublished":"2021-02-09T17:57:01+00:00","dateModified":"2026-01-15T15:44:34+00:00","description":"Acquista online con codice sconto su fecarotta.com VHERNIER Bracciale Calla Oro Rosa EL 26, spediamo nel Mondo con corriere assicurato","breadcrumb":{"@id":"https:\/\/www.fecarotta.com\/it\/prodotto\/vhernier-bracciale-calla-oro-rosa-el-26\/#breadcrumb"},"inLanguage":"it-IT","potentialAction":[{"@type":"ReadAction","target":["https:\/\/www.fecarotta.com\/it\/prodotto\/vhernier-bracciale-calla-oro-rosa-el-26\/"]}]},{"@type":"ImageObject","inLanguage":"it-IT","@id":"https:\/\/www.fecarotta.com\/it\/prodotto\/vhernier-bracciale-calla-oro-rosa-el-26\/#primaryimage","url":"https:\/\/storage1208.cdn-immedia.net\/wp-content\/uploads\/2022\/02\/vhernier-0N1652BR160-.jpeg","contentUrl":"https:\/\/storage1208.cdn-immedia.net\/wp-content\/uploads\/2022\/02\/vhernier-0N1652BR160-.jpeg","width":1080,"height":1080,"caption":"VHERNIER Bracciale Calla Oro Rosa bracelet sconto discount"},{"@type":"BreadcrumbList","@id":"https:\/\/www.fecarotta.com\/it\/prodotto\/vhernier-bracciale-calla-oro-rosa-el-26\/#breadcrumb","itemListElement":[{"@type":"ListItem","position":1,"name":"Home","item":"https:\/\/www.fecarotta.com\/it\/"},{"@type":"ListItem","position":2,"name":"Negozio","item":"https:\/\/www.fecarotta.com\/it\/negozio\/"},{"@type":"ListItem","position":3,"name":"VHERNIER Bracciale Calla Oro Rosa EL 26"}]},{"@type":"WebSite","@id":"https:\/\/www.fecarotta.com\/it\/#website","url":"https:\/\/www.fecarotta.com\/it\/","name":"Fecarotta Gioielli","description":"","publisher":{"@id":"https:\/\/www.fecarotta.com\/it\/#organization"},"potentialAction":[{"@type":"SearchAction","target":{"@type":"EntryPoint","urlTemplate":"https:\/\/www.fecarotta.com\/it\/?s={search_term_string}"},"query-input":{"@type":"PropertyValueSpecification","valueRequired":true,"valueName":"search_term_string"}}],"inLanguage":"it-IT"},{"@type":"Organization","@id":"https:\/\/www.fecarotta.com\/it\/#organization","name":"Fecarotta Gioielli","url":"https:\/\/www.fecarotta.com\/it\/","logo":{"@type":"ImageObject","inLanguage":"it-IT","@id":"https:\/\/www.fecarotta.com\/it\/#\/schema\/logo\/image\/","url":"https:\/\/storage1208.cdn-immedia.net\/wp-content\/uploads\/2025\/03\/logo-gmb-fecarotta.jpg","contentUrl":"https:\/\/storage1208.cdn-immedia.net\/wp-content\/uploads\/2025\/03\/logo-gmb-fecarotta.jpg","width":500,"height":500,"caption":"Fecarotta Gioielli"},"image":{"@id":"https:\/\/www.fecarotta.com\/it\/#\/schema\/logo\/image\/"},"sameAs":["https:\/\/www.facebook.com\/fecarottagioielli","http:\/\/www.instagram.com\/fecarotta.it","https:\/\/www.linkedin.com\/company\/fecarotta-it\/","https:\/\/api.whatsapp.com\/send?phone=393913323691&text=Salve, vorrei qualche informazione in merito ai vostri prodotti."]}]}},"_links":{"self":[{"href":"https:\/\/www.fecarotta.com\/it\/wp-json\/wp\/v2\/product\/105480","targetHints":{"allow":["GET"]}}],"collection":[{"href":"https:\/\/www.fecarotta.com\/it\/wp-json\/wp\/v2\/product"}],"about":[{"href":"https:\/\/www.fecarotta.com\/it\/wp-json\/wp\/v2\/types\/product"}],"wp:featuredmedia":[{"embeddable":true,"href":"https:\/\/www.fecarotta.com\/it\/wp-json\/wp\/v2\/media\/105482"}],"wp:attachment":[{"href":"https:\/\/www.fecarotta.com\/it\/wp-json\/wp\/v2\/media?parent=105480"}],"wp:term":[{"taxonomy":"product_brand","embeddable":true,"href":"https:\/\/www.fecarotta.com\/it\/wp-json\/wp\/v2\/product_brand?post=105480"},{"taxonomy":"product_cat","embeddable":true,"href":"https:\/\/www.fecarotta.com\/it\/wp-json\/wp\/v2\/product_cat?post=105480"},{"taxonomy":"product_tag","embeddable":true,"href":"https:\/\/www.fecarotta.com\/it\/wp-json\/wp\/v2\/product_tag?post=105480"}],"curies":[{"name":"wp","href":"https:\/\/api.w.org\/{rel}","templated":true}]}}