{"id":105423,"date":"2022-02-08T16:04:55","date_gmt":"2022-02-08T16:04:55","guid":{"rendered":"https:\/\/www.fecarotta.com\/?post_type=product&#038;p=105423"},"modified":"2026-01-15T15:01:09","modified_gmt":"2026-01-15T15:01:09","slug":"vhernier-anello-oro-bianco-abbraccio","status":"publish","type":"product","link":"https:\/\/www.fecarotta.com\/it\/prodotto\/vhernier-anello-oro-bianco-abbraccio\/","title":{"rendered":"Vhernier Anello oro bianco Abbraccio"},"content":{"rendered":"<p>VHERNIER ANELLO ORO BIANCO ABBRACCIO<\/p>\n<h3>Vhernier: vanto dell&#8217;oreficeria italiana nel Mondo<\/h3>\n<p>L\u2019ARTE ORAFA DI VHERNIER, FRA VISIONI E PRODIGI<\/p>\n<p>Vhernier ha da subito identificato nella tradizione orafa artigiana italiana l\u2019unica possibile via per realizzare i suoi gioielli visionari. Ha pertanto selezionato i Maestri Orafi pi\u00f9 esperti e talentuosi, preparati a realizzare ogni virtuosismo e ogni audace follia, immergendoli nella cultura del marchio e richiedendo rigorosi standard di qualit\u00e0.<\/p>\n<p>All\u2019interno dei laboratori, le conoscenze secolari dell\u2019arte orafa italiana si combinano con l\u2019innovazione pi\u00f9 sofisticata. Seguendo la sua vocazione di pioniere del gioiello contemporaneo, Vhernier si \u00e8 spinto oltre il gi\u00e0 saputo, per creare nuove forme di bellezza, diventate espressioni inconfondibili del marchio.<\/p>\n<p><a href=\"https:\/\/www.youtube.com\/channel\/UC_qRmud2gk_XmToFhwmrkuw\/featured\">Vhernier Official Channel<\/a><\/p>\n<p><a href=\"https:\/\/www.fecarotta.com\/it\/fecarotta-gioielli-company\/\" target=\"_blank\" rel=\"noopener noreferrer\">La nostra Azienda<\/a><\/p>\n","protected":false},"excerpt":{"rendered":"<p>VHERNIER ANELLO ORO BIANCO ABBRACCIO<br \/>\nAnello in oro bianco 18K al palladio non rodiato e diamanti. Diamanti 75, ct. 0,67. Qualit\u00e0 diamanti DEF, da IF a VVS.<br \/>\nBilanciatissimo eppure totalmente asimmetrico, questa versione in oro bianco \u00e8 illuminata da un profilo di magnifici diamanti. Ridotto nei volumi ma identico nella forma al classico anello Abbraccio, una delle icone Vhernier.<\/p>\n<p>Su richiesta l&#8217;anello pu\u00f2 essere rodiato<\/p>\n","protected":false},"featured_media":105429,"template":"","meta":{"_acf_changed":false},"product_brand":[],"product_cat":[96,2310,27,1168],"product_tag":[],"class_list":{"0":"post-105423","1":"product","2":"type-product","3":"status-publish","4":"has-post-thumbnail","6":"product_cat-anelli","7":"product_cat-donna","8":"product_cat-gioielli","9":"product_cat-innamorati","10":"pa_brand-vhernier","11":"pa_collection-abbraccio","12":"pa_gender-donna","13":"pa_size-2657","15":"first","16":"onbackorder","17":"shipping-taxable","18":"purchasable","19":"product-type-variable","20":"add-to-wishlist-before_image"},"acf":[],"yoast_head":"<!-- This site is optimized with the Yoast SEO plugin v27.5 - https:\/\/yoast.com\/product\/yoast-seo-wordpress\/ -->\n<title>Vhernier Anello oro bianco Abbraccio - Fecarotta Gioielli<\/title>\n<meta name=\"description\" content=\"Acquista online con codice sconto su fecarotta.com Vhernier Anello oro bianco Abbraccio, spediamo nel Mondo con corriere assicurato\" \/>\n<meta name=\"robots\" content=\"index, follow, max-snippet:-1, max-image-preview:large, max-video-preview:-1\" \/>\n<link rel=\"canonical\" href=\"https:\/\/www.fecarotta.com\/it\/prodotto\/vhernier-anello-oro-bianco-abbraccio\/\" \/>\n<meta property=\"og:locale\" content=\"it_IT\" \/>\n<meta property=\"og:type\" content=\"article\" \/>\n<meta property=\"og:title\" content=\"Vhernier Anello oro bianco Abbraccio - Fecarotta Gioielli\" \/>\n<meta property=\"og:description\" content=\"Acquista online con codice sconto su fecarotta.com Vhernier Anello oro bianco Abbraccio, spediamo nel Mondo con corriere assicurato\" \/>\n<meta property=\"og:url\" content=\"https:\/\/www.fecarotta.com\/it\/prodotto\/vhernier-anello-oro-bianco-abbraccio\/\" \/>\n<meta property=\"og:site_name\" content=\"Fecarotta Gioielli\" \/>\n<meta property=\"article:publisher\" content=\"https:\/\/www.facebook.com\/fecarottagioielli\" \/>\n<meta property=\"article:modified_time\" content=\"2026-01-15T15:01:09+00:00\" \/>\n<meta property=\"og:image\" content=\"https:\/\/storage1208.cdn-immedia.net\/wp-content\/uploads\/2022\/02\/vhernier-PG1511A_365_003.jpeg\" \/>\n\t<meta property=\"og:image:width\" content=\"1080\" \/>\n\t<meta property=\"og:image:height\" content=\"1080\" \/>\n\t<meta property=\"og:image:type\" content=\"image\/jpeg\" \/>\n<meta name=\"twitter:card\" content=\"summary_large_image\" \/>\n<meta name=\"twitter:label1\" content=\"Tempo di lettura stimato\" \/>\n\t<meta name=\"twitter:data1\" content=\"1 minuto\" \/>\n<script type=\"application\/ld+json\" class=\"yoast-schema-graph\">{\"@context\":\"https:\\\/\\\/schema.org\",\"@graph\":[{\"@type\":\"WebPage\",\"@id\":\"https:\\\/\\\/www.fecarotta.com\\\/it\\\/prodotto\\\/vhernier-anello-oro-bianco-abbraccio\\\/\",\"url\":\"https:\\\/\\\/www.fecarotta.com\\\/it\\\/prodotto\\\/vhernier-anello-oro-bianco-abbraccio\\\/\",\"name\":\"Vhernier Anello oro bianco Abbraccio - Fecarotta Gioielli\",\"isPartOf\":{\"@id\":\"https:\\\/\\\/www.fecarotta.com\\\/it\\\/#website\"},\"primaryImageOfPage\":{\"@id\":\"https:\\\/\\\/www.fecarotta.com\\\/it\\\/prodotto\\\/vhernier-anello-oro-bianco-abbraccio\\\/#primaryimage\"},\"image\":{\"@id\":\"https:\\\/\\\/www.fecarotta.com\\\/it\\\/prodotto\\\/vhernier-anello-oro-bianco-abbraccio\\\/#primaryimage\"},\"thumbnailUrl\":\"https:\\\/\\\/www.fecarotta.com\\\/wp-content\\\/uploads\\\/2022\\\/02\\\/vhernier-PG1511A_365_003.jpeg\",\"datePublished\":\"2022-02-08T16:04:55+00:00\",\"dateModified\":\"2026-01-15T15:01:09+00:00\",\"description\":\"Acquista online con codice sconto su fecarotta.com Vhernier Anello oro bianco Abbraccio, spediamo nel Mondo con corriere assicurato\",\"breadcrumb\":{\"@id\":\"https:\\\/\\\/www.fecarotta.com\\\/it\\\/prodotto\\\/vhernier-anello-oro-bianco-abbraccio\\\/#breadcrumb\"},\"inLanguage\":\"it-IT\",\"potentialAction\":[{\"@type\":\"ReadAction\",\"target\":[\"https:\\\/\\\/www.fecarotta.com\\\/it\\\/prodotto\\\/vhernier-anello-oro-bianco-abbraccio\\\/\"]}]},{\"@type\":\"ImageObject\",\"inLanguage\":\"it-IT\",\"@id\":\"https:\\\/\\\/www.fecarotta.com\\\/it\\\/prodotto\\\/vhernier-anello-oro-bianco-abbraccio\\\/#primaryimage\",\"url\":\"https:\\\/\\\/www.fecarotta.com\\\/wp-content\\\/uploads\\\/2022\\\/02\\\/vhernier-PG1511A_365_003.jpeg\",\"contentUrl\":\"https:\\\/\\\/www.fecarotta.com\\\/wp-content\\\/uploads\\\/2022\\\/02\\\/vhernier-PG1511A_365_003.jpeg\",\"width\":1080,\"height\":1080,\"caption\":\"anello oro bianchi diamanti abbraccio embrace white gold diamonds sconto discountvhernier PG1511A_365_003\"},{\"@type\":\"BreadcrumbList\",\"@id\":\"https:\\\/\\\/www.fecarotta.com\\\/it\\\/prodotto\\\/vhernier-anello-oro-bianco-abbraccio\\\/#breadcrumb\",\"itemListElement\":[{\"@type\":\"ListItem\",\"position\":1,\"name\":\"Home\",\"item\":\"https:\\\/\\\/www.fecarotta.com\\\/it\\\/\"},{\"@type\":\"ListItem\",\"position\":2,\"name\":\"Negozio\",\"item\":\"https:\\\/\\\/www.fecarotta.com\\\/it\\\/negozio\\\/\"},{\"@type\":\"ListItem\",\"position\":3,\"name\":\"Vhernier Anello oro bianco Abbraccio\"}]},{\"@type\":\"WebSite\",\"@id\":\"https:\\\/\\\/www.fecarotta.com\\\/it\\\/#website\",\"url\":\"https:\\\/\\\/www.fecarotta.com\\\/it\\\/\",\"name\":\"Fecarotta Gioielli\",\"description\":\"\",\"publisher\":{\"@id\":\"https:\\\/\\\/www.fecarotta.com\\\/it\\\/#organization\"},\"potentialAction\":[{\"@type\":\"SearchAction\",\"target\":{\"@type\":\"EntryPoint\",\"urlTemplate\":\"https:\\\/\\\/www.fecarotta.com\\\/it\\\/?s={search_term_string}\"},\"query-input\":{\"@type\":\"PropertyValueSpecification\",\"valueRequired\":true,\"valueName\":\"search_term_string\"}}],\"inLanguage\":\"it-IT\"},{\"@type\":\"Organization\",\"@id\":\"https:\\\/\\\/www.fecarotta.com\\\/it\\\/#organization\",\"name\":\"Fecarotta Gioielli\",\"url\":\"https:\\\/\\\/www.fecarotta.com\\\/it\\\/\",\"logo\":{\"@type\":\"ImageObject\",\"inLanguage\":\"it-IT\",\"@id\":\"https:\\\/\\\/www.fecarotta.com\\\/it\\\/#\\\/schema\\\/logo\\\/image\\\/\",\"url\":\"https:\\\/\\\/www.fecarotta.com\\\/wp-content\\\/uploads\\\/2025\\\/03\\\/logo-gmb-fecarotta.jpg\",\"contentUrl\":\"https:\\\/\\\/www.fecarotta.com\\\/wp-content\\\/uploads\\\/2025\\\/03\\\/logo-gmb-fecarotta.jpg\",\"width\":500,\"height\":500,\"caption\":\"Fecarotta Gioielli\"},\"image\":{\"@id\":\"https:\\\/\\\/www.fecarotta.com\\\/it\\\/#\\\/schema\\\/logo\\\/image\\\/\"},\"sameAs\":[\"https:\\\/\\\/www.facebook.com\\\/fecarottagioielli\",\"http:\\\/\\\/www.instagram.com\\\/fecarotta.it\",\"https:\\\/\\\/www.linkedin.com\\\/company\\\/fecarotta-it\\\/\",\"https:\\\/\\\/api.whatsapp.com\\\/send?phone=393913323691&text=Salve, vorrei qualche informazione in merito ai vostri prodotti.\"]}]}<\/script>\n<!-- \/ Yoast SEO plugin. -->","yoast_head_json":{"title":"Vhernier Anello oro bianco Abbraccio - Fecarotta Gioielli","description":"Acquista online con codice sconto su fecarotta.com Vhernier Anello oro bianco Abbraccio, spediamo nel Mondo con corriere assicurato","robots":{"index":"index","follow":"follow","max-snippet":"max-snippet:-1","max-image-preview":"max-image-preview:large","max-video-preview":"max-video-preview:-1"},"canonical":"https:\/\/www.fecarotta.com\/it\/prodotto\/vhernier-anello-oro-bianco-abbraccio\/","og_locale":"it_IT","og_type":"article","og_title":"Vhernier Anello oro bianco Abbraccio - Fecarotta Gioielli","og_description":"Acquista online con codice sconto su fecarotta.com Vhernier Anello oro bianco Abbraccio, spediamo nel Mondo con corriere assicurato","og_url":"https:\/\/www.fecarotta.com\/it\/prodotto\/vhernier-anello-oro-bianco-abbraccio\/","og_site_name":"Fecarotta Gioielli","article_publisher":"https:\/\/www.facebook.com\/fecarottagioielli","article_modified_time":"2026-01-15T15:01:09+00:00","og_image":[{"width":1080,"height":1080,"url":"https:\/\/storage1208.cdn-immedia.net\/wp-content\/uploads\/2022\/02\/vhernier-PG1511A_365_003.jpeg","type":"image\/jpeg"}],"twitter_card":"summary_large_image","twitter_misc":{"Tempo di lettura stimato":"1 minuto"},"schema":{"@context":"https:\/\/schema.org","@graph":[{"@type":"WebPage","@id":"https:\/\/www.fecarotta.com\/it\/prodotto\/vhernier-anello-oro-bianco-abbraccio\/","url":"https:\/\/www.fecarotta.com\/it\/prodotto\/vhernier-anello-oro-bianco-abbraccio\/","name":"Vhernier Anello oro bianco Abbraccio - Fecarotta Gioielli","isPartOf":{"@id":"https:\/\/www.fecarotta.com\/it\/#website"},"primaryImageOfPage":{"@id":"https:\/\/www.fecarotta.com\/it\/prodotto\/vhernier-anello-oro-bianco-abbraccio\/#primaryimage"},"image":{"@id":"https:\/\/www.fecarotta.com\/it\/prodotto\/vhernier-anello-oro-bianco-abbraccio\/#primaryimage"},"thumbnailUrl":"https:\/\/storage1208.cdn-immedia.net\/wp-content\/uploads\/2022\/02\/vhernier-PG1511A_365_003.jpeg","datePublished":"2022-02-08T16:04:55+00:00","dateModified":"2026-01-15T15:01:09+00:00","description":"Acquista online con codice sconto su fecarotta.com Vhernier Anello oro bianco Abbraccio, spediamo nel Mondo con corriere assicurato","breadcrumb":{"@id":"https:\/\/www.fecarotta.com\/it\/prodotto\/vhernier-anello-oro-bianco-abbraccio\/#breadcrumb"},"inLanguage":"it-IT","potentialAction":[{"@type":"ReadAction","target":["https:\/\/www.fecarotta.com\/it\/prodotto\/vhernier-anello-oro-bianco-abbraccio\/"]}]},{"@type":"ImageObject","inLanguage":"it-IT","@id":"https:\/\/www.fecarotta.com\/it\/prodotto\/vhernier-anello-oro-bianco-abbraccio\/#primaryimage","url":"https:\/\/storage1208.cdn-immedia.net\/wp-content\/uploads\/2022\/02\/vhernier-PG1511A_365_003.jpeg","contentUrl":"https:\/\/storage1208.cdn-immedia.net\/wp-content\/uploads\/2022\/02\/vhernier-PG1511A_365_003.jpeg","width":1080,"height":1080,"caption":"anello oro bianchi diamanti abbraccio embrace white gold diamonds sconto discountvhernier PG1511A_365_003"},{"@type":"BreadcrumbList","@id":"https:\/\/www.fecarotta.com\/it\/prodotto\/vhernier-anello-oro-bianco-abbraccio\/#breadcrumb","itemListElement":[{"@type":"ListItem","position":1,"name":"Home","item":"https:\/\/www.fecarotta.com\/it\/"},{"@type":"ListItem","position":2,"name":"Negozio","item":"https:\/\/www.fecarotta.com\/it\/negozio\/"},{"@type":"ListItem","position":3,"name":"Vhernier Anello oro bianco Abbraccio"}]},{"@type":"WebSite","@id":"https:\/\/www.fecarotta.com\/it\/#website","url":"https:\/\/www.fecarotta.com\/it\/","name":"Fecarotta Gioielli","description":"","publisher":{"@id":"https:\/\/www.fecarotta.com\/it\/#organization"},"potentialAction":[{"@type":"SearchAction","target":{"@type":"EntryPoint","urlTemplate":"https:\/\/www.fecarotta.com\/it\/?s={search_term_string}"},"query-input":{"@type":"PropertyValueSpecification","valueRequired":true,"valueName":"search_term_string"}}],"inLanguage":"it-IT"},{"@type":"Organization","@id":"https:\/\/www.fecarotta.com\/it\/#organization","name":"Fecarotta Gioielli","url":"https:\/\/www.fecarotta.com\/it\/","logo":{"@type":"ImageObject","inLanguage":"it-IT","@id":"https:\/\/www.fecarotta.com\/it\/#\/schema\/logo\/image\/","url":"https:\/\/storage1208.cdn-immedia.net\/wp-content\/uploads\/2025\/03\/logo-gmb-fecarotta.jpg","contentUrl":"https:\/\/storage1208.cdn-immedia.net\/wp-content\/uploads\/2025\/03\/logo-gmb-fecarotta.jpg","width":500,"height":500,"caption":"Fecarotta Gioielli"},"image":{"@id":"https:\/\/www.fecarotta.com\/it\/#\/schema\/logo\/image\/"},"sameAs":["https:\/\/www.facebook.com\/fecarottagioielli","http:\/\/www.instagram.com\/fecarotta.it","https:\/\/www.linkedin.com\/company\/fecarotta-it\/","https:\/\/api.whatsapp.com\/send?phone=393913323691&text=Salve, vorrei qualche informazione in merito ai vostri prodotti."]}]}},"_links":{"self":[{"href":"https:\/\/www.fecarotta.com\/it\/wp-json\/wp\/v2\/product\/105423","targetHints":{"allow":["GET"]}}],"collection":[{"href":"https:\/\/www.fecarotta.com\/it\/wp-json\/wp\/v2\/product"}],"about":[{"href":"https:\/\/www.fecarotta.com\/it\/wp-json\/wp\/v2\/types\/product"}],"wp:featuredmedia":[{"embeddable":true,"href":"https:\/\/www.fecarotta.com\/it\/wp-json\/wp\/v2\/media\/105429"}],"wp:attachment":[{"href":"https:\/\/www.fecarotta.com\/it\/wp-json\/wp\/v2\/media?parent=105423"}],"wp:term":[{"taxonomy":"product_brand","embeddable":true,"href":"https:\/\/www.fecarotta.com\/it\/wp-json\/wp\/v2\/product_brand?post=105423"},{"taxonomy":"product_cat","embeddable":true,"href":"https:\/\/www.fecarotta.com\/it\/wp-json\/wp\/v2\/product_cat?post=105423"},{"taxonomy":"product_tag","embeddable":true,"href":"https:\/\/www.fecarotta.com\/it\/wp-json\/wp\/v2\/product_tag?post=105423"}],"curies":[{"name":"wp","href":"https:\/\/api.w.org\/{rel}","templated":true}]}}