{"id":104124,"date":"2018-12-06T10:23:44","date_gmt":"2018-12-06T10:23:44","guid":{"rendered":"https:\/\/www.fecarotta.com\/?post_type=product&#038;p=104124"},"modified":"2026-01-20T12:01:01","modified_gmt":"2026-01-20T12:01:01","slug":"cornice-argento-uva-iii-buccellati","status":"publish","type":"product","link":"https:\/\/www.fecarotta.com\/it\/prodotto\/cornice-argento-uva-iii-buccellati\/","title":{"rendered":"Cornice Argento Uva III Buccellati"},"content":{"rendered":"<p>Cornice Argento Uva III Buccellati<\/p>\n<p>Estetica del design e maestria sono sempre stati al centro dell\u2019universo Buccellati. Spinto dall\u2019insaziabile desiderio di creare pezzi di rara bellezza, il marchio ha acquisito uno stile inconfondibile, inequivocabile, che lo differenzia dai suoi concorrenti. Ogni Argento Buccellati \u00e8 corredato dal certificato originale di garanzia e dalla confezione originale. FG Fecarotta Gioielli \u00e8 concessionario ufficiale del marchio Buccellati.<\/p>\n<div class=\"page\" title=\"Page 1\">\n<div class=\"layoutArea\">\n<div class=\"column\">\n<p>\u00c8 impossibile parlare delle creazioni Buccellati senza riconoscere che molto \u00e8 dovuto al contesto in cui la creativit\u00e0 s\u2019\u00e8 formata: la nostra splendida Italia.<br \/>\nLe tecniche sono infatti prese in prestito da cinque secoli di arte italiana. Molti dei celebrati artisti di questo Paese sono stati orafi ben prima di diventare scultori, pittori o architetti.<\/p>\n<\/div>\n<\/div>\n<\/div>\n<div class=\"page\" title=\"Page 1\">\n<div class=\"layoutArea\">\n<div class=\"column\">\n<p>Botticelli, Brunelleschi, Donatello o Benvenuto Cellini ci hanno lasciato opere di alta oreficeria da ammirare ed emulare. A questo patrimonio, chiaramente condiviso con altri bravissimi orafi italiani, Buccellati ha semplicemente aggiunto estro e nostra perseveranza.<\/p>\n<\/div>\n<\/div>\n<\/div>\n<div class=\"page\" title=\"Page 1\">\n<div class=\"layoutArea\">\n<div class=\"column\"><\/div>\n<\/div>\n<\/div>\n<div class=\"page\" title=\"Page 1\">\n<div class=\"layoutArea\">\n<div class=\"column\">\n<p>Creare oggetti perfetti, con procedimenti che nessuno utilizza pi\u00f9, con pietre splendide e rarissime, ormai non \u00e8 pi\u00f9 solo un vezzo; \u00e8 divenuta tradizione orafa.<\/p>\n<p>Estetica del design e maestria sono sempre stati al centro dell\u2019universo Buccellati. Spinto dall\u2019insaziabile desiderio di creare pezzi di rara bellezza, il \u00a0marchio ha acquisito uno stile inconfondibile, inequivocabile. La nobile eredit\u00e0 milanese di Buccellati ha influenzato molto l\u2019approccio raffinato, discreto ed elegante della casa alla gioielleria, grazie al quale il marchio pu\u00f2 vantare un\u2019estetica del tutto particolare.<\/p>\n<\/div>\n<\/div>\n<\/div>\n<p>Ogni oggetto Buccellati \u00e8 corredato dal certificato originale di garanzia e dalla confezione originale.<br \/>\nFG Fecarotta Gioielli \u00e8 concessionario ufficiale del marchio Buccellati.<\/p>\n<p>&nbsp;<\/p>\n<p><a href=\"https:\/\/www.youtube.com\/watch?v=G-rfLtTaRKI\" target=\"_blank\" rel=\"noopener noreferrer\">Buccellati Official Video<\/a><\/p>\n<p><a href=\"https:\/\/www.fecarotta.com\/it\/fecarotta-gioielli-company\/\" target=\"_blank\" rel=\"noopener noreferrer\">La nostra Azienda<\/a><\/p>\n","protected":false},"excerpt":{"rendered":"<p>Cornice Argento 925 Uva III Buccellati<\/p>\n<p>MISURE<\/p>\n<p>ext 23cmx28cm<\/p>\n<p>int 13cmx18cm<\/p>\n","protected":false},"featured_media":104126,"template":"","meta":{"_acf_changed":false},"product_brand":[],"product_cat":[50,870,1807,24],"product_tag":[],"class_list":{"0":"post-104124","1":"product","2":"type-product","3":"status-publish","4":"has-post-thumbnail","6":"product_cat-argenti-e-leghe","7":"product_cat-cornici","8":"product_cat-home-design","9":"product_cat-non-vendibile-online","10":"pa_brand-buccellati-silver","11":"pa_collection-cornici","13":"first","14":"onbackorder","15":"purchasable","16":"product-type-simple","17":"add-to-wishlist-before_image"},"acf":[],"yoast_head":"<!-- This site is optimized with the Yoast SEO plugin v27.5 - https:\/\/yoast.com\/product\/yoast-seo-wordpress\/ -->\n<title>Cornice Argento Uva III Buccellati - Fecarotta Gioielli<\/title>\n<meta name=\"description\" content=\"Cornice Argento Uva III Buccellati Acquista online tutte le collezioni di Buccellati. Gioielli, orologi ed homedesign su fecarotta.it\" \/>\n<meta name=\"robots\" content=\"index, follow, max-snippet:-1, max-image-preview:large, max-video-preview:-1\" \/>\n<link rel=\"canonical\" href=\"https:\/\/www.fecarotta.com\/it\/prodotto\/cornice-argento-uva-iii-buccellati\/\" \/>\n<meta property=\"og:locale\" content=\"it_IT\" \/>\n<meta property=\"og:type\" content=\"article\" \/>\n<meta property=\"og:title\" content=\"Cornice Argento Uva III Buccellati - Fecarotta Gioielli\" \/>\n<meta property=\"og:description\" content=\"Cornice Argento Uva III Buccellati Acquista online tutte le collezioni di Buccellati. Gioielli, orologi ed homedesign su fecarotta.it\" \/>\n<meta property=\"og:url\" content=\"https:\/\/www.fecarotta.com\/it\/prodotto\/cornice-argento-uva-iii-buccellati\/\" \/>\n<meta property=\"og:site_name\" content=\"Fecarotta Gioielli\" \/>\n<meta property=\"article:publisher\" content=\"https:\/\/www.facebook.com\/fecarottagioielli\" \/>\n<meta property=\"article:modified_time\" content=\"2026-01-20T12:01:01+00:00\" \/>\n<meta property=\"og:image\" content=\"https:\/\/storage1208.cdn-immedia.net\/wp-content\/uploads\/2022\/01\/CORNICE-UVA-III-BUCCELLATI-FRAME-SILVER-ARGENTO.jpeg\" \/>\n\t<meta property=\"og:image:width\" content=\"940\" \/>\n\t<meta property=\"og:image:height\" content=\"939\" \/>\n\t<meta property=\"og:image:type\" content=\"image\/jpeg\" \/>\n<meta name=\"twitter:card\" content=\"summary_large_image\" \/>\n<meta name=\"twitter:label1\" content=\"Tempo di lettura stimato\" \/>\n\t<meta name=\"twitter:data1\" content=\"2 minuti\" \/>\n<script type=\"application\/ld+json\" class=\"yoast-schema-graph\">{\"@context\":\"https:\\\/\\\/schema.org\",\"@graph\":[{\"@type\":\"WebPage\",\"@id\":\"https:\\\/\\\/www.fecarotta.com\\\/it\\\/prodotto\\\/cornice-argento-uva-iii-buccellati\\\/\",\"url\":\"https:\\\/\\\/www.fecarotta.com\\\/it\\\/prodotto\\\/cornice-argento-uva-iii-buccellati\\\/\",\"name\":\"Cornice Argento Uva III Buccellati - Fecarotta Gioielli\",\"isPartOf\":{\"@id\":\"https:\\\/\\\/www.fecarotta.com\\\/it\\\/#website\"},\"primaryImageOfPage\":{\"@id\":\"https:\\\/\\\/www.fecarotta.com\\\/it\\\/prodotto\\\/cornice-argento-uva-iii-buccellati\\\/#primaryimage\"},\"image\":{\"@id\":\"https:\\\/\\\/www.fecarotta.com\\\/it\\\/prodotto\\\/cornice-argento-uva-iii-buccellati\\\/#primaryimage\"},\"thumbnailUrl\":\"https:\\\/\\\/www.fecarotta.com\\\/wp-content\\\/uploads\\\/2022\\\/01\\\/CORNICE-UVA-III-BUCCELLATI-FRAME-SILVER-ARGENTO.jpeg\",\"datePublished\":\"2018-12-06T10:23:44+00:00\",\"dateModified\":\"2026-01-20T12:01:01+00:00\",\"description\":\"Cornice Argento Uva III Buccellati Acquista online tutte le collezioni di Buccellati. Gioielli, orologi ed homedesign su fecarotta.it\",\"breadcrumb\":{\"@id\":\"https:\\\/\\\/www.fecarotta.com\\\/it\\\/prodotto\\\/cornice-argento-uva-iii-buccellati\\\/#breadcrumb\"},\"inLanguage\":\"it-IT\",\"potentialAction\":[{\"@type\":\"ReadAction\",\"target\":[\"https:\\\/\\\/www.fecarotta.com\\\/it\\\/prodotto\\\/cornice-argento-uva-iii-buccellati\\\/\"]}]},{\"@type\":\"ImageObject\",\"inLanguage\":\"it-IT\",\"@id\":\"https:\\\/\\\/www.fecarotta.com\\\/it\\\/prodotto\\\/cornice-argento-uva-iii-buccellati\\\/#primaryimage\",\"url\":\"https:\\\/\\\/www.fecarotta.com\\\/wp-content\\\/uploads\\\/2022\\\/01\\\/CORNICE-UVA-III-BUCCELLATI-FRAME-SILVER-ARGENTO.jpeg\",\"contentUrl\":\"https:\\\/\\\/www.fecarotta.com\\\/wp-content\\\/uploads\\\/2022\\\/01\\\/CORNICE-UVA-III-BUCCELLATI-FRAME-SILVER-ARGENTO.jpeg\",\"width\":940,\"height\":939,\"caption\":\"CORNICE-UVA-III-BUCCELLATI-FRAME-SILVER-ARGENTO grape wine sconto discount\"},{\"@type\":\"BreadcrumbList\",\"@id\":\"https:\\\/\\\/www.fecarotta.com\\\/it\\\/prodotto\\\/cornice-argento-uva-iii-buccellati\\\/#breadcrumb\",\"itemListElement\":[{\"@type\":\"ListItem\",\"position\":1,\"name\":\"Home\",\"item\":\"https:\\\/\\\/www.fecarotta.com\\\/it\\\/\"},{\"@type\":\"ListItem\",\"position\":2,\"name\":\"Negozio\",\"item\":\"https:\\\/\\\/www.fecarotta.com\\\/it\\\/negozio\\\/\"},{\"@type\":\"ListItem\",\"position\":3,\"name\":\"Cornice Argento Uva III Buccellati\"}]},{\"@type\":\"WebSite\",\"@id\":\"https:\\\/\\\/www.fecarotta.com\\\/it\\\/#website\",\"url\":\"https:\\\/\\\/www.fecarotta.com\\\/it\\\/\",\"name\":\"Fecarotta Gioielli\",\"description\":\"\",\"publisher\":{\"@id\":\"https:\\\/\\\/www.fecarotta.com\\\/it\\\/#organization\"},\"potentialAction\":[{\"@type\":\"SearchAction\",\"target\":{\"@type\":\"EntryPoint\",\"urlTemplate\":\"https:\\\/\\\/www.fecarotta.com\\\/it\\\/?s={search_term_string}\"},\"query-input\":{\"@type\":\"PropertyValueSpecification\",\"valueRequired\":true,\"valueName\":\"search_term_string\"}}],\"inLanguage\":\"it-IT\"},{\"@type\":\"Organization\",\"@id\":\"https:\\\/\\\/www.fecarotta.com\\\/it\\\/#organization\",\"name\":\"Fecarotta Gioielli\",\"url\":\"https:\\\/\\\/www.fecarotta.com\\\/it\\\/\",\"logo\":{\"@type\":\"ImageObject\",\"inLanguage\":\"it-IT\",\"@id\":\"https:\\\/\\\/www.fecarotta.com\\\/it\\\/#\\\/schema\\\/logo\\\/image\\\/\",\"url\":\"https:\\\/\\\/www.fecarotta.com\\\/wp-content\\\/uploads\\\/2025\\\/03\\\/logo-gmb-fecarotta.jpg\",\"contentUrl\":\"https:\\\/\\\/www.fecarotta.com\\\/wp-content\\\/uploads\\\/2025\\\/03\\\/logo-gmb-fecarotta.jpg\",\"width\":500,\"height\":500,\"caption\":\"Fecarotta Gioielli\"},\"image\":{\"@id\":\"https:\\\/\\\/www.fecarotta.com\\\/it\\\/#\\\/schema\\\/logo\\\/image\\\/\"},\"sameAs\":[\"https:\\\/\\\/www.facebook.com\\\/fecarottagioielli\",\"http:\\\/\\\/www.instagram.com\\\/fecarotta.it\",\"https:\\\/\\\/www.linkedin.com\\\/company\\\/fecarotta-it\\\/\",\"https:\\\/\\\/api.whatsapp.com\\\/send?phone=393913323691&text=Salve, vorrei qualche informazione in merito ai vostri prodotti.\"]}]}<\/script>\n<!-- \/ Yoast SEO plugin. -->","yoast_head_json":{"title":"Cornice Argento Uva III Buccellati - Fecarotta Gioielli","description":"Cornice Argento Uva III Buccellati Acquista online tutte le collezioni di Buccellati. Gioielli, orologi ed homedesign su fecarotta.it","robots":{"index":"index","follow":"follow","max-snippet":"max-snippet:-1","max-image-preview":"max-image-preview:large","max-video-preview":"max-video-preview:-1"},"canonical":"https:\/\/www.fecarotta.com\/it\/prodotto\/cornice-argento-uva-iii-buccellati\/","og_locale":"it_IT","og_type":"article","og_title":"Cornice Argento Uva III Buccellati - Fecarotta Gioielli","og_description":"Cornice Argento Uva III Buccellati Acquista online tutte le collezioni di Buccellati. Gioielli, orologi ed homedesign su fecarotta.it","og_url":"https:\/\/www.fecarotta.com\/it\/prodotto\/cornice-argento-uva-iii-buccellati\/","og_site_name":"Fecarotta Gioielli","article_publisher":"https:\/\/www.facebook.com\/fecarottagioielli","article_modified_time":"2026-01-20T12:01:01+00:00","og_image":[{"width":940,"height":939,"url":"https:\/\/storage1208.cdn-immedia.net\/wp-content\/uploads\/2022\/01\/CORNICE-UVA-III-BUCCELLATI-FRAME-SILVER-ARGENTO.jpeg","type":"image\/jpeg"}],"twitter_card":"summary_large_image","twitter_misc":{"Tempo di lettura stimato":"2 minuti"},"schema":{"@context":"https:\/\/schema.org","@graph":[{"@type":"WebPage","@id":"https:\/\/www.fecarotta.com\/it\/prodotto\/cornice-argento-uva-iii-buccellati\/","url":"https:\/\/www.fecarotta.com\/it\/prodotto\/cornice-argento-uva-iii-buccellati\/","name":"Cornice Argento Uva III Buccellati - Fecarotta Gioielli","isPartOf":{"@id":"https:\/\/www.fecarotta.com\/it\/#website"},"primaryImageOfPage":{"@id":"https:\/\/www.fecarotta.com\/it\/prodotto\/cornice-argento-uva-iii-buccellati\/#primaryimage"},"image":{"@id":"https:\/\/www.fecarotta.com\/it\/prodotto\/cornice-argento-uva-iii-buccellati\/#primaryimage"},"thumbnailUrl":"https:\/\/storage1208.cdn-immedia.net\/wp-content\/uploads\/2022\/01\/CORNICE-UVA-III-BUCCELLATI-FRAME-SILVER-ARGENTO.jpeg","datePublished":"2018-12-06T10:23:44+00:00","dateModified":"2026-01-20T12:01:01+00:00","description":"Cornice Argento Uva III Buccellati Acquista online tutte le collezioni di Buccellati. Gioielli, orologi ed homedesign su fecarotta.it","breadcrumb":{"@id":"https:\/\/www.fecarotta.com\/it\/prodotto\/cornice-argento-uva-iii-buccellati\/#breadcrumb"},"inLanguage":"it-IT","potentialAction":[{"@type":"ReadAction","target":["https:\/\/www.fecarotta.com\/it\/prodotto\/cornice-argento-uva-iii-buccellati\/"]}]},{"@type":"ImageObject","inLanguage":"it-IT","@id":"https:\/\/www.fecarotta.com\/it\/prodotto\/cornice-argento-uva-iii-buccellati\/#primaryimage","url":"https:\/\/storage1208.cdn-immedia.net\/wp-content\/uploads\/2022\/01\/CORNICE-UVA-III-BUCCELLATI-FRAME-SILVER-ARGENTO.jpeg","contentUrl":"https:\/\/storage1208.cdn-immedia.net\/wp-content\/uploads\/2022\/01\/CORNICE-UVA-III-BUCCELLATI-FRAME-SILVER-ARGENTO.jpeg","width":940,"height":939,"caption":"CORNICE-UVA-III-BUCCELLATI-FRAME-SILVER-ARGENTO grape wine sconto discount"},{"@type":"BreadcrumbList","@id":"https:\/\/www.fecarotta.com\/it\/prodotto\/cornice-argento-uva-iii-buccellati\/#breadcrumb","itemListElement":[{"@type":"ListItem","position":1,"name":"Home","item":"https:\/\/www.fecarotta.com\/it\/"},{"@type":"ListItem","position":2,"name":"Negozio","item":"https:\/\/www.fecarotta.com\/it\/negozio\/"},{"@type":"ListItem","position":3,"name":"Cornice Argento Uva III Buccellati"}]},{"@type":"WebSite","@id":"https:\/\/www.fecarotta.com\/it\/#website","url":"https:\/\/www.fecarotta.com\/it\/","name":"Fecarotta Gioielli","description":"","publisher":{"@id":"https:\/\/www.fecarotta.com\/it\/#organization"},"potentialAction":[{"@type":"SearchAction","target":{"@type":"EntryPoint","urlTemplate":"https:\/\/www.fecarotta.com\/it\/?s={search_term_string}"},"query-input":{"@type":"PropertyValueSpecification","valueRequired":true,"valueName":"search_term_string"}}],"inLanguage":"it-IT"},{"@type":"Organization","@id":"https:\/\/www.fecarotta.com\/it\/#organization","name":"Fecarotta Gioielli","url":"https:\/\/www.fecarotta.com\/it\/","logo":{"@type":"ImageObject","inLanguage":"it-IT","@id":"https:\/\/www.fecarotta.com\/it\/#\/schema\/logo\/image\/","url":"https:\/\/storage1208.cdn-immedia.net\/wp-content\/uploads\/2025\/03\/logo-gmb-fecarotta.jpg","contentUrl":"https:\/\/storage1208.cdn-immedia.net\/wp-content\/uploads\/2025\/03\/logo-gmb-fecarotta.jpg","width":500,"height":500,"caption":"Fecarotta Gioielli"},"image":{"@id":"https:\/\/www.fecarotta.com\/it\/#\/schema\/logo\/image\/"},"sameAs":["https:\/\/www.facebook.com\/fecarottagioielli","http:\/\/www.instagram.com\/fecarotta.it","https:\/\/www.linkedin.com\/company\/fecarotta-it\/","https:\/\/api.whatsapp.com\/send?phone=393913323691&text=Salve, vorrei qualche informazione in merito ai vostri prodotti."]}]}},"_links":{"self":[{"href":"https:\/\/www.fecarotta.com\/it\/wp-json\/wp\/v2\/product\/104124","targetHints":{"allow":["GET"]}}],"collection":[{"href":"https:\/\/www.fecarotta.com\/it\/wp-json\/wp\/v2\/product"}],"about":[{"href":"https:\/\/www.fecarotta.com\/it\/wp-json\/wp\/v2\/types\/product"}],"wp:featuredmedia":[{"embeddable":true,"href":"https:\/\/www.fecarotta.com\/it\/wp-json\/wp\/v2\/media\/104126"}],"wp:attachment":[{"href":"https:\/\/www.fecarotta.com\/it\/wp-json\/wp\/v2\/media?parent=104124"}],"wp:term":[{"taxonomy":"product_brand","embeddable":true,"href":"https:\/\/www.fecarotta.com\/it\/wp-json\/wp\/v2\/product_brand?post=104124"},{"taxonomy":"product_cat","embeddable":true,"href":"https:\/\/www.fecarotta.com\/it\/wp-json\/wp\/v2\/product_cat?post=104124"},{"taxonomy":"product_tag","embeddable":true,"href":"https:\/\/www.fecarotta.com\/it\/wp-json\/wp\/v2\/product_tag?post=104124"}],"curies":[{"name":"wp","href":"https:\/\/api.w.org\/{rel}","templated":true}]}}