{"id":103643,"date":"2021-12-09T11:05:58","date_gmt":"2021-12-09T11:05:58","guid":{"rendered":"https:\/\/www.fecarotta.com\/?post_type=product&#038;p=103643"},"modified":"2023-10-31T16:37:58","modified_gmt":"2023-10-31T16:37:58","slug":"orologio-hamilton-khaki-field-auto-chrono","status":"publish","type":"product","link":"https:\/\/www.fecarotta.com\/it\/prodotto\/orologio-hamilton-khaki-field-auto-chrono\/","title":{"rendered":"Khaki Field Auto Chrono"},"content":{"rendered":"<p>Robusto, resistente e preciso, il Khaki Field Automatic Chronograph \u00e8 il segnatempo perfetto per gli esploratori pi\u00f9 impavidi. Questo orologio militare da 44 mm in acciaio con finitura sabbiata reca sul fondello una speciale incisione, in omaggio alla tradizione di Hamilton; i numeri in rilievo rivestiti di SuperLuminova conferiscono leggibilit\u00e0 e profondit\u00e0 al quadrante. Abbinato a un comodo cinturino in pelle, questo accessorio ad elevate prestazioni \u00e8 pensato per le avventure all\u2019aperto.<\/p>\n<p>&nbsp;<\/p>\n<p>&nbsp;<\/p>\n<p>Calibro : H-21<br \/>\nCollezione : Khaki Field<br \/>\nMovimento : Carica automatica<br \/>\nDimensioni della cassa : 44mm<br \/>\nSpessore (mm) : 14.15<br \/>\nColore quadrante : Nero<br \/>\nMateriale della cassa : Acciaio<br \/>\nVetro : Zaffiro<br \/>\nLarghezza ansa : 22 mm<br \/>\nRiserva di carica : 60 ore<br \/>\nImpermeabilit\u00e0 : 10 bar (100m)<br \/>\nAnti Reflection : Si<br \/>\nCorona a vite : Si<\/p>\n<p>&nbsp;<\/p>\n<p>&nbsp;<\/p>\n<p>BRACCIALE\/CINTURINO<\/p>\n<p>Accessorio REF : H6007171071<br \/>\nTipo cinturino : Pelle di vitello<br \/>\nTipo di fibbia : H-Buckle<br \/>\nLarghezza fibbia : 22mm<\/p>\n<div class=\"product-info-price\">\n<div class=\"price-box price-final_price\" data-role=\"priceBox\" data-product-id=\"815\" data-price-box=\"product-id-815\"><\/div>\n<\/div>\n","protected":false},"excerpt":{"rendered":"<p>Carica automatica | 44mm.<\/p>\n","protected":false},"featured_media":103645,"template":"","meta":{"_acf_changed":false},"product_brand":[],"product_cat":[1168,206,99,71],"product_tag":[],"class_list":{"0":"post-103643","1":"product","2":"type-product","3":"status-publish","4":"has-post-thumbnail","6":"product_cat-innamorati","7":"product_cat-orologi","8":"product_cat-orologi-automatici","9":"product_cat-orologi-uomo","10":"pa_brand-hamilton","11":"pa_collection-khaki-field","12":"pa_gender-uomo","14":"first","15":"instock","16":"shipping-taxable","17":"purchasable","18":"product-type-simple","19":"add-to-wishlist-before_image"},"acf":[],"yoast_head":"<!-- This site is optimized with the Yoast SEO plugin v27.3 - https:\/\/yoast.com\/product\/yoast-seo-wordpress\/ -->\n<title>Khaki Field Auto Chrono - Fecarotta Gioielli<\/title>\n<meta name=\"description\" content=\"Orologio Hamilton Khaki Field Auto Chrono Acquista online su fecarotta.it con il nostro coupon di benvenuto e codice sconto\" \/>\n<meta name=\"robots\" content=\"index, follow, max-snippet:-1, max-image-preview:large, max-video-preview:-1\" \/>\n<link rel=\"canonical\" href=\"https:\/\/www.fecarotta.com\/it\/prodotto\/orologio-hamilton-khaki-field-auto-chrono\/\" \/>\n<meta property=\"og:locale\" content=\"it_IT\" \/>\n<meta property=\"og:type\" content=\"article\" \/>\n<meta property=\"og:title\" content=\"Khaki Field Auto Chrono - Fecarotta Gioielli\" \/>\n<meta property=\"og:description\" content=\"Orologio Hamilton Khaki Field Auto Chrono Acquista online su fecarotta.it con il nostro coupon di benvenuto e codice sconto\" \/>\n<meta property=\"og:url\" content=\"https:\/\/www.fecarotta.com\/it\/prodotto\/orologio-hamilton-khaki-field-auto-chrono\/\" \/>\n<meta property=\"og:site_name\" content=\"Fecarotta Gioielli\" \/>\n<meta property=\"article:publisher\" content=\"https:\/\/www.facebook.com\/fecarottagioielli\" \/>\n<meta property=\"article:modified_time\" content=\"2023-10-31T16:37:58+00:00\" \/>\n<meta property=\"og:image\" content=\"https:\/\/storage1208.cdn-immedia.net\/wp-content\/uploads\/2021\/12\/h71706830-hamilton-orologio-watch.jpeg\" \/>\n\t<meta property=\"og:image:width\" content=\"1080\" \/>\n\t<meta property=\"og:image:height\" content=\"1080\" \/>\n\t<meta property=\"og:image:type\" content=\"image\/jpeg\" \/>\n<meta name=\"twitter:card\" content=\"summary_large_image\" \/>\n<meta name=\"twitter:label1\" content=\"Tempo di lettura stimato\" \/>\n\t<meta name=\"twitter:data1\" content=\"1 minuto\" \/>\n<script type=\"application\/ld+json\" class=\"yoast-schema-graph\">{\"@context\":\"https:\\\/\\\/schema.org\",\"@graph\":[{\"@type\":\"WebPage\",\"@id\":\"https:\\\/\\\/www.fecarotta.com\\\/it\\\/prodotto\\\/orologio-hamilton-khaki-field-auto-chrono\\\/\",\"url\":\"https:\\\/\\\/www.fecarotta.com\\\/it\\\/prodotto\\\/orologio-hamilton-khaki-field-auto-chrono\\\/\",\"name\":\"Khaki Field Auto Chrono - Fecarotta Gioielli\",\"isPartOf\":{\"@id\":\"https:\\\/\\\/www.fecarotta.com\\\/it\\\/#website\"},\"primaryImageOfPage\":{\"@id\":\"https:\\\/\\\/www.fecarotta.com\\\/it\\\/prodotto\\\/orologio-hamilton-khaki-field-auto-chrono\\\/#primaryimage\"},\"image\":{\"@id\":\"https:\\\/\\\/www.fecarotta.com\\\/it\\\/prodotto\\\/orologio-hamilton-khaki-field-auto-chrono\\\/#primaryimage\"},\"thumbnailUrl\":\"https:\\\/\\\/www.fecarotta.com\\\/wp-content\\\/uploads\\\/2021\\\/12\\\/h71706830-hamilton-orologio-watch.jpeg\",\"datePublished\":\"2021-12-09T11:05:58+00:00\",\"dateModified\":\"2023-10-31T16:37:58+00:00\",\"description\":\"Orologio Hamilton Khaki Field Auto Chrono Acquista online su fecarotta.it con il nostro coupon di benvenuto e codice sconto\",\"breadcrumb\":{\"@id\":\"https:\\\/\\\/www.fecarotta.com\\\/it\\\/prodotto\\\/orologio-hamilton-khaki-field-auto-chrono\\\/#breadcrumb\"},\"inLanguage\":\"it-IT\",\"potentialAction\":[{\"@type\":\"ReadAction\",\"target\":[\"https:\\\/\\\/www.fecarotta.com\\\/it\\\/prodotto\\\/orologio-hamilton-khaki-field-auto-chrono\\\/\"]}]},{\"@type\":\"ImageObject\",\"inLanguage\":\"it-IT\",\"@id\":\"https:\\\/\\\/www.fecarotta.com\\\/it\\\/prodotto\\\/orologio-hamilton-khaki-field-auto-chrono\\\/#primaryimage\",\"url\":\"https:\\\/\\\/www.fecarotta.com\\\/wp-content\\\/uploads\\\/2021\\\/12\\\/h71706830-hamilton-orologio-watch.jpeg\",\"contentUrl\":\"https:\\\/\\\/www.fecarotta.com\\\/wp-content\\\/uploads\\\/2021\\\/12\\\/h71706830-hamilton-orologio-watch.jpeg\",\"width\":1080,\"height\":1080,\"caption\":\"Hamilton Khaki Field Auto Chrono h71706830 hamilton orologio watch sconto discount\"},{\"@type\":\"BreadcrumbList\",\"@id\":\"https:\\\/\\\/www.fecarotta.com\\\/it\\\/prodotto\\\/orologio-hamilton-khaki-field-auto-chrono\\\/#breadcrumb\",\"itemListElement\":[{\"@type\":\"ListItem\",\"position\":1,\"name\":\"Home\",\"item\":\"https:\\\/\\\/www.fecarotta.com\\\/it\\\/\"},{\"@type\":\"ListItem\",\"position\":2,\"name\":\"Negozio\",\"item\":\"https:\\\/\\\/www.fecarotta.com\\\/it\\\/negozio\\\/\"},{\"@type\":\"ListItem\",\"position\":3,\"name\":\"Khaki Field Auto Chrono\"}]},{\"@type\":\"WebSite\",\"@id\":\"https:\\\/\\\/www.fecarotta.com\\\/it\\\/#website\",\"url\":\"https:\\\/\\\/www.fecarotta.com\\\/it\\\/\",\"name\":\"Fecarotta Gioielli\",\"description\":\"\",\"publisher\":{\"@id\":\"https:\\\/\\\/www.fecarotta.com\\\/it\\\/#organization\"},\"potentialAction\":[{\"@type\":\"SearchAction\",\"target\":{\"@type\":\"EntryPoint\",\"urlTemplate\":\"https:\\\/\\\/www.fecarotta.com\\\/it\\\/?s={search_term_string}\"},\"query-input\":{\"@type\":\"PropertyValueSpecification\",\"valueRequired\":true,\"valueName\":\"search_term_string\"}}],\"inLanguage\":\"it-IT\"},{\"@type\":\"Organization\",\"@id\":\"https:\\\/\\\/www.fecarotta.com\\\/it\\\/#organization\",\"name\":\"Fecarotta Gioielli\",\"url\":\"https:\\\/\\\/www.fecarotta.com\\\/it\\\/\",\"logo\":{\"@type\":\"ImageObject\",\"inLanguage\":\"it-IT\",\"@id\":\"https:\\\/\\\/www.fecarotta.com\\\/it\\\/#\\\/schema\\\/logo\\\/image\\\/\",\"url\":\"https:\\\/\\\/www.fecarotta.com\\\/wp-content\\\/uploads\\\/2025\\\/03\\\/logo-gmb-fecarotta.jpg\",\"contentUrl\":\"https:\\\/\\\/www.fecarotta.com\\\/wp-content\\\/uploads\\\/2025\\\/03\\\/logo-gmb-fecarotta.jpg\",\"width\":500,\"height\":500,\"caption\":\"Fecarotta Gioielli\"},\"image\":{\"@id\":\"https:\\\/\\\/www.fecarotta.com\\\/it\\\/#\\\/schema\\\/logo\\\/image\\\/\"},\"sameAs\":[\"https:\\\/\\\/www.facebook.com\\\/fecarottagioielli\",\"http:\\\/\\\/www.instagram.com\\\/fecarotta.it\",\"https:\\\/\\\/www.linkedin.com\\\/company\\\/fecarotta-it\\\/\",\"https:\\\/\\\/api.whatsapp.com\\\/send?phone=393913323691&text=Salve, vorrei qualche informazione in merito ai vostri prodotti.\"]}]}<\/script>\n<!-- \/ Yoast SEO plugin. -->","yoast_head_json":{"title":"Khaki Field Auto Chrono - Fecarotta Gioielli","description":"Orologio Hamilton Khaki Field Auto Chrono Acquista online su fecarotta.it con il nostro coupon di benvenuto e codice sconto","robots":{"index":"index","follow":"follow","max-snippet":"max-snippet:-1","max-image-preview":"max-image-preview:large","max-video-preview":"max-video-preview:-1"},"canonical":"https:\/\/www.fecarotta.com\/it\/prodotto\/orologio-hamilton-khaki-field-auto-chrono\/","og_locale":"it_IT","og_type":"article","og_title":"Khaki Field Auto Chrono - Fecarotta Gioielli","og_description":"Orologio Hamilton Khaki Field Auto Chrono Acquista online su fecarotta.it con il nostro coupon di benvenuto e codice sconto","og_url":"https:\/\/www.fecarotta.com\/it\/prodotto\/orologio-hamilton-khaki-field-auto-chrono\/","og_site_name":"Fecarotta Gioielli","article_publisher":"https:\/\/www.facebook.com\/fecarottagioielli","article_modified_time":"2023-10-31T16:37:58+00:00","og_image":[{"width":1080,"height":1080,"url":"https:\/\/storage1208.cdn-immedia.net\/wp-content\/uploads\/2021\/12\/h71706830-hamilton-orologio-watch.jpeg","type":"image\/jpeg"}],"twitter_card":"summary_large_image","twitter_misc":{"Tempo di lettura stimato":"1 minuto"},"schema":{"@context":"https:\/\/schema.org","@graph":[{"@type":"WebPage","@id":"https:\/\/www.fecarotta.com\/it\/prodotto\/orologio-hamilton-khaki-field-auto-chrono\/","url":"https:\/\/www.fecarotta.com\/it\/prodotto\/orologio-hamilton-khaki-field-auto-chrono\/","name":"Khaki Field Auto Chrono - Fecarotta Gioielli","isPartOf":{"@id":"https:\/\/www.fecarotta.com\/it\/#website"},"primaryImageOfPage":{"@id":"https:\/\/www.fecarotta.com\/it\/prodotto\/orologio-hamilton-khaki-field-auto-chrono\/#primaryimage"},"image":{"@id":"https:\/\/www.fecarotta.com\/it\/prodotto\/orologio-hamilton-khaki-field-auto-chrono\/#primaryimage"},"thumbnailUrl":"https:\/\/storage1208.cdn-immedia.net\/wp-content\/uploads\/2021\/12\/h71706830-hamilton-orologio-watch.jpeg","datePublished":"2021-12-09T11:05:58+00:00","dateModified":"2023-10-31T16:37:58+00:00","description":"Orologio Hamilton Khaki Field Auto Chrono Acquista online su fecarotta.it con il nostro coupon di benvenuto e codice sconto","breadcrumb":{"@id":"https:\/\/www.fecarotta.com\/it\/prodotto\/orologio-hamilton-khaki-field-auto-chrono\/#breadcrumb"},"inLanguage":"it-IT","potentialAction":[{"@type":"ReadAction","target":["https:\/\/www.fecarotta.com\/it\/prodotto\/orologio-hamilton-khaki-field-auto-chrono\/"]}]},{"@type":"ImageObject","inLanguage":"it-IT","@id":"https:\/\/www.fecarotta.com\/it\/prodotto\/orologio-hamilton-khaki-field-auto-chrono\/#primaryimage","url":"https:\/\/storage1208.cdn-immedia.net\/wp-content\/uploads\/2021\/12\/h71706830-hamilton-orologio-watch.jpeg","contentUrl":"https:\/\/storage1208.cdn-immedia.net\/wp-content\/uploads\/2021\/12\/h71706830-hamilton-orologio-watch.jpeg","width":1080,"height":1080,"caption":"Hamilton Khaki Field Auto Chrono h71706830 hamilton orologio watch sconto discount"},{"@type":"BreadcrumbList","@id":"https:\/\/www.fecarotta.com\/it\/prodotto\/orologio-hamilton-khaki-field-auto-chrono\/#breadcrumb","itemListElement":[{"@type":"ListItem","position":1,"name":"Home","item":"https:\/\/www.fecarotta.com\/it\/"},{"@type":"ListItem","position":2,"name":"Negozio","item":"https:\/\/www.fecarotta.com\/it\/negozio\/"},{"@type":"ListItem","position":3,"name":"Khaki Field Auto Chrono"}]},{"@type":"WebSite","@id":"https:\/\/www.fecarotta.com\/it\/#website","url":"https:\/\/www.fecarotta.com\/it\/","name":"Fecarotta Gioielli","description":"","publisher":{"@id":"https:\/\/www.fecarotta.com\/it\/#organization"},"potentialAction":[{"@type":"SearchAction","target":{"@type":"EntryPoint","urlTemplate":"https:\/\/www.fecarotta.com\/it\/?s={search_term_string}"},"query-input":{"@type":"PropertyValueSpecification","valueRequired":true,"valueName":"search_term_string"}}],"inLanguage":"it-IT"},{"@type":"Organization","@id":"https:\/\/www.fecarotta.com\/it\/#organization","name":"Fecarotta Gioielli","url":"https:\/\/www.fecarotta.com\/it\/","logo":{"@type":"ImageObject","inLanguage":"it-IT","@id":"https:\/\/www.fecarotta.com\/it\/#\/schema\/logo\/image\/","url":"https:\/\/storage1208.cdn-immedia.net\/wp-content\/uploads\/2025\/03\/logo-gmb-fecarotta.jpg","contentUrl":"https:\/\/storage1208.cdn-immedia.net\/wp-content\/uploads\/2025\/03\/logo-gmb-fecarotta.jpg","width":500,"height":500,"caption":"Fecarotta Gioielli"},"image":{"@id":"https:\/\/www.fecarotta.com\/it\/#\/schema\/logo\/image\/"},"sameAs":["https:\/\/www.facebook.com\/fecarottagioielli","http:\/\/www.instagram.com\/fecarotta.it","https:\/\/www.linkedin.com\/company\/fecarotta-it\/","https:\/\/api.whatsapp.com\/send?phone=393913323691&text=Salve, vorrei qualche informazione in merito ai vostri prodotti."]}]}},"_links":{"self":[{"href":"https:\/\/www.fecarotta.com\/it\/wp-json\/wp\/v2\/product\/103643","targetHints":{"allow":["GET"]}}],"collection":[{"href":"https:\/\/www.fecarotta.com\/it\/wp-json\/wp\/v2\/product"}],"about":[{"href":"https:\/\/www.fecarotta.com\/it\/wp-json\/wp\/v2\/types\/product"}],"wp:featuredmedia":[{"embeddable":true,"href":"https:\/\/www.fecarotta.com\/it\/wp-json\/wp\/v2\/media\/103645"}],"wp:attachment":[{"href":"https:\/\/www.fecarotta.com\/it\/wp-json\/wp\/v2\/media?parent=103643"}],"wp:term":[{"taxonomy":"product_brand","embeddable":true,"href":"https:\/\/www.fecarotta.com\/it\/wp-json\/wp\/v2\/product_brand?post=103643"},{"taxonomy":"product_cat","embeddable":true,"href":"https:\/\/www.fecarotta.com\/it\/wp-json\/wp\/v2\/product_cat?post=103643"},{"taxonomy":"product_tag","embeddable":true,"href":"https:\/\/www.fecarotta.com\/it\/wp-json\/wp\/v2\/product_tag?post=103643"}],"curies":[{"name":"wp","href":"https:\/\/api.w.org\/{rel}","templated":true}]}}