{"id":103530,"date":"2021-12-14T17:17:44","date_gmt":"2021-12-14T17:17:44","guid":{"rendered":"https:\/\/www.fecarotta.com\/?post_type=product&#038;p=103530"},"modified":"2025-07-09T09:59:26","modified_gmt":"2025-07-09T09:59:26","slug":"richard-ginori-teiera-arcadia","status":"publish","type":"product","link":"https:\/\/www.fecarotta.com\/it\/prodotto\/richard-ginori-teiera-arcadia\/","title":{"rendered":"TEIERA"},"content":{"rendered":"<div class=\"node-product--value-label\">Descrizione<\/div>\n<p>Teiera bianca in porcellana\u00a0della collezione\u00a0<strong>Arcadia<\/strong><\/p>\n<p>Una splendida teiera da\u00a0<strong>1,50 l<\/strong>\u00a0di\u00a0<strong>forma Venezia<\/strong>\u00a0da abbinare alle tazze da t\u00e8 Arcadia per completare un servito in porcellana unico nel suo genere. Vi regaler\u00e0 un tocco di bellezza ogni volta che la utilizzerete per godervi un caldo t\u00e8 pomeridiano, ma a noi piace pensare che ne rimarrete estasiati anche quando la metterete sul tavolo del vostro salotto insieme alle tazze e ai piattini. Perch\u00e9 si sa, un set da t\u00e8 \u00e8 sempre un ottimo oggetto da arredamento in grado di rendere una stanza pi\u00f9 accogliente e sopratutto pi\u00f9 personale.<\/p>\n","protected":false},"excerpt":{"rendered":"<div class=\"node-product--value product-dimensions\">\n<div class=\"node-product--value-label\">Dimensioni:\u00a0 \u21a5 14.4cm\u00a0 \u00d8 max. 16cm\u00a0 \u2248 1.50 l\u00a0 WT 510g<\/div>\n<\/div>\n<div class=\"node-product--value node-product--tag-designer\">\n<div class=\"node-product--value-label\">Designer:\u00a0 Orazio Stasi<\/div>\n<\/div>\n","protected":false},"featured_media":103532,"template":"","meta":{"_acf_changed":false},"product_brand":[],"product_cat":[121,1807,2357,113],"product_tag":[],"class_list":{"0":"post-103530","1":"product","2":"type-product","3":"status-publish","4":"has-post-thumbnail","6":"product_cat-accessori-per-la-casa","7":"product_cat-home-design","8":"product_cat-piatti","9":"product_cat-porcellane-e-cristalli","10":"pa_brand-richard-ginori","11":"pa_collection-arcadia","13":"first","14":"instock","15":"sale","16":"purchasable","17":"product-type-simple","18":"add-to-wishlist-before_image"},"acf":[],"yoast_head":"<!-- This site is optimized with the Yoast SEO plugin v27.5 - https:\/\/yoast.com\/product\/yoast-seo-wordpress\/ -->\n<title>TEIERA - Fecarotta Gioielli<\/title>\n<meta name=\"description\" content=\"Richard Ginori TEIERA ARCADIA, acquista online con coupon di benvenuto e codice sconto\" \/>\n<meta name=\"robots\" content=\"index, follow, max-snippet:-1, max-image-preview:large, max-video-preview:-1\" \/>\n<link rel=\"canonical\" href=\"https:\/\/www.fecarotta.com\/it\/prodotto\/richard-ginori-teiera-arcadia\/\" \/>\n<meta property=\"og:locale\" content=\"it_IT\" \/>\n<meta property=\"og:type\" content=\"article\" \/>\n<meta property=\"og:title\" content=\"TEIERA - Fecarotta Gioielli\" \/>\n<meta property=\"og:description\" content=\"Richard Ginori TEIERA ARCADIA, acquista online con coupon di benvenuto e codice sconto\" \/>\n<meta property=\"og:url\" content=\"https:\/\/www.fecarotta.com\/it\/prodotto\/richard-ginori-teiera-arcadia\/\" \/>\n<meta property=\"og:site_name\" content=\"Fecarotta Gioielli\" \/>\n<meta property=\"article:publisher\" content=\"https:\/\/www.facebook.com\/fecarottagioielli\" \/>\n<meta property=\"article:modified_time\" content=\"2025-07-09T09:59:26+00:00\" \/>\n<meta property=\"og:image\" content=\"https:\/\/storage1208.cdn-immedia.net\/wp-content\/uploads\/2021\/12\/Richard-Ginori-TEIERA-ARCADIA.png\" \/>\n\t<meta property=\"og:image:width\" content=\"768\" \/>\n\t<meta property=\"og:image:height\" content=\"768\" \/>\n\t<meta property=\"og:image:type\" content=\"image\/png\" \/>\n<meta name=\"twitter:card\" content=\"summary_large_image\" \/>\n<meta name=\"twitter:label1\" content=\"Tempo di lettura stimato\" \/>\n\t<meta name=\"twitter:data1\" content=\"1 minuto\" \/>\n<script type=\"application\/ld+json\" class=\"yoast-schema-graph\">{\"@context\":\"https:\\\/\\\/schema.org\",\"@graph\":[{\"@type\":\"WebPage\",\"@id\":\"https:\\\/\\\/www.fecarotta.com\\\/it\\\/prodotto\\\/richard-ginori-teiera-arcadia\\\/\",\"url\":\"https:\\\/\\\/www.fecarotta.com\\\/it\\\/prodotto\\\/richard-ginori-teiera-arcadia\\\/\",\"name\":\"TEIERA - Fecarotta Gioielli\",\"isPartOf\":{\"@id\":\"https:\\\/\\\/www.fecarotta.com\\\/it\\\/#website\"},\"primaryImageOfPage\":{\"@id\":\"https:\\\/\\\/www.fecarotta.com\\\/it\\\/prodotto\\\/richard-ginori-teiera-arcadia\\\/#primaryimage\"},\"image\":{\"@id\":\"https:\\\/\\\/www.fecarotta.com\\\/it\\\/prodotto\\\/richard-ginori-teiera-arcadia\\\/#primaryimage\"},\"thumbnailUrl\":\"https:\\\/\\\/www.fecarotta.com\\\/wp-content\\\/uploads\\\/2021\\\/12\\\/Richard-Ginori-TEIERA-ARCADIA.png\",\"datePublished\":\"2021-12-14T17:17:44+00:00\",\"dateModified\":\"2025-07-09T09:59:26+00:00\",\"description\":\"Richard Ginori TEIERA ARCADIA, acquista online con coupon di benvenuto e codice sconto\",\"breadcrumb\":{\"@id\":\"https:\\\/\\\/www.fecarotta.com\\\/it\\\/prodotto\\\/richard-ginori-teiera-arcadia\\\/#breadcrumb\"},\"inLanguage\":\"it-IT\",\"potentialAction\":[{\"@type\":\"ReadAction\",\"target\":[\"https:\\\/\\\/www.fecarotta.com\\\/it\\\/prodotto\\\/richard-ginori-teiera-arcadia\\\/\"]}]},{\"@type\":\"ImageObject\",\"inLanguage\":\"it-IT\",\"@id\":\"https:\\\/\\\/www.fecarotta.com\\\/it\\\/prodotto\\\/richard-ginori-teiera-arcadia\\\/#primaryimage\",\"url\":\"https:\\\/\\\/www.fecarotta.com\\\/wp-content\\\/uploads\\\/2021\\\/12\\\/Richard-Ginori-TEIERA-ARCADIA.png\",\"contentUrl\":\"https:\\\/\\\/www.fecarotta.com\\\/wp-content\\\/uploads\\\/2021\\\/12\\\/Richard-Ginori-TEIERA-ARCADIA.png\",\"width\":768,\"height\":768,\"caption\":\"Richard Ginori TEIERA ARCADIA TEAPOT SCONTO DISCOUNT\"},{\"@type\":\"BreadcrumbList\",\"@id\":\"https:\\\/\\\/www.fecarotta.com\\\/it\\\/prodotto\\\/richard-ginori-teiera-arcadia\\\/#breadcrumb\",\"itemListElement\":[{\"@type\":\"ListItem\",\"position\":1,\"name\":\"Home\",\"item\":\"https:\\\/\\\/www.fecarotta.com\\\/it\\\/\"},{\"@type\":\"ListItem\",\"position\":2,\"name\":\"Negozio\",\"item\":\"https:\\\/\\\/www.fecarotta.com\\\/it\\\/negozio\\\/\"},{\"@type\":\"ListItem\",\"position\":3,\"name\":\"TEIERA\"}]},{\"@type\":\"WebSite\",\"@id\":\"https:\\\/\\\/www.fecarotta.com\\\/it\\\/#website\",\"url\":\"https:\\\/\\\/www.fecarotta.com\\\/it\\\/\",\"name\":\"Fecarotta Gioielli\",\"description\":\"\",\"publisher\":{\"@id\":\"https:\\\/\\\/www.fecarotta.com\\\/it\\\/#organization\"},\"potentialAction\":[{\"@type\":\"SearchAction\",\"target\":{\"@type\":\"EntryPoint\",\"urlTemplate\":\"https:\\\/\\\/www.fecarotta.com\\\/it\\\/?s={search_term_string}\"},\"query-input\":{\"@type\":\"PropertyValueSpecification\",\"valueRequired\":true,\"valueName\":\"search_term_string\"}}],\"inLanguage\":\"it-IT\"},{\"@type\":\"Organization\",\"@id\":\"https:\\\/\\\/www.fecarotta.com\\\/it\\\/#organization\",\"name\":\"Fecarotta Gioielli\",\"url\":\"https:\\\/\\\/www.fecarotta.com\\\/it\\\/\",\"logo\":{\"@type\":\"ImageObject\",\"inLanguage\":\"it-IT\",\"@id\":\"https:\\\/\\\/www.fecarotta.com\\\/it\\\/#\\\/schema\\\/logo\\\/image\\\/\",\"url\":\"https:\\\/\\\/www.fecarotta.com\\\/wp-content\\\/uploads\\\/2025\\\/03\\\/logo-gmb-fecarotta.jpg\",\"contentUrl\":\"https:\\\/\\\/www.fecarotta.com\\\/wp-content\\\/uploads\\\/2025\\\/03\\\/logo-gmb-fecarotta.jpg\",\"width\":500,\"height\":500,\"caption\":\"Fecarotta Gioielli\"},\"image\":{\"@id\":\"https:\\\/\\\/www.fecarotta.com\\\/it\\\/#\\\/schema\\\/logo\\\/image\\\/\"},\"sameAs\":[\"https:\\\/\\\/www.facebook.com\\\/fecarottagioielli\",\"http:\\\/\\\/www.instagram.com\\\/fecarotta.it\",\"https:\\\/\\\/www.linkedin.com\\\/company\\\/fecarotta-it\\\/\",\"https:\\\/\\\/api.whatsapp.com\\\/send?phone=393913323691&text=Salve, vorrei qualche informazione in merito ai vostri prodotti.\"]}]}<\/script>\n<!-- \/ Yoast SEO plugin. -->","yoast_head_json":{"title":"TEIERA - Fecarotta Gioielli","description":"Richard Ginori TEIERA ARCADIA, acquista online con coupon di benvenuto e codice sconto","robots":{"index":"index","follow":"follow","max-snippet":"max-snippet:-1","max-image-preview":"max-image-preview:large","max-video-preview":"max-video-preview:-1"},"canonical":"https:\/\/www.fecarotta.com\/it\/prodotto\/richard-ginori-teiera-arcadia\/","og_locale":"it_IT","og_type":"article","og_title":"TEIERA - Fecarotta Gioielli","og_description":"Richard Ginori TEIERA ARCADIA, acquista online con coupon di benvenuto e codice sconto","og_url":"https:\/\/www.fecarotta.com\/it\/prodotto\/richard-ginori-teiera-arcadia\/","og_site_name":"Fecarotta Gioielli","article_publisher":"https:\/\/www.facebook.com\/fecarottagioielli","article_modified_time":"2025-07-09T09:59:26+00:00","og_image":[{"width":768,"height":768,"url":"https:\/\/storage1208.cdn-immedia.net\/wp-content\/uploads\/2021\/12\/Richard-Ginori-TEIERA-ARCADIA.png","type":"image\/png"}],"twitter_card":"summary_large_image","twitter_misc":{"Tempo di lettura stimato":"1 minuto"},"schema":{"@context":"https:\/\/schema.org","@graph":[{"@type":"WebPage","@id":"https:\/\/www.fecarotta.com\/it\/prodotto\/richard-ginori-teiera-arcadia\/","url":"https:\/\/www.fecarotta.com\/it\/prodotto\/richard-ginori-teiera-arcadia\/","name":"TEIERA - Fecarotta Gioielli","isPartOf":{"@id":"https:\/\/www.fecarotta.com\/it\/#website"},"primaryImageOfPage":{"@id":"https:\/\/www.fecarotta.com\/it\/prodotto\/richard-ginori-teiera-arcadia\/#primaryimage"},"image":{"@id":"https:\/\/www.fecarotta.com\/it\/prodotto\/richard-ginori-teiera-arcadia\/#primaryimage"},"thumbnailUrl":"https:\/\/storage1208.cdn-immedia.net\/wp-content\/uploads\/2021\/12\/Richard-Ginori-TEIERA-ARCADIA.png","datePublished":"2021-12-14T17:17:44+00:00","dateModified":"2025-07-09T09:59:26+00:00","description":"Richard Ginori TEIERA ARCADIA, acquista online con coupon di benvenuto e codice sconto","breadcrumb":{"@id":"https:\/\/www.fecarotta.com\/it\/prodotto\/richard-ginori-teiera-arcadia\/#breadcrumb"},"inLanguage":"it-IT","potentialAction":[{"@type":"ReadAction","target":["https:\/\/www.fecarotta.com\/it\/prodotto\/richard-ginori-teiera-arcadia\/"]}]},{"@type":"ImageObject","inLanguage":"it-IT","@id":"https:\/\/www.fecarotta.com\/it\/prodotto\/richard-ginori-teiera-arcadia\/#primaryimage","url":"https:\/\/storage1208.cdn-immedia.net\/wp-content\/uploads\/2021\/12\/Richard-Ginori-TEIERA-ARCADIA.png","contentUrl":"https:\/\/storage1208.cdn-immedia.net\/wp-content\/uploads\/2021\/12\/Richard-Ginori-TEIERA-ARCADIA.png","width":768,"height":768,"caption":"Richard Ginori TEIERA ARCADIA TEAPOT SCONTO DISCOUNT"},{"@type":"BreadcrumbList","@id":"https:\/\/www.fecarotta.com\/it\/prodotto\/richard-ginori-teiera-arcadia\/#breadcrumb","itemListElement":[{"@type":"ListItem","position":1,"name":"Home","item":"https:\/\/www.fecarotta.com\/it\/"},{"@type":"ListItem","position":2,"name":"Negozio","item":"https:\/\/www.fecarotta.com\/it\/negozio\/"},{"@type":"ListItem","position":3,"name":"TEIERA"}]},{"@type":"WebSite","@id":"https:\/\/www.fecarotta.com\/it\/#website","url":"https:\/\/www.fecarotta.com\/it\/","name":"Fecarotta Gioielli","description":"","publisher":{"@id":"https:\/\/www.fecarotta.com\/it\/#organization"},"potentialAction":[{"@type":"SearchAction","target":{"@type":"EntryPoint","urlTemplate":"https:\/\/www.fecarotta.com\/it\/?s={search_term_string}"},"query-input":{"@type":"PropertyValueSpecification","valueRequired":true,"valueName":"search_term_string"}}],"inLanguage":"it-IT"},{"@type":"Organization","@id":"https:\/\/www.fecarotta.com\/it\/#organization","name":"Fecarotta Gioielli","url":"https:\/\/www.fecarotta.com\/it\/","logo":{"@type":"ImageObject","inLanguage":"it-IT","@id":"https:\/\/www.fecarotta.com\/it\/#\/schema\/logo\/image\/","url":"https:\/\/storage1208.cdn-immedia.net\/wp-content\/uploads\/2025\/03\/logo-gmb-fecarotta.jpg","contentUrl":"https:\/\/storage1208.cdn-immedia.net\/wp-content\/uploads\/2025\/03\/logo-gmb-fecarotta.jpg","width":500,"height":500,"caption":"Fecarotta Gioielli"},"image":{"@id":"https:\/\/www.fecarotta.com\/it\/#\/schema\/logo\/image\/"},"sameAs":["https:\/\/www.facebook.com\/fecarottagioielli","http:\/\/www.instagram.com\/fecarotta.it","https:\/\/www.linkedin.com\/company\/fecarotta-it\/","https:\/\/api.whatsapp.com\/send?phone=393913323691&text=Salve, vorrei qualche informazione in merito ai vostri prodotti."]}]}},"_links":{"self":[{"href":"https:\/\/www.fecarotta.com\/it\/wp-json\/wp\/v2\/product\/103530","targetHints":{"allow":["GET"]}}],"collection":[{"href":"https:\/\/www.fecarotta.com\/it\/wp-json\/wp\/v2\/product"}],"about":[{"href":"https:\/\/www.fecarotta.com\/it\/wp-json\/wp\/v2\/types\/product"}],"wp:featuredmedia":[{"embeddable":true,"href":"https:\/\/www.fecarotta.com\/it\/wp-json\/wp\/v2\/media\/103532"}],"wp:attachment":[{"href":"https:\/\/www.fecarotta.com\/it\/wp-json\/wp\/v2\/media?parent=103530"}],"wp:term":[{"taxonomy":"product_brand","embeddable":true,"href":"https:\/\/www.fecarotta.com\/it\/wp-json\/wp\/v2\/product_brand?post=103530"},{"taxonomy":"product_cat","embeddable":true,"href":"https:\/\/www.fecarotta.com\/it\/wp-json\/wp\/v2\/product_cat?post=103530"},{"taxonomy":"product_tag","embeddable":true,"href":"https:\/\/www.fecarotta.com\/it\/wp-json\/wp\/v2\/product_tag?post=103530"}],"curies":[{"name":"wp","href":"https:\/\/api.w.org\/{rel}","templated":true}]}}