{"id":103296,"date":"2019-08-27T16:51:37","date_gmt":"2019-08-27T16:51:37","guid":{"rendered":"https:\/\/www.fecarotta.com\/?post_type=product&#038;p=103296"},"modified":"2026-03-04T18:24:55","modified_gmt":"2026-03-04T18:24:55","slug":"bracciale-blind-for-love-in-argento-gucci","status":"publish","type":"product","link":"https:\/\/www.fecarotta.com\/it\/prodotto\/bracciale-blind-for-love-in-argento-gucci\/","title":{"rendered":"Bracciale &#8220;Blind For Love&#8221; in argento GUCCI"},"content":{"rendered":"<p>Bracciale &#8220;Blind For Love&#8221; in argento GUCCI<\/p>\n<p>Made in Italy<br \/>\nGucci garantisce, al proprio interno e nella propria filiera, il rispetto degli standard di Responsabilit\u0088 Sociale e Ambientale in coerenza con la sua strategia di sostenibilit\u0088<\/p>\n<p>Ogni Gioiello Gucci\u00ca\u008f corredato dal certificato originale di garanzia e dalla confezione originale. FG Fecarotta Gioielli \u008f concessionario ufficiale del marchio Gucci.<\/p>\n<h4>La Storia GUCCI<\/h4>\n<p>Nel 1921 Guccio Gucci fond\u00f2 a Firenze l\u2019azienda omonima per la produzione di articoli di pelletteria, guanti e valigeria. Nel 1923 il primo marchio della casa di moda riportava solamente il nome del fondatore nel carattere calligra\ufb01co, probabilmente derivato dalla sua \ufb01rma.<\/p>\n<p>E\u2019 il 1960 Aldo Gucci, uno dei tre \ufb01gli di Guccio, disegna il simbolo con le due \u201cG\u201d incrociate, chiaro riferimento alle iniziali del fondatore; questo segno grafico, non ancora diventato il marchio dell\u2019azienda, viene riproposto in diverse fogge e cio\u00e8; fuse in un cerchio, contrapposte, invertite e in forma astratta. Quindi nel 1971 il logot\u00ecpo sar\u00e0 composto con un carattere graziato mentre solo nel 1992,con la direzione artistica di Alessandro Michele, comparir\u00e0 ufficialmente nel marchio aziendale il simbolo della doppia \u201cG\u201d, fino ad allora utilizzato solo come griffe sulle borse, calzature e cinture.<\/p>\n<p>A partire dal 1998 la comunicazione ufficiale sar\u00e0 affidata al solo logot\u00ecpo composto con carattere graziato lapidario, molto spaziato; \u00e8 con questo marchio che l\u2019azienda si presenta nel mondo come espressione distintiva del \u201cmade in Italy\u201d.<\/p>\n<p><a href=\"https:\/\/www.fecarotta.com\/it\/fecarotta-gioielli-company\/\" target=\"_blank\" rel=\"noopener noreferrer\">La nostra Azienda<\/a><\/p>\n<p><a href=\"https:\/\/www.youtube.com\/user\/gucciofficial\" target=\"_blank\" rel=\"noopener noreferrer\">Gucci official video<\/a><\/p>\n","protected":false},"excerpt":{"rendered":"<p>Bracciale &#8220;Blind For Love&#8221; in argento GUCCI<\/p>\n<p class=\"accordion-button\">DETTAGLI PRODOTTO<\/p>\n<div id=\"product-details\" class=\"accordion-drawer\">\n<div class=\"style-number-title\">Stile\u00a0\u200e455242 J8400 0701<\/div>\n<div class=\"product-detail\">\n<p>Bracciale rigido in argento inciso con i motivi emblematici di Gucci, tra cui l&#8217;occhio, il cuore, il fiore, l&#8217;uccello e la frase &#8220;Blind For Love.&#8221;<\/p>\n<ul>\n<li>Argento 925<\/li>\n<li>Gucci garantisce, al proprio interno e nella propria filiera, il rispetto degli standard di Responsabilit\u00e0 Sociale e Ambientale in coerenza con la sua strategia di sostenibilit\u00e0<\/li>\n<li>6 mm<\/li>\n<li>Made in Italy<\/li>\n<\/ul>\n<\/div>\n<\/div>\n","protected":false},"featured_media":103301,"template":"","meta":{"_acf_changed":false},"product_brand":[],"product_cat":[28,2310,27,1168,2304],"product_tag":[],"class_list":{"0":"post-103296","1":"product","2":"type-product","3":"status-publish","4":"has-post-thumbnail","6":"product_cat-bracciali","7":"product_cat-donna","8":"product_cat-gioielli","9":"product_cat-innamorati","10":"product_cat-uomo","11":"pa_brand-gucci-gioielli","12":"pa_gender-donna","13":"pa_gender-unisex","14":"pa_gender-uomo","15":"pa_size-807","16":"pa_size-958","17":"pa_size-893","19":"first","20":"instock","21":"purchasable","22":"product-type-variable","23":"add-to-wishlist-before_image"},"acf":[],"yoast_head":"<!-- This site is optimized with the Yoast SEO plugin v27.5 - https:\/\/yoast.com\/product\/yoast-seo-wordpress\/ -->\n<title>Bracciale &quot;Blind For Love&quot; in argento GUCCI - Fecarotta Gioielli<\/title>\n<meta name=\"description\" content=\"Bracciale &quot;Blind For Love&quot; in argento GUCCI , con la doppia lettera G che \u008f uno dei simboli Gucci pi\u009d forti e riconoscibili.\" \/>\n<meta name=\"robots\" content=\"index, follow, max-snippet:-1, max-image-preview:large, max-video-preview:-1\" \/>\n<link rel=\"canonical\" href=\"https:\/\/www.fecarotta.com\/it\/prodotto\/bracciale-blind-for-love-in-argento-gucci\/\" \/>\n<meta property=\"og:locale\" content=\"it_IT\" \/>\n<meta property=\"og:type\" content=\"article\" \/>\n<meta property=\"og:title\" content=\"Bracciale &quot;Blind For Love&quot; in argento GUCCI - Fecarotta Gioielli\" \/>\n<meta property=\"og:description\" content=\"Bracciale &quot;Blind For Love&quot; in argento GUCCI , con la doppia lettera G che \u008f uno dei simboli Gucci pi\u009d forti e riconoscibili.\" \/>\n<meta property=\"og:url\" content=\"https:\/\/www.fecarotta.com\/it\/prodotto\/bracciale-blind-for-love-in-argento-gucci\/\" \/>\n<meta property=\"og:site_name\" content=\"Fecarotta Gioielli\" \/>\n<meta property=\"article:publisher\" content=\"https:\/\/www.facebook.com\/fecarottagioielli\" \/>\n<meta property=\"article:modified_time\" content=\"2026-03-04T18:24:55+00:00\" \/>\n<meta property=\"og:image\" content=\"https:\/\/storage1208.cdn-immedia.net\/wp-content\/uploads\/2021\/12\/1.png\" \/>\n\t<meta property=\"og:image:width\" content=\"1080\" \/>\n\t<meta property=\"og:image:height\" content=\"1080\" \/>\n\t<meta property=\"og:image:type\" content=\"image\/png\" \/>\n<meta name=\"twitter:card\" content=\"summary_large_image\" \/>\n<meta name=\"twitter:label1\" content=\"Tempo di lettura stimato\" \/>\n\t<meta name=\"twitter:data1\" content=\"2 minuti\" \/>\n<script type=\"application\/ld+json\" class=\"yoast-schema-graph\">{\"@context\":\"https:\\\/\\\/schema.org\",\"@graph\":[{\"@type\":\"WebPage\",\"@id\":\"https:\\\/\\\/www.fecarotta.com\\\/it\\\/prodotto\\\/bracciale-blind-for-love-in-argento-gucci\\\/\",\"url\":\"https:\\\/\\\/www.fecarotta.com\\\/it\\\/prodotto\\\/bracciale-blind-for-love-in-argento-gucci\\\/\",\"name\":\"Bracciale \\\"Blind For Love\\\" in argento GUCCI - Fecarotta Gioielli\",\"isPartOf\":{\"@id\":\"https:\\\/\\\/www.fecarotta.com\\\/it\\\/#website\"},\"primaryImageOfPage\":{\"@id\":\"https:\\\/\\\/www.fecarotta.com\\\/it\\\/prodotto\\\/bracciale-blind-for-love-in-argento-gucci\\\/#primaryimage\"},\"image\":{\"@id\":\"https:\\\/\\\/www.fecarotta.com\\\/it\\\/prodotto\\\/bracciale-blind-for-love-in-argento-gucci\\\/#primaryimage\"},\"thumbnailUrl\":\"https:\\\/\\\/www.fecarotta.com\\\/wp-content\\\/uploads\\\/2021\\\/12\\\/1.png\",\"datePublished\":\"2019-08-27T16:51:37+00:00\",\"dateModified\":\"2026-03-04T18:24:55+00:00\",\"description\":\"Bracciale \\\"Blind For Love\\\" in argento GUCCI , con la doppia lettera G che \u008f uno dei simboli Gucci pi\u009d forti e riconoscibili.\",\"breadcrumb\":{\"@id\":\"https:\\\/\\\/www.fecarotta.com\\\/it\\\/prodotto\\\/bracciale-blind-for-love-in-argento-gucci\\\/#breadcrumb\"},\"inLanguage\":\"it-IT\",\"potentialAction\":[{\"@type\":\"ReadAction\",\"target\":[\"https:\\\/\\\/www.fecarotta.com\\\/it\\\/prodotto\\\/bracciale-blind-for-love-in-argento-gucci\\\/\"]}]},{\"@type\":\"ImageObject\",\"inLanguage\":\"it-IT\",\"@id\":\"https:\\\/\\\/www.fecarotta.com\\\/it\\\/prodotto\\\/bracciale-blind-for-love-in-argento-gucci\\\/#primaryimage\",\"url\":\"https:\\\/\\\/www.fecarotta.com\\\/wp-content\\\/uploads\\\/2021\\\/12\\\/1.png\",\"contentUrl\":\"https:\\\/\\\/www.fecarotta.com\\\/wp-content\\\/uploads\\\/2021\\\/12\\\/1.png\",\"width\":1080,\"height\":1080,\"caption\":\"Bracciale \\\"Blind For Love\\\" in argento Gucci bracelet sconto discount\"},{\"@type\":\"BreadcrumbList\",\"@id\":\"https:\\\/\\\/www.fecarotta.com\\\/it\\\/prodotto\\\/bracciale-blind-for-love-in-argento-gucci\\\/#breadcrumb\",\"itemListElement\":[{\"@type\":\"ListItem\",\"position\":1,\"name\":\"Home\",\"item\":\"https:\\\/\\\/www.fecarotta.com\\\/it\\\/\"},{\"@type\":\"ListItem\",\"position\":2,\"name\":\"Negozio\",\"item\":\"https:\\\/\\\/www.fecarotta.com\\\/it\\\/negozio\\\/\"},{\"@type\":\"ListItem\",\"position\":3,\"name\":\"Bracciale &#8220;Blind For Love&#8221; in argento GUCCI\"}]},{\"@type\":\"WebSite\",\"@id\":\"https:\\\/\\\/www.fecarotta.com\\\/it\\\/#website\",\"url\":\"https:\\\/\\\/www.fecarotta.com\\\/it\\\/\",\"name\":\"Fecarotta Gioielli\",\"description\":\"\",\"publisher\":{\"@id\":\"https:\\\/\\\/www.fecarotta.com\\\/it\\\/#organization\"},\"potentialAction\":[{\"@type\":\"SearchAction\",\"target\":{\"@type\":\"EntryPoint\",\"urlTemplate\":\"https:\\\/\\\/www.fecarotta.com\\\/it\\\/?s={search_term_string}\"},\"query-input\":{\"@type\":\"PropertyValueSpecification\",\"valueRequired\":true,\"valueName\":\"search_term_string\"}}],\"inLanguage\":\"it-IT\"},{\"@type\":\"Organization\",\"@id\":\"https:\\\/\\\/www.fecarotta.com\\\/it\\\/#organization\",\"name\":\"Fecarotta Gioielli\",\"url\":\"https:\\\/\\\/www.fecarotta.com\\\/it\\\/\",\"logo\":{\"@type\":\"ImageObject\",\"inLanguage\":\"it-IT\",\"@id\":\"https:\\\/\\\/www.fecarotta.com\\\/it\\\/#\\\/schema\\\/logo\\\/image\\\/\",\"url\":\"https:\\\/\\\/www.fecarotta.com\\\/wp-content\\\/uploads\\\/2025\\\/03\\\/logo-gmb-fecarotta.jpg\",\"contentUrl\":\"https:\\\/\\\/www.fecarotta.com\\\/wp-content\\\/uploads\\\/2025\\\/03\\\/logo-gmb-fecarotta.jpg\",\"width\":500,\"height\":500,\"caption\":\"Fecarotta Gioielli\"},\"image\":{\"@id\":\"https:\\\/\\\/www.fecarotta.com\\\/it\\\/#\\\/schema\\\/logo\\\/image\\\/\"},\"sameAs\":[\"https:\\\/\\\/www.facebook.com\\\/fecarottagioielli\",\"http:\\\/\\\/www.instagram.com\\\/fecarotta.it\",\"https:\\\/\\\/www.linkedin.com\\\/company\\\/fecarotta-it\\\/\",\"https:\\\/\\\/api.whatsapp.com\\\/send?phone=393913323691&text=Salve, vorrei qualche informazione in merito ai vostri prodotti.\"]}]}<\/script>\n<!-- \/ Yoast SEO plugin. -->","yoast_head_json":{"title":"Bracciale \"Blind For Love\" in argento GUCCI - Fecarotta Gioielli","description":"Bracciale \"Blind For Love\" in argento GUCCI , con la doppia lettera G che \u008f uno dei simboli Gucci pi\u009d forti e riconoscibili.","robots":{"index":"index","follow":"follow","max-snippet":"max-snippet:-1","max-image-preview":"max-image-preview:large","max-video-preview":"max-video-preview:-1"},"canonical":"https:\/\/www.fecarotta.com\/it\/prodotto\/bracciale-blind-for-love-in-argento-gucci\/","og_locale":"it_IT","og_type":"article","og_title":"Bracciale \"Blind For Love\" in argento GUCCI - Fecarotta Gioielli","og_description":"Bracciale \"Blind For Love\" in argento GUCCI , con la doppia lettera G che \u008f uno dei simboli Gucci pi\u009d forti e riconoscibili.","og_url":"https:\/\/www.fecarotta.com\/it\/prodotto\/bracciale-blind-for-love-in-argento-gucci\/","og_site_name":"Fecarotta Gioielli","article_publisher":"https:\/\/www.facebook.com\/fecarottagioielli","article_modified_time":"2026-03-04T18:24:55+00:00","og_image":[{"width":1080,"height":1080,"url":"https:\/\/storage1208.cdn-immedia.net\/wp-content\/uploads\/2021\/12\/1.png","type":"image\/png"}],"twitter_card":"summary_large_image","twitter_misc":{"Tempo di lettura stimato":"2 minuti"},"schema":{"@context":"https:\/\/schema.org","@graph":[{"@type":"WebPage","@id":"https:\/\/www.fecarotta.com\/it\/prodotto\/bracciale-blind-for-love-in-argento-gucci\/","url":"https:\/\/www.fecarotta.com\/it\/prodotto\/bracciale-blind-for-love-in-argento-gucci\/","name":"Bracciale \"Blind For Love\" in argento GUCCI - Fecarotta Gioielli","isPartOf":{"@id":"https:\/\/www.fecarotta.com\/it\/#website"},"primaryImageOfPage":{"@id":"https:\/\/www.fecarotta.com\/it\/prodotto\/bracciale-blind-for-love-in-argento-gucci\/#primaryimage"},"image":{"@id":"https:\/\/www.fecarotta.com\/it\/prodotto\/bracciale-blind-for-love-in-argento-gucci\/#primaryimage"},"thumbnailUrl":"https:\/\/storage1208.cdn-immedia.net\/wp-content\/uploads\/2021\/12\/1.png","datePublished":"2019-08-27T16:51:37+00:00","dateModified":"2026-03-04T18:24:55+00:00","description":"Bracciale \"Blind For Love\" in argento GUCCI , con la doppia lettera G che \u008f uno dei simboli Gucci pi\u009d forti e riconoscibili.","breadcrumb":{"@id":"https:\/\/www.fecarotta.com\/it\/prodotto\/bracciale-blind-for-love-in-argento-gucci\/#breadcrumb"},"inLanguage":"it-IT","potentialAction":[{"@type":"ReadAction","target":["https:\/\/www.fecarotta.com\/it\/prodotto\/bracciale-blind-for-love-in-argento-gucci\/"]}]},{"@type":"ImageObject","inLanguage":"it-IT","@id":"https:\/\/www.fecarotta.com\/it\/prodotto\/bracciale-blind-for-love-in-argento-gucci\/#primaryimage","url":"https:\/\/storage1208.cdn-immedia.net\/wp-content\/uploads\/2021\/12\/1.png","contentUrl":"https:\/\/storage1208.cdn-immedia.net\/wp-content\/uploads\/2021\/12\/1.png","width":1080,"height":1080,"caption":"Bracciale \"Blind For Love\" in argento Gucci bracelet sconto discount"},{"@type":"BreadcrumbList","@id":"https:\/\/www.fecarotta.com\/it\/prodotto\/bracciale-blind-for-love-in-argento-gucci\/#breadcrumb","itemListElement":[{"@type":"ListItem","position":1,"name":"Home","item":"https:\/\/www.fecarotta.com\/it\/"},{"@type":"ListItem","position":2,"name":"Negozio","item":"https:\/\/www.fecarotta.com\/it\/negozio\/"},{"@type":"ListItem","position":3,"name":"Bracciale &#8220;Blind For Love&#8221; in argento GUCCI"}]},{"@type":"WebSite","@id":"https:\/\/www.fecarotta.com\/it\/#website","url":"https:\/\/www.fecarotta.com\/it\/","name":"Fecarotta Gioielli","description":"","publisher":{"@id":"https:\/\/www.fecarotta.com\/it\/#organization"},"potentialAction":[{"@type":"SearchAction","target":{"@type":"EntryPoint","urlTemplate":"https:\/\/www.fecarotta.com\/it\/?s={search_term_string}"},"query-input":{"@type":"PropertyValueSpecification","valueRequired":true,"valueName":"search_term_string"}}],"inLanguage":"it-IT"},{"@type":"Organization","@id":"https:\/\/www.fecarotta.com\/it\/#organization","name":"Fecarotta Gioielli","url":"https:\/\/www.fecarotta.com\/it\/","logo":{"@type":"ImageObject","inLanguage":"it-IT","@id":"https:\/\/www.fecarotta.com\/it\/#\/schema\/logo\/image\/","url":"https:\/\/storage1208.cdn-immedia.net\/wp-content\/uploads\/2025\/03\/logo-gmb-fecarotta.jpg","contentUrl":"https:\/\/storage1208.cdn-immedia.net\/wp-content\/uploads\/2025\/03\/logo-gmb-fecarotta.jpg","width":500,"height":500,"caption":"Fecarotta Gioielli"},"image":{"@id":"https:\/\/www.fecarotta.com\/it\/#\/schema\/logo\/image\/"},"sameAs":["https:\/\/www.facebook.com\/fecarottagioielli","http:\/\/www.instagram.com\/fecarotta.it","https:\/\/www.linkedin.com\/company\/fecarotta-it\/","https:\/\/api.whatsapp.com\/send?phone=393913323691&text=Salve, vorrei qualche informazione in merito ai vostri prodotti."]}]}},"_links":{"self":[{"href":"https:\/\/www.fecarotta.com\/it\/wp-json\/wp\/v2\/product\/103296","targetHints":{"allow":["GET"]}}],"collection":[{"href":"https:\/\/www.fecarotta.com\/it\/wp-json\/wp\/v2\/product"}],"about":[{"href":"https:\/\/www.fecarotta.com\/it\/wp-json\/wp\/v2\/types\/product"}],"wp:featuredmedia":[{"embeddable":true,"href":"https:\/\/www.fecarotta.com\/it\/wp-json\/wp\/v2\/media\/103301"}],"wp:attachment":[{"href":"https:\/\/www.fecarotta.com\/it\/wp-json\/wp\/v2\/media?parent=103296"}],"wp:term":[{"taxonomy":"product_brand","embeddable":true,"href":"https:\/\/www.fecarotta.com\/it\/wp-json\/wp\/v2\/product_brand?post=103296"},{"taxonomy":"product_cat","embeddable":true,"href":"https:\/\/www.fecarotta.com\/it\/wp-json\/wp\/v2\/product_cat?post=103296"},{"taxonomy":"product_tag","embeddable":true,"href":"https:\/\/www.fecarotta.com\/it\/wp-json\/wp\/v2\/product_tag?post=103296"}],"curies":[{"name":"wp","href":"https:\/\/api.w.org\/{rel}","templated":true}]}}