{"id":102451,"date":"2022-07-16T04:00:36","date_gmt":"2022-07-16T04:00:36","guid":{"rendered":"https:\/\/www.fecarotta.com\/?post_type=product&#038;p=102451"},"modified":"2022-07-16T16:01:50","modified_gmt":"2022-07-16T16:01:50","slug":"orecchini-gucci-fiore-e-doppia-g-con-diamanti-2","status":"publish","type":"product","link":"https:\/\/www.fecarotta.com\/it\/prodotto\/orecchini-gucci-fiore-e-doppia-g-con-diamanti-2\/","title":{"rendered":"Orecchini Gucci fiore e Doppia G con diamanti"},"content":{"rendered":"<p>Definiti da un design asimmetrico, questi orecchini pendenti sono realizzati in oro bianco 18 carati e mescolano simboli che sono diventati sinonimi della Maison. Parte del fascino per il mondo della natura che ispira costantemente la narrativa Gucci, il fiore si unisce alla Doppia G &#8211; un codice d&#8217;archivio degli anni &#8217;70.<\/p>\n<p>&nbsp;<\/p>\n<div id=\"product-details\" class=\"accordion-drawer\">\n<div class=\"product-detail\">\n<h5>La Storia<\/h5>\n<\/div>\n<p>Gucci \u00e8 uno dei brand italiani di alta moda tra i pi\u00f9 famosi del mondo, e i suoi orologi e gioielli rispecchiano appieno la tradizione di stile e originalit\u00e0 di cui l\u2019azienda fondata a Firenze da Guccio Gucci nell\u2019ormai lontano 1921 si \u00e8 sempre fatta portabandiera.<\/p>\n<p>Nel 1921 Guccio Gucci fond\u00f2 a Firenze l\u2019azienda omonima per la produzione di articoli di pelletteria, guanti e valigeria. Nel 1923 il primo marchio della casa di moda riportava solamente il nome del fondatore nel carattere calligra\ufb01co, probabilmente derivato dalla sua \ufb01rma.<\/p>\n<p>E&#8217; il 1960 Aldo Gucci, uno dei tre \ufb01gli di Guccio, disegna il simbolo con le due \u201cG\u201d incrociate, chiaro riferimento alle iniziali del fondatore; questo segno grafico, non ancora diventato il marchio dell\u2019azienda, viene riproposto in diverse fogge e cio\u00e8; fuse in un cerchio, contrapposte, invertite e in forma astratta. Quindi nel 1971 il logot\u00ecpo sar\u00e0 composto con un carattere graziato mentre solo nel 1992,con la direzione artistica di Alessandro Michele, comparir\u00e0 ufficialmente nel marchio aziendale il simbolo della doppia \u201cG\u201d, fino ad allora utilizzato solo come griffe sulle borse, calzature e cinture.<\/p>\n<p>A partire dal 1998 la comunicazione ufficiale sar\u00e0 affidata al solo logot\u00ecpo composto con carattere graziato lapidario, molto spaziato; \u00e8 con questo marchio che l\u2019azienda si presenta nel mondo come espressione distintiva del \u201cmade in Italy\u201d.<\/p>\n<p>Nel 2019 il nuovo monogramma Gucci impreziosisce gli accessori come gioielli e borse; presenta le due G sovrapposte e rivolte entrambe a destra.<\/p>\n<p>Ogni oggetto \u00e8 corredato\u00a0 dalla confezione originale. FG Fecarotta Gioielli \u00e8 concessionario ufficiale del marchio Gucci.&#8221;<\/p>\n<p>&nbsp;<\/p>\n<p>&nbsp;<\/p>\n<p>&nbsp;<\/p>\n<p><a href=\"https:\/\/www.fecarotta.com\/it\/fecarotta-gioielli-company\/\" target=\"_blank\" rel=\"noopener noreferrer\">La nostra Azienda<\/a><\/p>\n<p><a href=\"https:\/\/www.youtube.com\/user\/gucciofficial\" target=\"_blank\" rel=\"noopener noreferrer\">Gucci official video<\/a><\/p>\n<\/div>\n","protected":false},"excerpt":{"rendered":"<p>GUCCI Orecchini a fiore e doppia G con diamanti<br \/>\n582031 J8CZ0 9068<br \/>\nDefiniti da un design asimmetrico, questi orecchini pendenti sono realizzati in oro bianco 18 carati e mescolano simboli che sono diventati sinonimi della Maison. Parte del fascino per il mondo della natura che ispira costantemente la narrativa Gucci, il fiore si unisce alla Doppia G &#8211; un codice d&#8217;archivio degli anni &#8217;70.<\/p>\n<p>Oro bianco 18 carati<br \/>\nDiamanti bianchi<br \/>\nCiondolo doppia G su un orecchino, ciondolo fiore sull&#8217;altro<br \/>\nPerla bianca sul retro<br \/>\nDesign asimmetrico<br \/>\nPer orecchie forate<br \/>\n64 diamanti, per un totale di circa .24 carati<br \/>\nLunghezza: 78,8mm<br \/>\nProdotto in Italia<br \/>\nGucci garantisce, internamente e nella sua catena di fornitura, il rispetto degli standard di responsabilit\u00e0 sociale e ambientale in linea con la sua strategia di sostenibilit\u00e0. L&#8217;oro, il platino e i diamanti Gucci sono certificati dal Responsible Jewellery Council, la cui missione \u00e8 quella di promuovere pratiche responsabili, etiche, sociali e ambientali che garantiscano i diritti umani lungo tutta la catena di approvvigionamento di oro e diamanti, dalle miniere alla vendita al dettaglio<\/p>\n","protected":false},"featured_media":102461,"template":"","meta":{"_acf_changed":false},"product_brand":[],"product_cat":[2310,27,35],"product_tag":[],"class_list":{"0":"post-102451","1":"product","2":"type-product","3":"status-publish","4":"has-post-thumbnail","6":"product_cat-donna","7":"product_cat-gioielli","8":"product_cat-orecchini-2-jewels","9":"pa_brand-gucci-gioielli","10":"pa_collection-flora","11":"pa_gender-donna","13":"first","14":"instock","15":"shipping-taxable","16":"purchasable","17":"product-type-simple","18":"add-to-wishlist-before_image"},"acf":[],"yoast_head":"<!-- This site is optimized with the Yoast SEO plugin v27.5 - https:\/\/yoast.com\/product\/yoast-seo-wordpress\/ -->\n<title>Orecchini Gucci fiore e Doppia G con diamanti - Fecarotta Gioielli<\/title>\n<meta name=\"description\" content=\"Un simbolo proveniente dagli archivi degli anni &#039;70, la Doppia G \u00e8 reimmaginata in un paio di Orecchini Gucci fiore e Doppia G con diamanti.\" \/>\n<meta name=\"robots\" content=\"index, follow, max-snippet:-1, max-image-preview:large, max-video-preview:-1\" \/>\n<link rel=\"canonical\" href=\"https:\/\/www.fecarotta.com\/it\/prodotto\/orecchini-gucci-fiore-e-doppia-g-con-diamanti-2\/\" \/>\n<meta property=\"og:locale\" content=\"it_IT\" \/>\n<meta property=\"og:type\" content=\"article\" \/>\n<meta property=\"og:title\" content=\"Orecchini Gucci fiore e Doppia G con diamanti - Fecarotta Gioielli\" \/>\n<meta property=\"og:description\" content=\"Un simbolo proveniente dagli archivi degli anni &#039;70, la Doppia G \u00e8 reimmaginata in un paio di Orecchini Gucci fiore e Doppia G con diamanti.\" \/>\n<meta property=\"og:url\" content=\"https:\/\/www.fecarotta.com\/it\/prodotto\/orecchini-gucci-fiore-e-doppia-g-con-diamanti-2\/\" \/>\n<meta property=\"og:site_name\" content=\"Fecarotta Gioielli\" \/>\n<meta property=\"article:publisher\" content=\"https:\/\/www.facebook.com\/fecarottagioielli\" \/>\n<meta property=\"article:modified_time\" content=\"2022-07-16T16:01:50+00:00\" \/>\n<meta property=\"og:image\" content=\"https:\/\/storage1208.cdn-immedia.net\/wp-content\/uploads\/2021\/11\/YBD582031001-Orecchini-Gucci-fiore-e-Doppia-G-con-diamanti-earrings-sconto-discount.jpg\" \/>\n\t<meta property=\"og:image:width\" content=\"2160\" \/>\n\t<meta property=\"og:image:height\" content=\"2160\" \/>\n\t<meta property=\"og:image:type\" content=\"image\/jpeg\" \/>\n<meta name=\"twitter:card\" content=\"summary_large_image\" \/>\n<meta name=\"twitter:label1\" content=\"Tempo di lettura stimato\" \/>\n\t<meta name=\"twitter:data1\" content=\"2 minuti\" \/>\n<script type=\"application\/ld+json\" class=\"yoast-schema-graph\">{\"@context\":\"https:\\\/\\\/schema.org\",\"@graph\":[{\"@type\":\"WebPage\",\"@id\":\"https:\\\/\\\/www.fecarotta.com\\\/it\\\/prodotto\\\/orecchini-gucci-fiore-e-doppia-g-con-diamanti-2\\\/\",\"url\":\"https:\\\/\\\/www.fecarotta.com\\\/it\\\/prodotto\\\/orecchini-gucci-fiore-e-doppia-g-con-diamanti-2\\\/\",\"name\":\"Orecchini Gucci fiore e Doppia G con diamanti - Fecarotta Gioielli\",\"isPartOf\":{\"@id\":\"https:\\\/\\\/www.fecarotta.com\\\/it\\\/#website\"},\"primaryImageOfPage\":{\"@id\":\"https:\\\/\\\/www.fecarotta.com\\\/it\\\/prodotto\\\/orecchini-gucci-fiore-e-doppia-g-con-diamanti-2\\\/#primaryimage\"},\"image\":{\"@id\":\"https:\\\/\\\/www.fecarotta.com\\\/it\\\/prodotto\\\/orecchini-gucci-fiore-e-doppia-g-con-diamanti-2\\\/#primaryimage\"},\"thumbnailUrl\":\"https:\\\/\\\/www.fecarotta.com\\\/wp-content\\\/uploads\\\/2021\\\/11\\\/YBD582031001-Orecchini-Gucci-fiore-e-Doppia-G-con-diamanti-earrings-sconto-discount.jpg\",\"datePublished\":\"2022-07-16T04:00:36+00:00\",\"dateModified\":\"2022-07-16T16:01:50+00:00\",\"description\":\"Un simbolo proveniente dagli archivi degli anni '70, la Doppia G \u00e8 reimmaginata in un paio di Orecchini Gucci fiore e Doppia G con diamanti.\",\"breadcrumb\":{\"@id\":\"https:\\\/\\\/www.fecarotta.com\\\/it\\\/prodotto\\\/orecchini-gucci-fiore-e-doppia-g-con-diamanti-2\\\/#breadcrumb\"},\"inLanguage\":\"it-IT\",\"potentialAction\":[{\"@type\":\"ReadAction\",\"target\":[\"https:\\\/\\\/www.fecarotta.com\\\/it\\\/prodotto\\\/orecchini-gucci-fiore-e-doppia-g-con-diamanti-2\\\/\"]}]},{\"@type\":\"ImageObject\",\"inLanguage\":\"it-IT\",\"@id\":\"https:\\\/\\\/www.fecarotta.com\\\/it\\\/prodotto\\\/orecchini-gucci-fiore-e-doppia-g-con-diamanti-2\\\/#primaryimage\",\"url\":\"https:\\\/\\\/www.fecarotta.com\\\/wp-content\\\/uploads\\\/2021\\\/11\\\/YBD582031001-Orecchini-Gucci-fiore-e-Doppia-G-con-diamanti-earrings-sconto-discount.jpg\",\"contentUrl\":\"https:\\\/\\\/www.fecarotta.com\\\/wp-content\\\/uploads\\\/2021\\\/11\\\/YBD582031001-Orecchini-Gucci-fiore-e-Doppia-G-con-diamanti-earrings-sconto-discount.jpg\",\"width\":2160,\"height\":2160,\"caption\":\"YBD582031001 Orecchini Gucci fiore e Doppia G con diamanti earrings sconto discount\"},{\"@type\":\"BreadcrumbList\",\"@id\":\"https:\\\/\\\/www.fecarotta.com\\\/it\\\/prodotto\\\/orecchini-gucci-fiore-e-doppia-g-con-diamanti-2\\\/#breadcrumb\",\"itemListElement\":[{\"@type\":\"ListItem\",\"position\":1,\"name\":\"Home\",\"item\":\"https:\\\/\\\/www.fecarotta.com\\\/it\\\/\"},{\"@type\":\"ListItem\",\"position\":2,\"name\":\"Negozio\",\"item\":\"https:\\\/\\\/www.fecarotta.com\\\/it\\\/negozio\\\/\"},{\"@type\":\"ListItem\",\"position\":3,\"name\":\"Orecchini Gucci fiore e Doppia G con diamanti\"}]},{\"@type\":\"WebSite\",\"@id\":\"https:\\\/\\\/www.fecarotta.com\\\/it\\\/#website\",\"url\":\"https:\\\/\\\/www.fecarotta.com\\\/it\\\/\",\"name\":\"Fecarotta Gioielli\",\"description\":\"\",\"publisher\":{\"@id\":\"https:\\\/\\\/www.fecarotta.com\\\/it\\\/#organization\"},\"potentialAction\":[{\"@type\":\"SearchAction\",\"target\":{\"@type\":\"EntryPoint\",\"urlTemplate\":\"https:\\\/\\\/www.fecarotta.com\\\/it\\\/?s={search_term_string}\"},\"query-input\":{\"@type\":\"PropertyValueSpecification\",\"valueRequired\":true,\"valueName\":\"search_term_string\"}}],\"inLanguage\":\"it-IT\"},{\"@type\":\"Organization\",\"@id\":\"https:\\\/\\\/www.fecarotta.com\\\/it\\\/#organization\",\"name\":\"Fecarotta Gioielli\",\"url\":\"https:\\\/\\\/www.fecarotta.com\\\/it\\\/\",\"logo\":{\"@type\":\"ImageObject\",\"inLanguage\":\"it-IT\",\"@id\":\"https:\\\/\\\/www.fecarotta.com\\\/it\\\/#\\\/schema\\\/logo\\\/image\\\/\",\"url\":\"https:\\\/\\\/www.fecarotta.com\\\/wp-content\\\/uploads\\\/2025\\\/03\\\/logo-gmb-fecarotta.jpg\",\"contentUrl\":\"https:\\\/\\\/www.fecarotta.com\\\/wp-content\\\/uploads\\\/2025\\\/03\\\/logo-gmb-fecarotta.jpg\",\"width\":500,\"height\":500,\"caption\":\"Fecarotta Gioielli\"},\"image\":{\"@id\":\"https:\\\/\\\/www.fecarotta.com\\\/it\\\/#\\\/schema\\\/logo\\\/image\\\/\"},\"sameAs\":[\"https:\\\/\\\/www.facebook.com\\\/fecarottagioielli\",\"http:\\\/\\\/www.instagram.com\\\/fecarotta.it\",\"https:\\\/\\\/www.linkedin.com\\\/company\\\/fecarotta-it\\\/\",\"https:\\\/\\\/api.whatsapp.com\\\/send?phone=393913323691&text=Salve, vorrei qualche informazione in merito ai vostri prodotti.\"]}]}<\/script>\n<!-- \/ Yoast SEO plugin. -->","yoast_head_json":{"title":"Orecchini Gucci fiore e Doppia G con diamanti - Fecarotta Gioielli","description":"Un simbolo proveniente dagli archivi degli anni '70, la Doppia G \u00e8 reimmaginata in un paio di Orecchini Gucci fiore e Doppia G con diamanti.","robots":{"index":"index","follow":"follow","max-snippet":"max-snippet:-1","max-image-preview":"max-image-preview:large","max-video-preview":"max-video-preview:-1"},"canonical":"https:\/\/www.fecarotta.com\/it\/prodotto\/orecchini-gucci-fiore-e-doppia-g-con-diamanti-2\/","og_locale":"it_IT","og_type":"article","og_title":"Orecchini Gucci fiore e Doppia G con diamanti - Fecarotta Gioielli","og_description":"Un simbolo proveniente dagli archivi degli anni '70, la Doppia G \u00e8 reimmaginata in un paio di Orecchini Gucci fiore e Doppia G con diamanti.","og_url":"https:\/\/www.fecarotta.com\/it\/prodotto\/orecchini-gucci-fiore-e-doppia-g-con-diamanti-2\/","og_site_name":"Fecarotta Gioielli","article_publisher":"https:\/\/www.facebook.com\/fecarottagioielli","article_modified_time":"2022-07-16T16:01:50+00:00","og_image":[{"width":2160,"height":2160,"url":"https:\/\/storage1208.cdn-immedia.net\/wp-content\/uploads\/2021\/11\/YBD582031001-Orecchini-Gucci-fiore-e-Doppia-G-con-diamanti-earrings-sconto-discount.jpg","type":"image\/jpeg"}],"twitter_card":"summary_large_image","twitter_misc":{"Tempo di lettura stimato":"2 minuti"},"schema":{"@context":"https:\/\/schema.org","@graph":[{"@type":"WebPage","@id":"https:\/\/www.fecarotta.com\/it\/prodotto\/orecchini-gucci-fiore-e-doppia-g-con-diamanti-2\/","url":"https:\/\/www.fecarotta.com\/it\/prodotto\/orecchini-gucci-fiore-e-doppia-g-con-diamanti-2\/","name":"Orecchini Gucci fiore e Doppia G con diamanti - Fecarotta Gioielli","isPartOf":{"@id":"https:\/\/www.fecarotta.com\/it\/#website"},"primaryImageOfPage":{"@id":"https:\/\/www.fecarotta.com\/it\/prodotto\/orecchini-gucci-fiore-e-doppia-g-con-diamanti-2\/#primaryimage"},"image":{"@id":"https:\/\/www.fecarotta.com\/it\/prodotto\/orecchini-gucci-fiore-e-doppia-g-con-diamanti-2\/#primaryimage"},"thumbnailUrl":"https:\/\/storage1208.cdn-immedia.net\/wp-content\/uploads\/2021\/11\/YBD582031001-Orecchini-Gucci-fiore-e-Doppia-G-con-diamanti-earrings-sconto-discount.jpg","datePublished":"2022-07-16T04:00:36+00:00","dateModified":"2022-07-16T16:01:50+00:00","description":"Un simbolo proveniente dagli archivi degli anni '70, la Doppia G \u00e8 reimmaginata in un paio di Orecchini Gucci fiore e Doppia G con diamanti.","breadcrumb":{"@id":"https:\/\/www.fecarotta.com\/it\/prodotto\/orecchini-gucci-fiore-e-doppia-g-con-diamanti-2\/#breadcrumb"},"inLanguage":"it-IT","potentialAction":[{"@type":"ReadAction","target":["https:\/\/www.fecarotta.com\/it\/prodotto\/orecchini-gucci-fiore-e-doppia-g-con-diamanti-2\/"]}]},{"@type":"ImageObject","inLanguage":"it-IT","@id":"https:\/\/www.fecarotta.com\/it\/prodotto\/orecchini-gucci-fiore-e-doppia-g-con-diamanti-2\/#primaryimage","url":"https:\/\/storage1208.cdn-immedia.net\/wp-content\/uploads\/2021\/11\/YBD582031001-Orecchini-Gucci-fiore-e-Doppia-G-con-diamanti-earrings-sconto-discount.jpg","contentUrl":"https:\/\/storage1208.cdn-immedia.net\/wp-content\/uploads\/2021\/11\/YBD582031001-Orecchini-Gucci-fiore-e-Doppia-G-con-diamanti-earrings-sconto-discount.jpg","width":2160,"height":2160,"caption":"YBD582031001 Orecchini Gucci fiore e Doppia G con diamanti earrings sconto discount"},{"@type":"BreadcrumbList","@id":"https:\/\/www.fecarotta.com\/it\/prodotto\/orecchini-gucci-fiore-e-doppia-g-con-diamanti-2\/#breadcrumb","itemListElement":[{"@type":"ListItem","position":1,"name":"Home","item":"https:\/\/www.fecarotta.com\/it\/"},{"@type":"ListItem","position":2,"name":"Negozio","item":"https:\/\/www.fecarotta.com\/it\/negozio\/"},{"@type":"ListItem","position":3,"name":"Orecchini Gucci fiore e Doppia G con diamanti"}]},{"@type":"WebSite","@id":"https:\/\/www.fecarotta.com\/it\/#website","url":"https:\/\/www.fecarotta.com\/it\/","name":"Fecarotta Gioielli","description":"","publisher":{"@id":"https:\/\/www.fecarotta.com\/it\/#organization"},"potentialAction":[{"@type":"SearchAction","target":{"@type":"EntryPoint","urlTemplate":"https:\/\/www.fecarotta.com\/it\/?s={search_term_string}"},"query-input":{"@type":"PropertyValueSpecification","valueRequired":true,"valueName":"search_term_string"}}],"inLanguage":"it-IT"},{"@type":"Organization","@id":"https:\/\/www.fecarotta.com\/it\/#organization","name":"Fecarotta Gioielli","url":"https:\/\/www.fecarotta.com\/it\/","logo":{"@type":"ImageObject","inLanguage":"it-IT","@id":"https:\/\/www.fecarotta.com\/it\/#\/schema\/logo\/image\/","url":"https:\/\/storage1208.cdn-immedia.net\/wp-content\/uploads\/2025\/03\/logo-gmb-fecarotta.jpg","contentUrl":"https:\/\/storage1208.cdn-immedia.net\/wp-content\/uploads\/2025\/03\/logo-gmb-fecarotta.jpg","width":500,"height":500,"caption":"Fecarotta Gioielli"},"image":{"@id":"https:\/\/www.fecarotta.com\/it\/#\/schema\/logo\/image\/"},"sameAs":["https:\/\/www.facebook.com\/fecarottagioielli","http:\/\/www.instagram.com\/fecarotta.it","https:\/\/www.linkedin.com\/company\/fecarotta-it\/","https:\/\/api.whatsapp.com\/send?phone=393913323691&text=Salve, vorrei qualche informazione in merito ai vostri prodotti."]}]}},"_links":{"self":[{"href":"https:\/\/www.fecarotta.com\/it\/wp-json\/wp\/v2\/product\/102451","targetHints":{"allow":["GET"]}}],"collection":[{"href":"https:\/\/www.fecarotta.com\/it\/wp-json\/wp\/v2\/product"}],"about":[{"href":"https:\/\/www.fecarotta.com\/it\/wp-json\/wp\/v2\/types\/product"}],"wp:featuredmedia":[{"embeddable":true,"href":"https:\/\/www.fecarotta.com\/it\/wp-json\/wp\/v2\/media\/102461"}],"wp:attachment":[{"href":"https:\/\/www.fecarotta.com\/it\/wp-json\/wp\/v2\/media?parent=102451"}],"wp:term":[{"taxonomy":"product_brand","embeddable":true,"href":"https:\/\/www.fecarotta.com\/it\/wp-json\/wp\/v2\/product_brand?post=102451"},{"taxonomy":"product_cat","embeddable":true,"href":"https:\/\/www.fecarotta.com\/it\/wp-json\/wp\/v2\/product_cat?post=102451"},{"taxonomy":"product_tag","embeddable":true,"href":"https:\/\/www.fecarotta.com\/it\/wp-json\/wp\/v2\/product_tag?post=102451"}],"curies":[{"name":"wp","href":"https:\/\/api.w.org\/{rel}","templated":true}]}}