{"id":8620,"date":"2022-05-17T05:00:41","date_gmt":"2018-11-21T15:48:27","guid":{"rendered":"https:\/\/www.fecarotta.com\/amministrazione\/prodotto\/octo-roma-watch-2\/"},"modified":"2022-05-17T06:12:38","modified_gmt":"2022-05-17T06:12:38","slug":"octo-roma-watch-2","status":"publish","type":"product","link":"https:\/\/www.fecarotta.com\/en\/product\/octo-roma-watch-2\/","title":{"rendered":"BVLGARI Octo Roma Watch"},"content":{"rendered":"<p>BVLGARI Octo Roma Watch<\/p>\n<p>A distinctive expression of bold design and maximum precision, Octo surrounds Italian creativity and Swiss craftsmanship in the art of watchmaking with sophisticated simplicity. In the 15th and 16th centuries, Italian artists such as Leonardo Da Vinci excelled in the creation of innovative and always beautiful masterpieces. Driven by the same genius, Octo combines a unique octagonal design &#8211; inspired by the Basilica Massenzio in Rome of 310 AD &#8211; with exceptional mechanisms.<\/p>\n<p>Addressing the formal purity of the octagon to unprecedented extremes, Octo Roma introduces a powerful and innovative design. Focusing on the essential with an undeniable style, the timepiece is highly contemporary for the linearity of its contours and its measured aesthetics.<\/p>\n<p>Octo Roma watch with mechanical movement, automatic winding, BVL 191 &#8211; Solotempo calibre decorated with c\u00f4tes de Gen\u00e8ve, bevelled and embossed finish, 42-hour power reserve, 41 mm stainless steel case, transparent case back, ceramic crown, polished black lacquered dial, hand-applied hour-markers, stainless steel bracelet and folding clasp. Water-resistant to 50 meters.<\/p>\n","protected":false},"excerpt":{"rendered":"<p>BVLGARI Octo Roma Watch<\/p>\n<p>With its bold design and the precision of its sophisticated mechanisms, the Octo watch is a perfect marriage of Italian creativity and Swiss excellence in the art of watchmaking. In the 15th and 16th centuries, Italian artists such as Leonardo da Vinci created innovative creations of timeless beauty. The result of the same genius, Octo combines an extraordinary octagonal design inspired by the Roman Basilica of Maxentius (310 AD) with exceptional mechanisms. Combining the purity of the octagon with an innovative design with contemporary appeal, Octo Roma enhances the minimalism of its forms with the perfection and balance of its geometries. Octo Roma watch with in-house mechanical movement with automatic winding, BVL calibre 191 &#8211; Solotempo with C\u00f4tes de Gen\u00e8ve finishing, anglage and colima\u00e7onnage, 42-hour power reserve. 41 mm stainless steel case with visible case back, crown with ceramic insert, polished black lacquered dial with hand-applied hour markers, bracelet with stainless steel folding clasp. Water-resistant to 50 metres.<\/p>\n<p>Ref.: 102704<br \/>\nDiameter (mm): 41<br \/>\nCase shape: Octagonal<br \/>\nFunctions: Hours-Minutes-Seconds-Date<br \/>\nMovement type: Automatic<br \/>\nStrap material: Stainless steel<br \/>\nPower reserve: 42 hours<br \/>\nFrequency: 28&#8217;800 VpH (4Hz)<br \/>\nWater resistance: 50 m<br \/>\nThickness: 3.8 mm<br \/>\nBuckle: &#8211;<br \/>\nMaterial: Steel<br \/>\nSize: M<br \/>\nColour: Black<\/p>\n","protected":false},"featured_media":5863,"template":"","meta":{"_acf_changed":false},"product_brand":[],"product_cat":[171,2307,160,16,159],"product_tag":[],"class_list":{"0":"post-8620","1":"product","2":"type-product","3":"status-publish","4":"has-post-thumbnail","6":"product_cat-automatic-watches","7":"product_cat-man","8":"product_cat-mens-watches","9":"product_cat-not-for-online-sale","10":"product_cat-watches","11":"pa_brand-bulgari-en","12":"pa_collection-octo-watches-en","13":"pa_gender-man","15":"first","16":"instock","17":"purchasable","18":"product-type-simple","19":"add-to-wishlist-before_image"},"acf":[],"yoast_head":"<!-- This site is optimized with the Yoast SEO plugin v27.5 - https:\/\/yoast.com\/product\/yoast-seo-wordpress\/ -->\n<title>BVLGARI Octo Roma Watch - Fecarotta Gioielli<\/title>\n<meta name=\"description\" content=\"Are you searching for BVLGARI Octo Roma Watch? In Fecarotta Gioielli you can find it. Enter the website, buy it and discover all our products!\" \/>\n<meta name=\"robots\" content=\"index, follow, max-snippet:-1, max-image-preview:large, max-video-preview:-1\" \/>\n<link rel=\"canonical\" href=\"https:\/\/www.fecarotta.com\/en\/product\/octo-roma-watch-2\/\" \/>\n<meta property=\"og:locale\" content=\"en_US\" \/>\n<meta property=\"og:type\" content=\"article\" \/>\n<meta property=\"og:title\" content=\"BVLGARI Octo Roma Watch - Fecarotta Gioielli\" \/>\n<meta property=\"og:description\" content=\"Are you searching for BVLGARI Octo Roma Watch? In Fecarotta Gioielli you can find it. Enter the website, buy it and discover all our products!\" \/>\n<meta property=\"og:url\" content=\"https:\/\/www.fecarotta.com\/en\/product\/octo-roma-watch-2\/\" \/>\n<meta property=\"og:site_name\" content=\"Fecarotta Gioielli\" \/>\n<meta property=\"article:publisher\" content=\"https:\/\/www.facebook.com\/fecarottagioielli\" \/>\n<meta property=\"article:modified_time\" content=\"2022-05-17T06:12:38+00:00\" \/>\n<meta property=\"og:image\" content=\"https:\/\/storage1208.cdn-immedia.net\/wp-content\/uploads\/2018\/10\/102704.png\" \/>\n\t<meta property=\"og:image:width\" content=\"2000\" \/>\n\t<meta property=\"og:image:height\" content=\"2000\" \/>\n\t<meta property=\"og:image:type\" content=\"image\/png\" \/>\n<meta name=\"twitter:card\" content=\"summary_large_image\" \/>\n<meta name=\"twitter:label1\" content=\"Est. reading time\" \/>\n\t<meta name=\"twitter:data1\" content=\"1 minute\" \/>\n<script type=\"application\/ld+json\" class=\"yoast-schema-graph\">{\"@context\":\"https:\\\/\\\/schema.org\",\"@graph\":[{\"@type\":\"WebPage\",\"@id\":\"https:\\\/\\\/www.fecarotta.com\\\/en\\\/product\\\/octo-roma-watch-2\\\/\",\"url\":\"https:\\\/\\\/www.fecarotta.com\\\/en\\\/product\\\/octo-roma-watch-2\\\/\",\"name\":\"BVLGARI Octo Roma Watch - Fecarotta Gioielli\",\"isPartOf\":{\"@id\":\"https:\\\/\\\/www.fecarotta.com\\\/en\\\/#website\"},\"primaryImageOfPage\":{\"@id\":\"https:\\\/\\\/www.fecarotta.com\\\/en\\\/product\\\/octo-roma-watch-2\\\/#primaryimage\"},\"image\":{\"@id\":\"https:\\\/\\\/www.fecarotta.com\\\/en\\\/product\\\/octo-roma-watch-2\\\/#primaryimage\"},\"thumbnailUrl\":\"https:\\\/\\\/www.fecarotta.com\\\/wp-content\\\/uploads\\\/2018\\\/10\\\/102704.png\",\"datePublished\":\"2018-11-21T15:48:27+00:00\",\"dateModified\":\"2022-05-17T06:12:38+00:00\",\"description\":\"Are you searching for BVLGARI Octo Roma Watch? In Fecarotta Gioielli you can find it. Enter the website, buy it and discover all our products!\",\"breadcrumb\":{\"@id\":\"https:\\\/\\\/www.fecarotta.com\\\/en\\\/product\\\/octo-roma-watch-2\\\/#breadcrumb\"},\"inLanguage\":\"en-US\",\"potentialAction\":[{\"@type\":\"ReadAction\",\"target\":[\"https:\\\/\\\/www.fecarotta.com\\\/en\\\/product\\\/octo-roma-watch-2\\\/\"]}]},{\"@type\":\"ImageObject\",\"inLanguage\":\"en-US\",\"@id\":\"https:\\\/\\\/www.fecarotta.com\\\/en\\\/product\\\/octo-roma-watch-2\\\/#primaryimage\",\"url\":\"https:\\\/\\\/www.fecarotta.com\\\/wp-content\\\/uploads\\\/2018\\\/10\\\/102704.png\",\"contentUrl\":\"https:\\\/\\\/www.fecarotta.com\\\/wp-content\\\/uploads\\\/2018\\\/10\\\/102704.png\",\"width\":2000,\"height\":2000,\"caption\":\"Orologio Octo Roma BVLGARI\"},{\"@type\":\"BreadcrumbList\",\"@id\":\"https:\\\/\\\/www.fecarotta.com\\\/en\\\/product\\\/octo-roma-watch-2\\\/#breadcrumb\",\"itemListElement\":[{\"@type\":\"ListItem\",\"position\":1,\"name\":\"Home\",\"item\":\"https:\\\/\\\/www.fecarotta.com\\\/en\\\/\"},{\"@type\":\"ListItem\",\"position\":2,\"name\":\"Shop\",\"item\":\"https:\\\/\\\/www.fecarotta.com\\\/en\\\/shop\\\/\"},{\"@type\":\"ListItem\",\"position\":3,\"name\":\"BVLGARI Octo Roma Watch\"}]},{\"@type\":\"WebSite\",\"@id\":\"https:\\\/\\\/www.fecarotta.com\\\/en\\\/#website\",\"url\":\"https:\\\/\\\/www.fecarotta.com\\\/en\\\/\",\"name\":\"Fecarotta Gioielli\",\"description\":\"Gioielleria a Palermo\",\"publisher\":{\"@id\":\"https:\\\/\\\/www.fecarotta.com\\\/en\\\/#organization\"},\"potentialAction\":[{\"@type\":\"SearchAction\",\"target\":{\"@type\":\"EntryPoint\",\"urlTemplate\":\"https:\\\/\\\/www.fecarotta.com\\\/en\\\/?s={search_term_string}\"},\"query-input\":{\"@type\":\"PropertyValueSpecification\",\"valueRequired\":true,\"valueName\":\"search_term_string\"}}],\"inLanguage\":\"en-US\"},{\"@type\":\"Organization\",\"@id\":\"https:\\\/\\\/www.fecarotta.com\\\/en\\\/#organization\",\"name\":\"Fecarotta Gioielli\",\"url\":\"https:\\\/\\\/www.fecarotta.com\\\/en\\\/\",\"logo\":{\"@type\":\"ImageObject\",\"inLanguage\":\"en-US\",\"@id\":\"https:\\\/\\\/www.fecarotta.com\\\/en\\\/#\\\/schema\\\/logo\\\/image\\\/\",\"url\":\"https:\\\/\\\/www.fecarotta.com\\\/wp-content\\\/uploads\\\/2025\\\/03\\\/logo-gmb-fecarotta.jpg\",\"contentUrl\":\"https:\\\/\\\/www.fecarotta.com\\\/wp-content\\\/uploads\\\/2025\\\/03\\\/logo-gmb-fecarotta.jpg\",\"width\":500,\"height\":500,\"caption\":\"Fecarotta Gioielli\"},\"image\":{\"@id\":\"https:\\\/\\\/www.fecarotta.com\\\/en\\\/#\\\/schema\\\/logo\\\/image\\\/\"},\"sameAs\":[\"https:\\\/\\\/www.facebook.com\\\/fecarottagioielli\",\"http:\\\/\\\/www.instagram.com\\\/fecarotta.it\",\"https:\\\/\\\/www.linkedin.com\\\/company\\\/fecarotta-it\\\/\",\"https:\\\/\\\/api.whatsapp.com\\\/send?phone=393913323691&text=Salve, vorrei qualche informazione in merito ai vostri prodotti.\"]}]}<\/script>\n<!-- \/ Yoast SEO plugin. -->","yoast_head_json":{"title":"BVLGARI Octo Roma Watch - Fecarotta Gioielli","description":"Are you searching for BVLGARI Octo Roma Watch? In Fecarotta Gioielli you can find it. Enter the website, buy it and discover all our products!","robots":{"index":"index","follow":"follow","max-snippet":"max-snippet:-1","max-image-preview":"max-image-preview:large","max-video-preview":"max-video-preview:-1"},"canonical":"https:\/\/www.fecarotta.com\/en\/product\/octo-roma-watch-2\/","og_locale":"en_US","og_type":"article","og_title":"BVLGARI Octo Roma Watch - Fecarotta Gioielli","og_description":"Are you searching for BVLGARI Octo Roma Watch? In Fecarotta Gioielli you can find it. Enter the website, buy it and discover all our products!","og_url":"https:\/\/www.fecarotta.com\/en\/product\/octo-roma-watch-2\/","og_site_name":"Fecarotta Gioielli","article_publisher":"https:\/\/www.facebook.com\/fecarottagioielli","article_modified_time":"2022-05-17T06:12:38+00:00","og_image":[{"width":2000,"height":2000,"url":"https:\/\/storage1208.cdn-immedia.net\/wp-content\/uploads\/2018\/10\/102704.png","type":"image\/png"}],"twitter_card":"summary_large_image","twitter_misc":{"Est. reading time":"1 minute"},"schema":{"@context":"https:\/\/schema.org","@graph":[{"@type":"WebPage","@id":"https:\/\/www.fecarotta.com\/en\/product\/octo-roma-watch-2\/","url":"https:\/\/www.fecarotta.com\/en\/product\/octo-roma-watch-2\/","name":"BVLGARI Octo Roma Watch - Fecarotta Gioielli","isPartOf":{"@id":"https:\/\/www.fecarotta.com\/en\/#website"},"primaryImageOfPage":{"@id":"https:\/\/www.fecarotta.com\/en\/product\/octo-roma-watch-2\/#primaryimage"},"image":{"@id":"https:\/\/www.fecarotta.com\/en\/product\/octo-roma-watch-2\/#primaryimage"},"thumbnailUrl":"https:\/\/storage1208.cdn-immedia.net\/wp-content\/uploads\/2018\/10\/102704.png","datePublished":"2018-11-21T15:48:27+00:00","dateModified":"2022-05-17T06:12:38+00:00","description":"Are you searching for BVLGARI Octo Roma Watch? In Fecarotta Gioielli you can find it. Enter the website, buy it and discover all our products!","breadcrumb":{"@id":"https:\/\/www.fecarotta.com\/en\/product\/octo-roma-watch-2\/#breadcrumb"},"inLanguage":"en-US","potentialAction":[{"@type":"ReadAction","target":["https:\/\/www.fecarotta.com\/en\/product\/octo-roma-watch-2\/"]}]},{"@type":"ImageObject","inLanguage":"en-US","@id":"https:\/\/www.fecarotta.com\/en\/product\/octo-roma-watch-2\/#primaryimage","url":"https:\/\/storage1208.cdn-immedia.net\/wp-content\/uploads\/2018\/10\/102704.png","contentUrl":"https:\/\/storage1208.cdn-immedia.net\/wp-content\/uploads\/2018\/10\/102704.png","width":2000,"height":2000,"caption":"Orologio Octo Roma BVLGARI"},{"@type":"BreadcrumbList","@id":"https:\/\/www.fecarotta.com\/en\/product\/octo-roma-watch-2\/#breadcrumb","itemListElement":[{"@type":"ListItem","position":1,"name":"Home","item":"https:\/\/www.fecarotta.com\/en\/"},{"@type":"ListItem","position":2,"name":"Shop","item":"https:\/\/www.fecarotta.com\/en\/shop\/"},{"@type":"ListItem","position":3,"name":"BVLGARI Octo Roma Watch"}]},{"@type":"WebSite","@id":"https:\/\/www.fecarotta.com\/en\/#website","url":"https:\/\/www.fecarotta.com\/en\/","name":"Fecarotta Gioielli","description":"Gioielleria a Palermo","publisher":{"@id":"https:\/\/www.fecarotta.com\/en\/#organization"},"potentialAction":[{"@type":"SearchAction","target":{"@type":"EntryPoint","urlTemplate":"https:\/\/www.fecarotta.com\/en\/?s={search_term_string}"},"query-input":{"@type":"PropertyValueSpecification","valueRequired":true,"valueName":"search_term_string"}}],"inLanguage":"en-US"},{"@type":"Organization","@id":"https:\/\/www.fecarotta.com\/en\/#organization","name":"Fecarotta Gioielli","url":"https:\/\/www.fecarotta.com\/en\/","logo":{"@type":"ImageObject","inLanguage":"en-US","@id":"https:\/\/www.fecarotta.com\/en\/#\/schema\/logo\/image\/","url":"https:\/\/storage1208.cdn-immedia.net\/wp-content\/uploads\/2025\/03\/logo-gmb-fecarotta.jpg","contentUrl":"https:\/\/storage1208.cdn-immedia.net\/wp-content\/uploads\/2025\/03\/logo-gmb-fecarotta.jpg","width":500,"height":500,"caption":"Fecarotta Gioielli"},"image":{"@id":"https:\/\/www.fecarotta.com\/en\/#\/schema\/logo\/image\/"},"sameAs":["https:\/\/www.facebook.com\/fecarottagioielli","http:\/\/www.instagram.com\/fecarotta.it","https:\/\/www.linkedin.com\/company\/fecarotta-it\/","https:\/\/api.whatsapp.com\/send?phone=393913323691&text=Salve, vorrei qualche informazione in merito ai vostri prodotti."]}]}},"_links":{"self":[{"href":"https:\/\/www.fecarotta.com\/en\/wp-json\/wp\/v2\/product\/8620","targetHints":{"allow":["GET"]}}],"collection":[{"href":"https:\/\/www.fecarotta.com\/en\/wp-json\/wp\/v2\/product"}],"about":[{"href":"https:\/\/www.fecarotta.com\/en\/wp-json\/wp\/v2\/types\/product"}],"wp:featuredmedia":[{"embeddable":true,"href":"https:\/\/www.fecarotta.com\/en\/wp-json\/wp\/v2\/media\/5863"}],"wp:attachment":[{"href":"https:\/\/www.fecarotta.com\/en\/wp-json\/wp\/v2\/media?parent=8620"}],"wp:term":[{"taxonomy":"product_brand","embeddable":true,"href":"https:\/\/www.fecarotta.com\/en\/wp-json\/wp\/v2\/product_brand?post=8620"},{"taxonomy":"product_cat","embeddable":true,"href":"https:\/\/www.fecarotta.com\/en\/wp-json\/wp\/v2\/product_cat?post=8620"},{"taxonomy":"product_tag","embeddable":true,"href":"https:\/\/www.fecarotta.com\/en\/wp-json\/wp\/v2\/product_tag?post=8620"}],"curies":[{"name":"wp","href":"https:\/\/api.w.org\/{rel}","templated":true}]}}