{"id":27476,"date":"2020-12-05T14:57:51","date_gmt":"2021-04-05T14:57:51","guid":{"rendered":"https:\/\/www.fecarotta.com\/?post_type=product&#038;p=27476"},"modified":"2021-11-27T16:45:07","modified_gmt":"2021-11-27T16:45:07","slug":"jl-coquet-hemisphere-fruit-plate-21-cm","status":"publish","type":"product","link":"https:\/\/www.fecarotta.com\/en\/product\/jl-coquet-hemisphere-fruit-plate-21-cm\/","title":{"rendered":"Set of 6 JL Coquet HEMISPHERE fruit plate 21 cm"},"content":{"rendered":"<p>JL Coquet HEMISPHERE fruit plate 21 cm<\/p>\n<p>JL COQUET &#8211; Manufacture of Limoges porcelain since 1824, at the service of chefs and the general public! Discover the world of JL Coquet collections, tableware, decoration and gifts.<\/p>\n<p>Some interesting facts about Limoges porcelain<\/p>\n<p>In 1767, a deposit of kaolin was discovered near Limoges, a material necessary for the production of hard porcelain. It was this discovery that changed the history of Limoges and made it the capital of French ceramics.<\/p>\n<p>Two years later King Louis XV bought the deposit, making porcelain a royal monopoly, and the Contr\u00f4leur g\u00e9n\u00e9ral des finances Turgot granted the privilege of manufacturing porcelain to the Grellet brothers and their partner Massi\u00e9-Fourn\u00e9rat, who founded the first manufactory in 1771.<\/p>\n<p>In 1774, the factory came under the protection of the Count of Artois.<\/p>\n<p>Finally, in 1784, due to financial difficulties, the factory was taken over by the king and thus received the title of &#8220;royal manufactory&#8221;, but was in fact only an annexe of the S\u00e8vres manufactory.<\/p>\n<p>More about JL Coquet<\/p>\n<p>From their manufactory, based in Saint-Leonard de Noblat, near Limoges (Haute Vienne &#8211; France), J.L. Coquet and Jaune de Chrome create and produce some of the finest porcelain, combining originality of design, subtle shapes and product quality.<\/p>\n<p>With exceptional &#8220;savoir-faire&#8221;, we have carried out the entire manufacturing process in-house since 1824 in order to offer only porcelain made and decorated in Haute-Vienne.<\/p>\n<p>Thanks to this incredible savoir-faire, Jl Coquet was awarded the &#8220;Entreprise du Patrimoine Vivant&#8221; label in 2010. This is awarded by the Ministry of Economy, Finance and Industry in recognition of French companies that demonstrate excellent industrial and traditional savoir-faire. Jl Coquet also has the official geographical label &#8216;Porcelaine de Limoges&#8217; as all its products come from its manufacture in Saint-Leonard-de-Noblat.<\/p>\n<p>&nbsp;<\/p>\n<p><a href=\"\/it?page_id=23408\" target=\"_blank\" rel=\"noopener noreferrer\">Our Company<\/a><\/p>\n","protected":false},"excerpt":{"rendered":"<p>Set of 6 JL Coquet HEMISPHERE fruit plate 21 cm (11 cm center) satin white<\/p>\n","protected":false},"featured_media":27478,"template":"","meta":{"_acf_changed":false},"product_brand":[],"product_cat":[2360,176,2037,173],"product_tag":[],"class_list":{"0":"post-27476","1":"product","2":"type-product","3":"status-publish","4":"has-post-thumbnail","6":"product_cat-dishes","7":"product_cat-home-decor-crystals","8":"product_cat-home-design","9":"product_cat-porcellains-crystals","10":"pa_brand-jl-coquet-en","12":"first","13":"instock","14":"purchasable","15":"product-type-simple","16":"add-to-wishlist-before_image"},"acf":[],"yoast_head":"<!-- This site is optimized with the Yoast SEO plugin v27.5 - https:\/\/yoast.com\/product\/yoast-seo-wordpress\/ -->\n<title>Set of 6 JL Coquet HEMISPHERE fruit plate 21 cm - Fecarotta Gioielli<\/title>\n<meta name=\"description\" content=\"JL Coquet HEMISPHERE fruit plate 21 cm. Buy on fecarotta.it with welcome coupon and discount code.\" \/>\n<meta name=\"robots\" content=\"index, follow, max-snippet:-1, max-image-preview:large, max-video-preview:-1\" \/>\n<link rel=\"canonical\" href=\"https:\/\/www.fecarotta.com\/en\/product\/jl-coquet-hemisphere-fruit-plate-21-cm\/\" \/>\n<meta property=\"og:locale\" content=\"en_US\" \/>\n<meta property=\"og:type\" content=\"article\" \/>\n<meta property=\"og:title\" content=\"Set of 6 JL Coquet HEMISPHERE fruit plate 21 cm - Fecarotta Gioielli\" \/>\n<meta property=\"og:description\" content=\"JL Coquet HEMISPHERE fruit plate 21 cm. Buy on fecarotta.it with welcome coupon and discount code.\" \/>\n<meta property=\"og:url\" content=\"https:\/\/www.fecarotta.com\/en\/product\/jl-coquet-hemisphere-fruit-plate-21-cm\/\" \/>\n<meta property=\"og:site_name\" content=\"Fecarotta Gioielli\" \/>\n<meta property=\"article:publisher\" content=\"https:\/\/www.facebook.com\/fecarottagioielli\" \/>\n<meta property=\"article:modified_time\" content=\"2021-11-27T16:45:07+00:00\" \/>\n<meta property=\"og:image\" content=\"https:\/\/storage1208.cdn-immedia.net\/wp-content\/uploads\/2021\/04\/hem1028bs0000.jpg\" \/>\n\t<meta property=\"og:image:width\" content=\"700\" \/>\n\t<meta property=\"og:image:height\" content=\"700\" \/>\n\t<meta property=\"og:image:type\" content=\"image\/jpeg\" \/>\n<meta name=\"twitter:card\" content=\"summary_large_image\" \/>\n<meta name=\"twitter:label1\" content=\"Est. reading time\" \/>\n\t<meta name=\"twitter:data1\" content=\"2 minutes\" \/>\n<script type=\"application\/ld+json\" class=\"yoast-schema-graph\">{\"@context\":\"https:\\\/\\\/schema.org\",\"@graph\":[{\"@type\":\"WebPage\",\"@id\":\"https:\\\/\\\/www.fecarotta.com\\\/en\\\/product\\\/jl-coquet-hemisphere-fruit-plate-21-cm\\\/\",\"url\":\"https:\\\/\\\/www.fecarotta.com\\\/en\\\/product\\\/jl-coquet-hemisphere-fruit-plate-21-cm\\\/\",\"name\":\"Set of 6 JL Coquet HEMISPHERE fruit plate 21 cm - Fecarotta Gioielli\",\"isPartOf\":{\"@id\":\"https:\\\/\\\/www.fecarotta.com\\\/en\\\/#website\"},\"primaryImageOfPage\":{\"@id\":\"https:\\\/\\\/www.fecarotta.com\\\/en\\\/product\\\/jl-coquet-hemisphere-fruit-plate-21-cm\\\/#primaryimage\"},\"image\":{\"@id\":\"https:\\\/\\\/www.fecarotta.com\\\/en\\\/product\\\/jl-coquet-hemisphere-fruit-plate-21-cm\\\/#primaryimage\"},\"thumbnailUrl\":\"https:\\\/\\\/www.fecarotta.com\\\/wp-content\\\/uploads\\\/2021\\\/04\\\/hem1028bs0000.jpg\",\"datePublished\":\"2021-04-05T14:57:51+00:00\",\"dateModified\":\"2021-11-27T16:45:07+00:00\",\"description\":\"JL Coquet HEMISPHERE fruit plate 21 cm. Buy on fecarotta.it with welcome coupon and discount code.\",\"breadcrumb\":{\"@id\":\"https:\\\/\\\/www.fecarotta.com\\\/en\\\/product\\\/jl-coquet-hemisphere-fruit-plate-21-cm\\\/#breadcrumb\"},\"inLanguage\":\"en-US\",\"potentialAction\":[{\"@type\":\"ReadAction\",\"target\":[\"https:\\\/\\\/www.fecarotta.com\\\/en\\\/product\\\/jl-coquet-hemisphere-fruit-plate-21-cm\\\/\"]}]},{\"@type\":\"ImageObject\",\"inLanguage\":\"en-US\",\"@id\":\"https:\\\/\\\/www.fecarotta.com\\\/en\\\/product\\\/jl-coquet-hemisphere-fruit-plate-21-cm\\\/#primaryimage\",\"url\":\"https:\\\/\\\/www.fecarotta.com\\\/wp-content\\\/uploads\\\/2021\\\/04\\\/hem1028bs0000.jpg\",\"contentUrl\":\"https:\\\/\\\/www.fecarotta.com\\\/wp-content\\\/uploads\\\/2021\\\/04\\\/hem1028bs0000.jpg\",\"width\":700,\"height\":700,\"caption\":\"JL Coquet HEMISPHERE piatto frutta 21 cm fruit plate sconto discount\"},{\"@type\":\"BreadcrumbList\",\"@id\":\"https:\\\/\\\/www.fecarotta.com\\\/en\\\/product\\\/jl-coquet-hemisphere-fruit-plate-21-cm\\\/#breadcrumb\",\"itemListElement\":[{\"@type\":\"ListItem\",\"position\":1,\"name\":\"Home\",\"item\":\"https:\\\/\\\/www.fecarotta.com\\\/en\\\/\"},{\"@type\":\"ListItem\",\"position\":2,\"name\":\"Shop\",\"item\":\"https:\\\/\\\/www.fecarotta.com\\\/en\\\/shop\\\/\"},{\"@type\":\"ListItem\",\"position\":3,\"name\":\"Set of 6 JL Coquet HEMISPHERE fruit plate 21 cm\"}]},{\"@type\":\"WebSite\",\"@id\":\"https:\\\/\\\/www.fecarotta.com\\\/en\\\/#website\",\"url\":\"https:\\\/\\\/www.fecarotta.com\\\/en\\\/\",\"name\":\"Fecarotta Gioielli\",\"description\":\"Gioielleria a Palermo\",\"publisher\":{\"@id\":\"https:\\\/\\\/www.fecarotta.com\\\/en\\\/#organization\"},\"potentialAction\":[{\"@type\":\"SearchAction\",\"target\":{\"@type\":\"EntryPoint\",\"urlTemplate\":\"https:\\\/\\\/www.fecarotta.com\\\/en\\\/?s={search_term_string}\"},\"query-input\":{\"@type\":\"PropertyValueSpecification\",\"valueRequired\":true,\"valueName\":\"search_term_string\"}}],\"inLanguage\":\"en-US\"},{\"@type\":\"Organization\",\"@id\":\"https:\\\/\\\/www.fecarotta.com\\\/en\\\/#organization\",\"name\":\"Fecarotta Gioielli\",\"url\":\"https:\\\/\\\/www.fecarotta.com\\\/en\\\/\",\"logo\":{\"@type\":\"ImageObject\",\"inLanguage\":\"en-US\",\"@id\":\"https:\\\/\\\/www.fecarotta.com\\\/en\\\/#\\\/schema\\\/logo\\\/image\\\/\",\"url\":\"https:\\\/\\\/www.fecarotta.com\\\/wp-content\\\/uploads\\\/2025\\\/03\\\/logo-gmb-fecarotta.jpg\",\"contentUrl\":\"https:\\\/\\\/www.fecarotta.com\\\/wp-content\\\/uploads\\\/2025\\\/03\\\/logo-gmb-fecarotta.jpg\",\"width\":500,\"height\":500,\"caption\":\"Fecarotta Gioielli\"},\"image\":{\"@id\":\"https:\\\/\\\/www.fecarotta.com\\\/en\\\/#\\\/schema\\\/logo\\\/image\\\/\"},\"sameAs\":[\"https:\\\/\\\/www.facebook.com\\\/fecarottagioielli\",\"http:\\\/\\\/www.instagram.com\\\/fecarotta.it\",\"https:\\\/\\\/www.linkedin.com\\\/company\\\/fecarotta-it\\\/\",\"https:\\\/\\\/api.whatsapp.com\\\/send?phone=393913323691&text=Salve, vorrei qualche informazione in merito ai vostri prodotti.\"]}]}<\/script>\n<!-- \/ Yoast SEO plugin. -->","yoast_head_json":{"title":"Set of 6 JL Coquet HEMISPHERE fruit plate 21 cm - Fecarotta Gioielli","description":"JL Coquet HEMISPHERE fruit plate 21 cm. Buy on fecarotta.it with welcome coupon and discount code.","robots":{"index":"index","follow":"follow","max-snippet":"max-snippet:-1","max-image-preview":"max-image-preview:large","max-video-preview":"max-video-preview:-1"},"canonical":"https:\/\/www.fecarotta.com\/en\/product\/jl-coquet-hemisphere-fruit-plate-21-cm\/","og_locale":"en_US","og_type":"article","og_title":"Set of 6 JL Coquet HEMISPHERE fruit plate 21 cm - Fecarotta Gioielli","og_description":"JL Coquet HEMISPHERE fruit plate 21 cm. Buy on fecarotta.it with welcome coupon and discount code.","og_url":"https:\/\/www.fecarotta.com\/en\/product\/jl-coquet-hemisphere-fruit-plate-21-cm\/","og_site_name":"Fecarotta Gioielli","article_publisher":"https:\/\/www.facebook.com\/fecarottagioielli","article_modified_time":"2021-11-27T16:45:07+00:00","og_image":[{"width":700,"height":700,"url":"https:\/\/storage1208.cdn-immedia.net\/wp-content\/uploads\/2021\/04\/hem1028bs0000.jpg","type":"image\/jpeg"}],"twitter_card":"summary_large_image","twitter_misc":{"Est. reading time":"2 minutes"},"schema":{"@context":"https:\/\/schema.org","@graph":[{"@type":"WebPage","@id":"https:\/\/www.fecarotta.com\/en\/product\/jl-coquet-hemisphere-fruit-plate-21-cm\/","url":"https:\/\/www.fecarotta.com\/en\/product\/jl-coquet-hemisphere-fruit-plate-21-cm\/","name":"Set of 6 JL Coquet HEMISPHERE fruit plate 21 cm - Fecarotta Gioielli","isPartOf":{"@id":"https:\/\/www.fecarotta.com\/en\/#website"},"primaryImageOfPage":{"@id":"https:\/\/www.fecarotta.com\/en\/product\/jl-coquet-hemisphere-fruit-plate-21-cm\/#primaryimage"},"image":{"@id":"https:\/\/www.fecarotta.com\/en\/product\/jl-coquet-hemisphere-fruit-plate-21-cm\/#primaryimage"},"thumbnailUrl":"https:\/\/storage1208.cdn-immedia.net\/wp-content\/uploads\/2021\/04\/hem1028bs0000.jpg","datePublished":"2021-04-05T14:57:51+00:00","dateModified":"2021-11-27T16:45:07+00:00","description":"JL Coquet HEMISPHERE fruit plate 21 cm. Buy on fecarotta.it with welcome coupon and discount code.","breadcrumb":{"@id":"https:\/\/www.fecarotta.com\/en\/product\/jl-coquet-hemisphere-fruit-plate-21-cm\/#breadcrumb"},"inLanguage":"en-US","potentialAction":[{"@type":"ReadAction","target":["https:\/\/www.fecarotta.com\/en\/product\/jl-coquet-hemisphere-fruit-plate-21-cm\/"]}]},{"@type":"ImageObject","inLanguage":"en-US","@id":"https:\/\/www.fecarotta.com\/en\/product\/jl-coquet-hemisphere-fruit-plate-21-cm\/#primaryimage","url":"https:\/\/storage1208.cdn-immedia.net\/wp-content\/uploads\/2021\/04\/hem1028bs0000.jpg","contentUrl":"https:\/\/storage1208.cdn-immedia.net\/wp-content\/uploads\/2021\/04\/hem1028bs0000.jpg","width":700,"height":700,"caption":"JL Coquet HEMISPHERE piatto frutta 21 cm fruit plate sconto discount"},{"@type":"BreadcrumbList","@id":"https:\/\/www.fecarotta.com\/en\/product\/jl-coquet-hemisphere-fruit-plate-21-cm\/#breadcrumb","itemListElement":[{"@type":"ListItem","position":1,"name":"Home","item":"https:\/\/www.fecarotta.com\/en\/"},{"@type":"ListItem","position":2,"name":"Shop","item":"https:\/\/www.fecarotta.com\/en\/shop\/"},{"@type":"ListItem","position":3,"name":"Set of 6 JL Coquet HEMISPHERE fruit plate 21 cm"}]},{"@type":"WebSite","@id":"https:\/\/www.fecarotta.com\/en\/#website","url":"https:\/\/www.fecarotta.com\/en\/","name":"Fecarotta Gioielli","description":"Gioielleria a Palermo","publisher":{"@id":"https:\/\/www.fecarotta.com\/en\/#organization"},"potentialAction":[{"@type":"SearchAction","target":{"@type":"EntryPoint","urlTemplate":"https:\/\/www.fecarotta.com\/en\/?s={search_term_string}"},"query-input":{"@type":"PropertyValueSpecification","valueRequired":true,"valueName":"search_term_string"}}],"inLanguage":"en-US"},{"@type":"Organization","@id":"https:\/\/www.fecarotta.com\/en\/#organization","name":"Fecarotta Gioielli","url":"https:\/\/www.fecarotta.com\/en\/","logo":{"@type":"ImageObject","inLanguage":"en-US","@id":"https:\/\/www.fecarotta.com\/en\/#\/schema\/logo\/image\/","url":"https:\/\/storage1208.cdn-immedia.net\/wp-content\/uploads\/2025\/03\/logo-gmb-fecarotta.jpg","contentUrl":"https:\/\/storage1208.cdn-immedia.net\/wp-content\/uploads\/2025\/03\/logo-gmb-fecarotta.jpg","width":500,"height":500,"caption":"Fecarotta Gioielli"},"image":{"@id":"https:\/\/www.fecarotta.com\/en\/#\/schema\/logo\/image\/"},"sameAs":["https:\/\/www.facebook.com\/fecarottagioielli","http:\/\/www.instagram.com\/fecarotta.it","https:\/\/www.linkedin.com\/company\/fecarotta-it\/","https:\/\/api.whatsapp.com\/send?phone=393913323691&text=Salve, vorrei qualche informazione in merito ai vostri prodotti."]}]}},"_links":{"self":[{"href":"https:\/\/www.fecarotta.com\/en\/wp-json\/wp\/v2\/product\/27476","targetHints":{"allow":["GET"]}}],"collection":[{"href":"https:\/\/www.fecarotta.com\/en\/wp-json\/wp\/v2\/product"}],"about":[{"href":"https:\/\/www.fecarotta.com\/en\/wp-json\/wp\/v2\/types\/product"}],"wp:featuredmedia":[{"embeddable":true,"href":"https:\/\/www.fecarotta.com\/en\/wp-json\/wp\/v2\/media\/27478"}],"wp:attachment":[{"href":"https:\/\/www.fecarotta.com\/en\/wp-json\/wp\/v2\/media?parent=27476"}],"wp:term":[{"taxonomy":"product_brand","embeddable":true,"href":"https:\/\/www.fecarotta.com\/en\/wp-json\/wp\/v2\/product_brand?post=27476"},{"taxonomy":"product_cat","embeddable":true,"href":"https:\/\/www.fecarotta.com\/en\/wp-json\/wp\/v2\/product_cat?post=27476"},{"taxonomy":"product_tag","embeddable":true,"href":"https:\/\/www.fecarotta.com\/en\/wp-json\/wp\/v2\/product_tag?post=27476"}],"curies":[{"name":"wp","href":"https:\/\/api.w.org\/{rel}","templated":true}]}}