{"id":21020,"date":"2020-09-08T15:04:38","date_gmt":"2020-09-08T15:04:38","guid":{"rendered":"https:\/\/www.fecarotta.com\/?post_type=product&#038;p=21020"},"modified":"2020-09-08T15:17:37","modified_gmt":"2020-09-08T15:17:37","slug":"lalique-champs-elysees-small-vase","status":"publish","type":"product","link":"https:\/\/www.fecarotta.com\/en\/product\/lalique-champs-elysees-small-vase\/","title":{"rendered":"LALIQUE CHAMPS-\u00c9LYS\u00c9ES SMALL VASE"},"content":{"rendered":"<p>LALIQUE CHAMPS-\u00c9LYS\u00c9ES SMALL VASE<\/p>\n<p>LALIQUE, a history that blends with the history of the decorative arts of the 20th century. Ren\u00e9 Lalique began his career as a jewellery designer, becoming the creator of the jewel par excellence of the modern age.<\/p>\n<p>His passion for glass led him to create objects from the most common gift items to the most particular where transparency, workmanship, reflections make him achieve great international success.<\/p>\n<p>The Lalique style comes from the artist&#8217;s drawing who creates, in total osmosis with crystal, an expression recognizable by the manual modeling of parts and assemblies that become sculpture, rich in details that give a particular contrast to the crystal, transparent and satin, transforming it into light sculptures.<\/p>\n<p>The originality of the Lalique style is the result of a particular production process, which does not end with the hot processing of the crystal. This phase, in fact, is followed by a meticulous process of cold working of each piece, during which the expert hands of crystal artists embellish every detail and remove any imperfection. We are in the presence of an authentic work of sculpture, the edges are intensified, some details are emphasized as the movement of a hair or the expression of a carved face.<\/p>\n<p>Each piece must go through several intermediate stages of processing and control before deserving the signature LALIQUE which is made by hand using a tip of diamond, as proof of its authenticity and quality.<\/p>\n<h5>The success of Lalique<\/h5>\n<p>The success of the jewellery made by Lalique lies in their inspiration, i.e. in the beauty of nature and the charm of female nudity, typical traits of Art Nouveau. Her jewellery was distinguished by the variety of materials used. With glass, horn, enamels and ivory, she was able to model wonderful insects. His fame, together with Antonin Daum &#8211; son of the entrepreneur Jean Daum &#8211; and Emile Gall\u00e9 grew thanks to the <a href=\"https:\/\/www.mam-e.it\/arte\/mame-arte-auguste-rodin-parigi\/\" target=\"_blank\" rel=\"noopener noreferrer\">Universal Exhibition held in Paris in 1900<\/a>.<\/p>\n<p>In his complex path, certainly generous of ingenuity, Lalique left us bijou representing femme-fleu, mermaids, jellyfish, peacocks, swans, butterflies, bees &#8211; the insects&#8217; wings were made with the technique of &#8220;plique-\u00e0-jour- , swans, Wagnerian themes. His were noble works of art, as demonstrated by the diadem in the shape of an ivory orchid, horn and small topaz in the centre, preserved at the Calouste Gulbenkian Museum in Lisbon. The jewellery becomes the key to inscribing Ren\u00e9 Lalique&#8217;s technical mastery in the art of goldsmithing.<\/p>\n<p><a href=\"https:\/\/www.fecarotta.com\/it\/fecarotta-gioielli-company\/\" target=\"_blank\" rel=\"noopener noreferrer\">Our Company<\/a><\/p>\n","protected":false},"excerpt":{"rendered":"<p>LALIQUE CHAMPS-\u00c9LYS\u00c9ES SMALL VASE<\/p>\n<ul>\n<li>Clear crystal<\/li>\n<li>Dimensions: H 7.09&#8243; x D 5.71&#8243; (H 18 cm x D 14.5 cm)<\/li>\n<li>Weight: 3.31 lbs (1.5 kg)<\/li>\n<li>Handcrafted in France<\/li>\n<\/ul>\n","protected":false},"featured_media":21026,"template":"","meta":{"_acf_changed":false},"product_brand":[],"product_cat":[176,2037,173,174],"product_tag":[],"class_list":{"0":"post-21020","1":"product","2":"type-product","3":"status-publish","4":"has-post-thumbnail","6":"product_cat-home-decor-crystals","7":"product_cat-home-design","8":"product_cat-porcellains-crystals","9":"product_cat-vassels","10":"pa_brand-lalique","11":"pa_collection-lalique-vasi-en","13":"first","14":"onbackorder","15":"featured","16":"purchasable","17":"product-type-simple","18":"add-to-wishlist-before_image"},"acf":[],"yoast_head":"<!-- This site is optimized with the Yoast SEO plugin v27.5 - https:\/\/yoast.com\/product\/yoast-seo-wordpress\/ -->\n<title>LALIQUE CHAMPS-\u00c9LYS\u00c9ES SMALL VASE - Fecarotta Gioielli<\/title>\n<meta name=\"description\" content=\"LALIQUE CHAMPS-\u00c9LYS\u00c9ES SMALL VASE, a history that blends with the history of the decorative arts of the 20th century. Buy on fecarotta.com\" \/>\n<meta name=\"robots\" content=\"index, follow, max-snippet:-1, max-image-preview:large, max-video-preview:-1\" \/>\n<link rel=\"canonical\" href=\"https:\/\/www.fecarotta.com\/en\/product\/lalique-champs-elysees-small-vase\/\" \/>\n<meta property=\"og:locale\" content=\"en_US\" \/>\n<meta property=\"og:type\" content=\"article\" \/>\n<meta property=\"og:title\" content=\"LALIQUE CHAMPS-\u00c9LYS\u00c9ES SMALL VASE - Fecarotta Gioielli\" \/>\n<meta property=\"og:description\" content=\"LALIQUE CHAMPS-\u00c9LYS\u00c9ES SMALL VASE, a history that blends with the history of the decorative arts of the 20th century. Buy on fecarotta.com\" \/>\n<meta property=\"og:url\" content=\"https:\/\/www.fecarotta.com\/en\/product\/lalique-champs-elysees-small-vase\/\" \/>\n<meta property=\"og:site_name\" content=\"Fecarotta Gioielli\" \/>\n<meta property=\"article:publisher\" content=\"https:\/\/www.facebook.com\/fecarottagioielli\" \/>\n<meta property=\"article:modified_time\" content=\"2020-09-08T15:17:37+00:00\" \/>\n<meta property=\"og:image\" content=\"https:\/\/storage1208.cdn-immedia.net\/wp-content\/uploads\/2020\/09\/Lalique-champs-elysees-small-vase-800x800-3.jpg\" \/>\n\t<meta property=\"og:image:width\" content=\"699\" \/>\n\t<meta property=\"og:image:height\" content=\"699\" \/>\n\t<meta property=\"og:image:type\" content=\"image\/jpeg\" \/>\n<meta name=\"twitter:card\" content=\"summary_large_image\" \/>\n<meta name=\"twitter:label1\" content=\"Est. reading time\" \/>\n\t<meta name=\"twitter:data1\" content=\"2 minutes\" \/>\n<script type=\"application\/ld+json\" class=\"yoast-schema-graph\">{\"@context\":\"https:\\\/\\\/schema.org\",\"@graph\":[{\"@type\":\"WebPage\",\"@id\":\"https:\\\/\\\/www.fecarotta.com\\\/en\\\/product\\\/lalique-champs-elysees-small-vase\\\/\",\"url\":\"https:\\\/\\\/www.fecarotta.com\\\/en\\\/product\\\/lalique-champs-elysees-small-vase\\\/\",\"name\":\"LALIQUE CHAMPS-\u00c9LYS\u00c9ES SMALL VASE - Fecarotta Gioielli\",\"isPartOf\":{\"@id\":\"https:\\\/\\\/www.fecarotta.com\\\/en\\\/#website\"},\"primaryImageOfPage\":{\"@id\":\"https:\\\/\\\/www.fecarotta.com\\\/en\\\/product\\\/lalique-champs-elysees-small-vase\\\/#primaryimage\"},\"image\":{\"@id\":\"https:\\\/\\\/www.fecarotta.com\\\/en\\\/product\\\/lalique-champs-elysees-small-vase\\\/#primaryimage\"},\"thumbnailUrl\":\"https:\\\/\\\/www.fecarotta.com\\\/wp-content\\\/uploads\\\/2020\\\/09\\\/Lalique-champs-elysees-small-vase-800x800-3.jpg\",\"datePublished\":\"2020-09-08T15:04:38+00:00\",\"dateModified\":\"2020-09-08T15:17:37+00:00\",\"description\":\"LALIQUE CHAMPS-\u00c9LYS\u00c9ES SMALL VASE, a history that blends with the history of the decorative arts of the 20th century. Buy on fecarotta.com\",\"breadcrumb\":{\"@id\":\"https:\\\/\\\/www.fecarotta.com\\\/en\\\/product\\\/lalique-champs-elysees-small-vase\\\/#breadcrumb\"},\"inLanguage\":\"en-US\",\"potentialAction\":[{\"@type\":\"ReadAction\",\"target\":[\"https:\\\/\\\/www.fecarotta.com\\\/en\\\/product\\\/lalique-champs-elysees-small-vase\\\/\"]}]},{\"@type\":\"ImageObject\",\"inLanguage\":\"en-US\",\"@id\":\"https:\\\/\\\/www.fecarotta.com\\\/en\\\/product\\\/lalique-champs-elysees-small-vase\\\/#primaryimage\",\"url\":\"https:\\\/\\\/www.fecarotta.com\\\/wp-content\\\/uploads\\\/2020\\\/09\\\/Lalique-champs-elysees-small-vase-800x800-3.jpg\",\"contentUrl\":\"https:\\\/\\\/www.fecarotta.com\\\/wp-content\\\/uploads\\\/2020\\\/09\\\/Lalique-champs-elysees-small-vase-800x800-3.jpg\",\"width\":699,\"height\":699,\"caption\":\"Lalique champs-elysees-vaso piccolo\"},{\"@type\":\"BreadcrumbList\",\"@id\":\"https:\\\/\\\/www.fecarotta.com\\\/en\\\/product\\\/lalique-champs-elysees-small-vase\\\/#breadcrumb\",\"itemListElement\":[{\"@type\":\"ListItem\",\"position\":1,\"name\":\"Home\",\"item\":\"https:\\\/\\\/www.fecarotta.com\\\/en\\\/\"},{\"@type\":\"ListItem\",\"position\":2,\"name\":\"Shop\",\"item\":\"https:\\\/\\\/www.fecarotta.com\\\/en\\\/shop\\\/\"},{\"@type\":\"ListItem\",\"position\":3,\"name\":\"LALIQUE CHAMPS-\u00c9LYS\u00c9ES SMALL VASE\"}]},{\"@type\":\"WebSite\",\"@id\":\"https:\\\/\\\/www.fecarotta.com\\\/en\\\/#website\",\"url\":\"https:\\\/\\\/www.fecarotta.com\\\/en\\\/\",\"name\":\"Fecarotta Gioielli\",\"description\":\"Gioielleria a Palermo\",\"publisher\":{\"@id\":\"https:\\\/\\\/www.fecarotta.com\\\/en\\\/#organization\"},\"potentialAction\":[{\"@type\":\"SearchAction\",\"target\":{\"@type\":\"EntryPoint\",\"urlTemplate\":\"https:\\\/\\\/www.fecarotta.com\\\/en\\\/?s={search_term_string}\"},\"query-input\":{\"@type\":\"PropertyValueSpecification\",\"valueRequired\":true,\"valueName\":\"search_term_string\"}}],\"inLanguage\":\"en-US\"},{\"@type\":\"Organization\",\"@id\":\"https:\\\/\\\/www.fecarotta.com\\\/en\\\/#organization\",\"name\":\"Fecarotta Gioielli\",\"url\":\"https:\\\/\\\/www.fecarotta.com\\\/en\\\/\",\"logo\":{\"@type\":\"ImageObject\",\"inLanguage\":\"en-US\",\"@id\":\"https:\\\/\\\/www.fecarotta.com\\\/en\\\/#\\\/schema\\\/logo\\\/image\\\/\",\"url\":\"https:\\\/\\\/www.fecarotta.com\\\/wp-content\\\/uploads\\\/2025\\\/03\\\/logo-gmb-fecarotta.jpg\",\"contentUrl\":\"https:\\\/\\\/www.fecarotta.com\\\/wp-content\\\/uploads\\\/2025\\\/03\\\/logo-gmb-fecarotta.jpg\",\"width\":500,\"height\":500,\"caption\":\"Fecarotta Gioielli\"},\"image\":{\"@id\":\"https:\\\/\\\/www.fecarotta.com\\\/en\\\/#\\\/schema\\\/logo\\\/image\\\/\"},\"sameAs\":[\"https:\\\/\\\/www.facebook.com\\\/fecarottagioielli\",\"http:\\\/\\\/www.instagram.com\\\/fecarotta.it\",\"https:\\\/\\\/www.linkedin.com\\\/company\\\/fecarotta-it\\\/\",\"https:\\\/\\\/api.whatsapp.com\\\/send?phone=393913323691&text=Salve, vorrei qualche informazione in merito ai vostri prodotti.\"]}]}<\/script>\n<!-- \/ Yoast SEO plugin. -->","yoast_head_json":{"title":"LALIQUE CHAMPS-\u00c9LYS\u00c9ES SMALL VASE - Fecarotta Gioielli","description":"LALIQUE CHAMPS-\u00c9LYS\u00c9ES SMALL VASE, a history that blends with the history of the decorative arts of the 20th century. Buy on fecarotta.com","robots":{"index":"index","follow":"follow","max-snippet":"max-snippet:-1","max-image-preview":"max-image-preview:large","max-video-preview":"max-video-preview:-1"},"canonical":"https:\/\/www.fecarotta.com\/en\/product\/lalique-champs-elysees-small-vase\/","og_locale":"en_US","og_type":"article","og_title":"LALIQUE CHAMPS-\u00c9LYS\u00c9ES SMALL VASE - Fecarotta Gioielli","og_description":"LALIQUE CHAMPS-\u00c9LYS\u00c9ES SMALL VASE, a history that blends with the history of the decorative arts of the 20th century. Buy on fecarotta.com","og_url":"https:\/\/www.fecarotta.com\/en\/product\/lalique-champs-elysees-small-vase\/","og_site_name":"Fecarotta Gioielli","article_publisher":"https:\/\/www.facebook.com\/fecarottagioielli","article_modified_time":"2020-09-08T15:17:37+00:00","og_image":[{"width":699,"height":699,"url":"https:\/\/storage1208.cdn-immedia.net\/wp-content\/uploads\/2020\/09\/Lalique-champs-elysees-small-vase-800x800-3.jpg","type":"image\/jpeg"}],"twitter_card":"summary_large_image","twitter_misc":{"Est. reading time":"2 minutes"},"schema":{"@context":"https:\/\/schema.org","@graph":[{"@type":"WebPage","@id":"https:\/\/www.fecarotta.com\/en\/product\/lalique-champs-elysees-small-vase\/","url":"https:\/\/www.fecarotta.com\/en\/product\/lalique-champs-elysees-small-vase\/","name":"LALIQUE CHAMPS-\u00c9LYS\u00c9ES SMALL VASE - Fecarotta Gioielli","isPartOf":{"@id":"https:\/\/www.fecarotta.com\/en\/#website"},"primaryImageOfPage":{"@id":"https:\/\/www.fecarotta.com\/en\/product\/lalique-champs-elysees-small-vase\/#primaryimage"},"image":{"@id":"https:\/\/www.fecarotta.com\/en\/product\/lalique-champs-elysees-small-vase\/#primaryimage"},"thumbnailUrl":"https:\/\/storage1208.cdn-immedia.net\/wp-content\/uploads\/2020\/09\/Lalique-champs-elysees-small-vase-800x800-3.jpg","datePublished":"2020-09-08T15:04:38+00:00","dateModified":"2020-09-08T15:17:37+00:00","description":"LALIQUE CHAMPS-\u00c9LYS\u00c9ES SMALL VASE, a history that blends with the history of the decorative arts of the 20th century. Buy on fecarotta.com","breadcrumb":{"@id":"https:\/\/www.fecarotta.com\/en\/product\/lalique-champs-elysees-small-vase\/#breadcrumb"},"inLanguage":"en-US","potentialAction":[{"@type":"ReadAction","target":["https:\/\/www.fecarotta.com\/en\/product\/lalique-champs-elysees-small-vase\/"]}]},{"@type":"ImageObject","inLanguage":"en-US","@id":"https:\/\/www.fecarotta.com\/en\/product\/lalique-champs-elysees-small-vase\/#primaryimage","url":"https:\/\/storage1208.cdn-immedia.net\/wp-content\/uploads\/2020\/09\/Lalique-champs-elysees-small-vase-800x800-3.jpg","contentUrl":"https:\/\/storage1208.cdn-immedia.net\/wp-content\/uploads\/2020\/09\/Lalique-champs-elysees-small-vase-800x800-3.jpg","width":699,"height":699,"caption":"Lalique champs-elysees-vaso piccolo"},{"@type":"BreadcrumbList","@id":"https:\/\/www.fecarotta.com\/en\/product\/lalique-champs-elysees-small-vase\/#breadcrumb","itemListElement":[{"@type":"ListItem","position":1,"name":"Home","item":"https:\/\/www.fecarotta.com\/en\/"},{"@type":"ListItem","position":2,"name":"Shop","item":"https:\/\/www.fecarotta.com\/en\/shop\/"},{"@type":"ListItem","position":3,"name":"LALIQUE CHAMPS-\u00c9LYS\u00c9ES SMALL VASE"}]},{"@type":"WebSite","@id":"https:\/\/www.fecarotta.com\/en\/#website","url":"https:\/\/www.fecarotta.com\/en\/","name":"Fecarotta Gioielli","description":"Gioielleria a Palermo","publisher":{"@id":"https:\/\/www.fecarotta.com\/en\/#organization"},"potentialAction":[{"@type":"SearchAction","target":{"@type":"EntryPoint","urlTemplate":"https:\/\/www.fecarotta.com\/en\/?s={search_term_string}"},"query-input":{"@type":"PropertyValueSpecification","valueRequired":true,"valueName":"search_term_string"}}],"inLanguage":"en-US"},{"@type":"Organization","@id":"https:\/\/www.fecarotta.com\/en\/#organization","name":"Fecarotta Gioielli","url":"https:\/\/www.fecarotta.com\/en\/","logo":{"@type":"ImageObject","inLanguage":"en-US","@id":"https:\/\/www.fecarotta.com\/en\/#\/schema\/logo\/image\/","url":"https:\/\/storage1208.cdn-immedia.net\/wp-content\/uploads\/2025\/03\/logo-gmb-fecarotta.jpg","contentUrl":"https:\/\/storage1208.cdn-immedia.net\/wp-content\/uploads\/2025\/03\/logo-gmb-fecarotta.jpg","width":500,"height":500,"caption":"Fecarotta Gioielli"},"image":{"@id":"https:\/\/www.fecarotta.com\/en\/#\/schema\/logo\/image\/"},"sameAs":["https:\/\/www.facebook.com\/fecarottagioielli","http:\/\/www.instagram.com\/fecarotta.it","https:\/\/www.linkedin.com\/company\/fecarotta-it\/","https:\/\/api.whatsapp.com\/send?phone=393913323691&text=Salve, vorrei qualche informazione in merito ai vostri prodotti."]}]}},"_links":{"self":[{"href":"https:\/\/www.fecarotta.com\/en\/wp-json\/wp\/v2\/product\/21020","targetHints":{"allow":["GET"]}}],"collection":[{"href":"https:\/\/www.fecarotta.com\/en\/wp-json\/wp\/v2\/product"}],"about":[{"href":"https:\/\/www.fecarotta.com\/en\/wp-json\/wp\/v2\/types\/product"}],"wp:featuredmedia":[{"embeddable":true,"href":"https:\/\/www.fecarotta.com\/en\/wp-json\/wp\/v2\/media\/21026"}],"wp:attachment":[{"href":"https:\/\/www.fecarotta.com\/en\/wp-json\/wp\/v2\/media?parent=21020"}],"wp:term":[{"taxonomy":"product_brand","embeddable":true,"href":"https:\/\/www.fecarotta.com\/en\/wp-json\/wp\/v2\/product_brand?post=21020"},{"taxonomy":"product_cat","embeddable":true,"href":"https:\/\/www.fecarotta.com\/en\/wp-json\/wp\/v2\/product_cat?post=21020"},{"taxonomy":"product_tag","embeddable":true,"href":"https:\/\/www.fecarotta.com\/en\/wp-json\/wp\/v2\/product_tag?post=21020"}],"curies":[{"name":"wp","href":"https:\/\/api.w.org\/{rel}","templated":true}]}}