{"id":17455,"date":"2020-05-07T07:02:39","date_gmt":"2020-03-30T07:02:40","guid":{"rendered":"https:\/\/www.fecarotta.com\/?post_type=product&#038;p=17455"},"modified":"2020-07-23T20:05:38","modified_gmt":"2020-07-23T20:05:38","slug":"vacheron-and-constantin-watch","status":"publish","type":"product","link":"https:\/\/www.fecarotta.com\/en\/product\/vacheron-and-constantin-watch\/","title":{"rendered":"Vacheron and Constantin watch"},"content":{"rendered":"<p>Vacheron and Constantin watch, part of the Vintage collection.<\/p>\n<p>F.G. Fecarotta Jewellery boasts a large assortment, always evolving, of precious items ranging from the 1920s to the 1970s; purchased with great skill and passion around Italy by Giorgio and Giuliano Fecarotta. For us it is fundamental to pay great attention to the quality\/price ratio. Each jewel is accompanied by a certificate of authenticity that attests to its description, photo and quality.<\/p>\n<p>F.G. Fecarotta Gioielli stands out for its expertise in the evaluation and choice of antique and vintage jewellery, found in Europe and around the world. Today F.G. Fecarotta Gioielli is a solid point of reference in the sale of fine antique and vintage jewellery.<\/p>\n<p>Vacheron Constantin was founded on 17th September 1755 in the Geneva district of Saint-Gervais by the watchmaker <a href=\"https:\/\/it.wikipedia.org\/w\/index.php?title=Jean-Marc_Vacheron&amp;action=edit&amp;redlink=1\" target=\"_blank\" rel=\"noopener noreferrer\">Jean-Marc Vacheron<\/a>. The watchmaker&#8217;s workshop initially consisted of Jean-Marc and one of his apprentices. The only watch in the manufacture to bear the founder&#8217;s signature dates back to the year of its foundation.\u00a0In 1785, the founder&#8217;s son, Abraham Vacheron, took over the business. During the years of his administration, the business, later passed to his son Jacques Barth\u00e9l\u00e9mi, expanded its production. The first complication made by the manufacture dates back to 1790. Jacques Barth\u00e9l\u00e9mi Vacheron, the founder&#8217;s nephew, took over from his father in 1810. Since then, he has been producing more complicated watches, including watches capable of producing different melodies.<\/p>\n<p>By exhibiting in various countries, he managed to fascinate clients of the Carlo Alberto di Carignano calibre. In 1819, he joined the company Fran\u00e7ois Constantin, which took care of the commercial aspects. He was responsible for the Manufacture&#8217;s motto, which from this moment on took on the name Vacheron&amp;Constantin. Although the export of watches to the USA had already begun in 1811, it was not until 1832 that the first American-based commercial agent, John Magnin, opened his New York office. Three years later, the business also expanded into South America. In 1875 the company moved to the new premises on the Rue des Moulins, where it is still located today.<\/p>\n<p>F.G. Fecarotta Gioielli; Over two centuries of history.<\/p>\n<p>We are jewelers, for over 200 years.<\/p>\n<p><a href=\"https:\/\/www.fecarotta.com\/it\/fecarotta-gioielli-company\/\" target=\"_blank\" rel=\"noopener noreferrer\">Our Company<\/a><\/p>\n<p>&nbsp;<\/p>\n","protected":false},"excerpt":{"rendered":"<p>Vacheron and Constantin watch in 18 ct gold. The buckle is in rose gold but not original. 80s, without box or warranty. Case 31 automatic movement.<\/p>\n<p>Vintage Collection<\/p>\n","protected":false},"featured_media":17463,"template":"","meta":{"_acf_changed":false},"product_brand":[],"product_cat":[171,160,159],"product_tag":[],"class_list":{"0":"post-17455","1":"product","2":"type-product","3":"status-publish","4":"has-post-thumbnail","6":"product_cat-automatic-watches","7":"product_cat-mens-watches","8":"product_cat-watches","10":"first","11":"instock","12":"purchasable","13":"product-type-simple","14":"add-to-wishlist-before_image"},"acf":[],"yoast_head":"<!-- This site is optimized with the Yoast SEO plugin v27.3 - https:\/\/yoast.com\/product\/yoast-seo-wordpress\/ -->\n<title>Vacheron and Constantin watch - Fecarotta Gioielli<\/title>\n<meta name=\"description\" content=\"F.G. Fecarotta Gioielli stands out for its expertise in the evaluation and choice of antique and vintage jewellery, found in Europe and worldwide.\" \/>\n<meta name=\"robots\" content=\"index, follow, max-snippet:-1, max-image-preview:large, max-video-preview:-1\" \/>\n<link rel=\"canonical\" href=\"https:\/\/www.fecarotta.com\/en\/product\/vacheron-and-constantin-watch\/\" \/>\n<meta property=\"og:locale\" content=\"en_US\" \/>\n<meta property=\"og:type\" content=\"article\" \/>\n<meta property=\"og:title\" content=\"Vacheron and Constantin watch - Fecarotta Gioielli\" \/>\n<meta property=\"og:description\" content=\"F.G. Fecarotta Gioielli stands out for its expertise in the evaluation and choice of antique and vintage jewellery, found in Europe and worldwide.\" \/>\n<meta property=\"og:url\" content=\"https:\/\/www.fecarotta.com\/en\/product\/vacheron-and-constantin-watch\/\" \/>\n<meta property=\"og:site_name\" content=\"Fecarotta Gioielli\" \/>\n<meta property=\"article:publisher\" content=\"https:\/\/www.facebook.com\/fecarottagioielli\" \/>\n<meta property=\"article:modified_time\" content=\"2020-07-23T20:05:38+00:00\" \/>\n<meta property=\"og:image\" content=\"https:\/\/storage1208.cdn-immedia.net\/wp-content\/uploads\/2020\/03\/Orologio-Vacheron-e-Constantin-M3530.jpg\" \/>\n\t<meta property=\"og:image:width\" content=\"2000\" \/>\n\t<meta property=\"og:image:height\" content=\"2000\" \/>\n\t<meta property=\"og:image:type\" content=\"image\/jpeg\" \/>\n<meta name=\"twitter:card\" content=\"summary_large_image\" \/>\n<meta name=\"twitter:label1\" content=\"Est. reading time\" \/>\n\t<meta name=\"twitter:data1\" content=\"2 minutes\" \/>\n<script type=\"application\/ld+json\" class=\"yoast-schema-graph\">{\"@context\":\"https:\\\/\\\/schema.org\",\"@graph\":[{\"@type\":\"WebPage\",\"@id\":\"https:\\\/\\\/www.fecarotta.com\\\/en\\\/product\\\/vacheron-and-constantin-watch\\\/\",\"url\":\"https:\\\/\\\/www.fecarotta.com\\\/en\\\/product\\\/vacheron-and-constantin-watch\\\/\",\"name\":\"Vacheron and Constantin watch - Fecarotta Gioielli\",\"isPartOf\":{\"@id\":\"https:\\\/\\\/www.fecarotta.com\\\/en\\\/#website\"},\"primaryImageOfPage\":{\"@id\":\"https:\\\/\\\/www.fecarotta.com\\\/en\\\/product\\\/vacheron-and-constantin-watch\\\/#primaryimage\"},\"image\":{\"@id\":\"https:\\\/\\\/www.fecarotta.com\\\/en\\\/product\\\/vacheron-and-constantin-watch\\\/#primaryimage\"},\"thumbnailUrl\":\"https:\\\/\\\/www.fecarotta.com\\\/wp-content\\\/uploads\\\/2020\\\/03\\\/Orologio-Vacheron-e-Constantin-M3530.jpg\",\"datePublished\":\"2020-03-30T07:02:40+00:00\",\"dateModified\":\"2020-07-23T20:05:38+00:00\",\"description\":\"F.G. Fecarotta Gioielli stands out for its expertise in the evaluation and choice of antique and vintage jewellery, found in Europe and worldwide.\",\"breadcrumb\":{\"@id\":\"https:\\\/\\\/www.fecarotta.com\\\/en\\\/product\\\/vacheron-and-constantin-watch\\\/#breadcrumb\"},\"inLanguage\":\"en-US\",\"potentialAction\":[{\"@type\":\"ReadAction\",\"target\":[\"https:\\\/\\\/www.fecarotta.com\\\/en\\\/product\\\/vacheron-and-constantin-watch\\\/\"]}]},{\"@type\":\"ImageObject\",\"inLanguage\":\"en-US\",\"@id\":\"https:\\\/\\\/www.fecarotta.com\\\/en\\\/product\\\/vacheron-and-constantin-watch\\\/#primaryimage\",\"url\":\"https:\\\/\\\/www.fecarotta.com\\\/wp-content\\\/uploads\\\/2020\\\/03\\\/Orologio-Vacheron-e-Constantin-M3530.jpg\",\"contentUrl\":\"https:\\\/\\\/www.fecarotta.com\\\/wp-content\\\/uploads\\\/2020\\\/03\\\/Orologio-Vacheron-e-Constantin-M3530.jpg\",\"width\":2000,\"height\":2000,\"caption\":\"Orologio Vacheron e Constantin\"},{\"@type\":\"BreadcrumbList\",\"@id\":\"https:\\\/\\\/www.fecarotta.com\\\/en\\\/product\\\/vacheron-and-constantin-watch\\\/#breadcrumb\",\"itemListElement\":[{\"@type\":\"ListItem\",\"position\":1,\"name\":\"Home\",\"item\":\"https:\\\/\\\/www.fecarotta.com\\\/en\\\/fecarotta-gioielli-20\\\/\"},{\"@type\":\"ListItem\",\"position\":2,\"name\":\"Shop\",\"item\":\"https:\\\/\\\/www.fecarotta.com\\\/en\\\/shop\\\/\"},{\"@type\":\"ListItem\",\"position\":3,\"name\":\"Vacheron and Constantin watch\"}]},{\"@type\":\"WebSite\",\"@id\":\"https:\\\/\\\/www.fecarotta.com\\\/en\\\/#website\",\"url\":\"https:\\\/\\\/www.fecarotta.com\\\/en\\\/\",\"name\":\"Fecarotta Gioielli\",\"description\":\"Gioielleria a Palermo\",\"publisher\":{\"@id\":\"https:\\\/\\\/www.fecarotta.com\\\/en\\\/#organization\"},\"potentialAction\":[{\"@type\":\"SearchAction\",\"target\":{\"@type\":\"EntryPoint\",\"urlTemplate\":\"https:\\\/\\\/www.fecarotta.com\\\/en\\\/?s={search_term_string}\"},\"query-input\":{\"@type\":\"PropertyValueSpecification\",\"valueRequired\":true,\"valueName\":\"search_term_string\"}}],\"inLanguage\":\"en-US\"},{\"@type\":\"Organization\",\"@id\":\"https:\\\/\\\/www.fecarotta.com\\\/en\\\/#organization\",\"name\":\"Fecarotta Gioielli\",\"url\":\"https:\\\/\\\/www.fecarotta.com\\\/en\\\/\",\"logo\":{\"@type\":\"ImageObject\",\"inLanguage\":\"en-US\",\"@id\":\"https:\\\/\\\/www.fecarotta.com\\\/en\\\/#\\\/schema\\\/logo\\\/image\\\/\",\"url\":\"https:\\\/\\\/www.fecarotta.com\\\/wp-content\\\/uploads\\\/2025\\\/03\\\/logo-gmb-fecarotta.jpg\",\"contentUrl\":\"https:\\\/\\\/www.fecarotta.com\\\/wp-content\\\/uploads\\\/2025\\\/03\\\/logo-gmb-fecarotta.jpg\",\"width\":500,\"height\":500,\"caption\":\"Fecarotta Gioielli\"},\"image\":{\"@id\":\"https:\\\/\\\/www.fecarotta.com\\\/en\\\/#\\\/schema\\\/logo\\\/image\\\/\"},\"sameAs\":[\"https:\\\/\\\/www.facebook.com\\\/fecarottagioielli\",\"http:\\\/\\\/www.instagram.com\\\/fecarotta.it\",\"https:\\\/\\\/www.linkedin.com\\\/company\\\/fecarotta-it\\\/\",\"https:\\\/\\\/api.whatsapp.com\\\/send?phone=393913323691&text=Salve, vorrei qualche informazione in merito ai vostri prodotti.\"]}]}<\/script>\n<!-- \/ Yoast SEO plugin. -->","yoast_head_json":{"title":"Vacheron and Constantin watch - Fecarotta Gioielli","description":"F.G. Fecarotta Gioielli stands out for its expertise in the evaluation and choice of antique and vintage jewellery, found in Europe and worldwide.","robots":{"index":"index","follow":"follow","max-snippet":"max-snippet:-1","max-image-preview":"max-image-preview:large","max-video-preview":"max-video-preview:-1"},"canonical":"https:\/\/www.fecarotta.com\/en\/product\/vacheron-and-constantin-watch\/","og_locale":"en_US","og_type":"article","og_title":"Vacheron and Constantin watch - Fecarotta Gioielli","og_description":"F.G. Fecarotta Gioielli stands out for its expertise in the evaluation and choice of antique and vintage jewellery, found in Europe and worldwide.","og_url":"https:\/\/www.fecarotta.com\/en\/product\/vacheron-and-constantin-watch\/","og_site_name":"Fecarotta Gioielli","article_publisher":"https:\/\/www.facebook.com\/fecarottagioielli","article_modified_time":"2020-07-23T20:05:38+00:00","og_image":[{"width":2000,"height":2000,"url":"https:\/\/storage1208.cdn-immedia.net\/wp-content\/uploads\/2020\/03\/Orologio-Vacheron-e-Constantin-M3530.jpg","type":"image\/jpeg"}],"twitter_card":"summary_large_image","twitter_misc":{"Est. reading time":"2 minutes"},"schema":{"@context":"https:\/\/schema.org","@graph":[{"@type":"WebPage","@id":"https:\/\/www.fecarotta.com\/en\/product\/vacheron-and-constantin-watch\/","url":"https:\/\/www.fecarotta.com\/en\/product\/vacheron-and-constantin-watch\/","name":"Vacheron and Constantin watch - Fecarotta Gioielli","isPartOf":{"@id":"https:\/\/www.fecarotta.com\/en\/#website"},"primaryImageOfPage":{"@id":"https:\/\/www.fecarotta.com\/en\/product\/vacheron-and-constantin-watch\/#primaryimage"},"image":{"@id":"https:\/\/www.fecarotta.com\/en\/product\/vacheron-and-constantin-watch\/#primaryimage"},"thumbnailUrl":"https:\/\/storage1208.cdn-immedia.net\/wp-content\/uploads\/2020\/03\/Orologio-Vacheron-e-Constantin-M3530.jpg","datePublished":"2020-03-30T07:02:40+00:00","dateModified":"2020-07-23T20:05:38+00:00","description":"F.G. Fecarotta Gioielli stands out for its expertise in the evaluation and choice of antique and vintage jewellery, found in Europe and worldwide.","breadcrumb":{"@id":"https:\/\/www.fecarotta.com\/en\/product\/vacheron-and-constantin-watch\/#breadcrumb"},"inLanguage":"en-US","potentialAction":[{"@type":"ReadAction","target":["https:\/\/www.fecarotta.com\/en\/product\/vacheron-and-constantin-watch\/"]}]},{"@type":"ImageObject","inLanguage":"en-US","@id":"https:\/\/www.fecarotta.com\/en\/product\/vacheron-and-constantin-watch\/#primaryimage","url":"https:\/\/storage1208.cdn-immedia.net\/wp-content\/uploads\/2020\/03\/Orologio-Vacheron-e-Constantin-M3530.jpg","contentUrl":"https:\/\/storage1208.cdn-immedia.net\/wp-content\/uploads\/2020\/03\/Orologio-Vacheron-e-Constantin-M3530.jpg","width":2000,"height":2000,"caption":"Orologio Vacheron e Constantin"},{"@type":"BreadcrumbList","@id":"https:\/\/www.fecarotta.com\/en\/product\/vacheron-and-constantin-watch\/#breadcrumb","itemListElement":[{"@type":"ListItem","position":1,"name":"Home","item":"https:\/\/www.fecarotta.com\/en\/fecarotta-gioielli-20\/"},{"@type":"ListItem","position":2,"name":"Shop","item":"https:\/\/www.fecarotta.com\/en\/shop\/"},{"@type":"ListItem","position":3,"name":"Vacheron and Constantin watch"}]},{"@type":"WebSite","@id":"https:\/\/www.fecarotta.com\/en\/#website","url":"https:\/\/www.fecarotta.com\/en\/","name":"Fecarotta Gioielli","description":"Gioielleria a Palermo","publisher":{"@id":"https:\/\/www.fecarotta.com\/en\/#organization"},"potentialAction":[{"@type":"SearchAction","target":{"@type":"EntryPoint","urlTemplate":"https:\/\/www.fecarotta.com\/en\/?s={search_term_string}"},"query-input":{"@type":"PropertyValueSpecification","valueRequired":true,"valueName":"search_term_string"}}],"inLanguage":"en-US"},{"@type":"Organization","@id":"https:\/\/www.fecarotta.com\/en\/#organization","name":"Fecarotta Gioielli","url":"https:\/\/www.fecarotta.com\/en\/","logo":{"@type":"ImageObject","inLanguage":"en-US","@id":"https:\/\/www.fecarotta.com\/en\/#\/schema\/logo\/image\/","url":"https:\/\/storage1208.cdn-immedia.net\/wp-content\/uploads\/2025\/03\/logo-gmb-fecarotta.jpg","contentUrl":"https:\/\/storage1208.cdn-immedia.net\/wp-content\/uploads\/2025\/03\/logo-gmb-fecarotta.jpg","width":500,"height":500,"caption":"Fecarotta Gioielli"},"image":{"@id":"https:\/\/www.fecarotta.com\/en\/#\/schema\/logo\/image\/"},"sameAs":["https:\/\/www.facebook.com\/fecarottagioielli","http:\/\/www.instagram.com\/fecarotta.it","https:\/\/www.linkedin.com\/company\/fecarotta-it\/","https:\/\/api.whatsapp.com\/send?phone=393913323691&text=Salve, vorrei qualche informazione in merito ai vostri prodotti."]}]}},"_links":{"self":[{"href":"https:\/\/www.fecarotta.com\/en\/wp-json\/wp\/v2\/product\/17455","targetHints":{"allow":["GET"]}}],"collection":[{"href":"https:\/\/www.fecarotta.com\/en\/wp-json\/wp\/v2\/product"}],"about":[{"href":"https:\/\/www.fecarotta.com\/en\/wp-json\/wp\/v2\/types\/product"}],"wp:featuredmedia":[{"embeddable":true,"href":"https:\/\/www.fecarotta.com\/en\/wp-json\/wp\/v2\/media\/17463"}],"wp:attachment":[{"href":"https:\/\/www.fecarotta.com\/en\/wp-json\/wp\/v2\/media?parent=17455"}],"wp:term":[{"taxonomy":"product_brand","embeddable":true,"href":"https:\/\/www.fecarotta.com\/en\/wp-json\/wp\/v2\/product_brand?post=17455"},{"taxonomy":"product_cat","embeddable":true,"href":"https:\/\/www.fecarotta.com\/en\/wp-json\/wp\/v2\/product_cat?post=17455"},{"taxonomy":"product_tag","embeddable":true,"href":"https:\/\/www.fecarotta.com\/en\/wp-json\/wp\/v2\/product_tag?post=17455"}],"curies":[{"name":"wp","href":"https:\/\/api.w.org\/{rel}","templated":true}]}}