{"id":16724,"date":"2022-05-17T05:00:40","date_gmt":"2020-03-14T09:21:40","guid":{"rendered":"https:\/\/www.fecarotta.com\/?post_type=product&#038;p=16724"},"modified":"2022-05-17T05:58:28","modified_gmt":"2022-05-17T05:58:28","slug":"bvlgari-bvlgari-watch","status":"publish","type":"product","link":"https:\/\/www.fecarotta.com\/en\/product\/bvlgari-bvlgari-watch\/","title":{"rendered":"BVLGARI BVLGARI watch"},"content":{"rendered":"<p style=\"text-align: left;\">Featuring the highest skills of Swiss watchmaking &#8211; with the in-house manufactured movement \u2013 and combining it with the bold modernity of Italian design, the BVLGARI BVLGARI Solotempo watch blends classiness with perfect performance. Grown from the Roman roots of the brand into an elegant fusion of culture and modernity, the BVLGARI BVLGARI collection has defined the bold essence of Bvlgari\u2019s style for over 40 years. The double logo, inspired by the curved inscriptions on ancient Roman coins, epitomizes still today Bvlgari\u2019s unparalleled ability to infuse its rich heritage into timeless creations. Paying homage to the original model, the timepiece strikes the right balance betweenmemory and creative imagination, reimagining the original bracelet into a cutting edge rubber strap. BVLGARI BVLGARI Solotempo watch with mechanical manufacture movement, automatic winding and date, BVL 191 &#8211; Solotempo caliber decorated with c\u00f4tes de Gen\u00e8ve, chamfering and snailed finishing, 42 hour power reserve, 41 mm stainless steel case treated with black Diamond Like Carbon, stainless steel bezel treated with black Diamond Like Carbon and engraved with logo, bronze crown with ceramic insert, transparent case back, black dial, hand-applied bronze indexes, black rubber strap and ardillon buckle. Water-resistant up to 50 metres.<\/p>\n<p>&nbsp;<\/p>\n<p><a href=\"https:\/\/www.fecarotta.com\/en\/fecarotta-jewellery-company\/\" target=\"_blank\" rel=\"noopener noreferrer\">OUR COMPANY<\/a><\/p>\n","protected":false},"excerpt":{"rendered":"<p>Equipped with an entirely in-house manufactured movement, the BVLGARI BVLGARI Solotempo watch combines the excellence of Swiss watchmaking with the creative talent of Italian design. Evoking the Maison&#8217;s Roman origins, the BVLGARI BVLGARI collection is a perfect blend of elegance and performance, tradition and modernity. A collection with iconic appeal that has fully embodied the boldness of the Bvlgari style for over forty years. Inspired by the inscriptions engraved along the edge of ancient Roman coins, the double logo is now a symbol of Bvlgari&#8217;s unparalleled mastery in translating the brand&#8217;s rich tradition into new creations of timeless elegance. In a perfect synthesis of memory and creative imagination, the watch revisits the original model, enriching it with a captivating rubber strap. BVLGARI BVLGARI Solotempo watch with in-house mechanical movement with automatic winding and date display, BVL 191 calibre &#8211; Solotempo with C\u00f4tes de Gen\u00e8ve finishing, anglage and colima\u00e7onnage, 42-hour power reserve, 41 mm stainless steel case with black DLC (Diamond-Like Carbon) treatment, stainless steel bezel with black DLC treatment and double logo, bronze crown with ceramic insert, visible case back, black dial, hand-applied bronze hour markers and black rubber strap with pin buckle. Water-resistant to 50 metres.<\/p>\n<p>Ref.: 102929<br \/>\nDiameter (mm): 41<br \/>\nCase shape: Round<br \/>\nFunctions: Hours-Minutes-Seconds-Date<br \/>\nMovement type: Automatic<br \/>\nStrap material: Rubber<br \/>\nPower reserve: 42 hours<br \/>\nFrequency: 28&#8217;800 VpH (4Hz)<br \/>\nWater resistance: 50 m<br \/>\nBuckle: Pin buckle<br \/>\nMaterial: Metal, Steel<br \/>\nSize: M<br \/>\nColour: Black, Bronze<\/p>\n","protected":false},"featured_media":17140,"template":"","meta":{"_acf_changed":false},"product_brand":[],"product_cat":[171,2307,160,16,159],"product_tag":[],"class_list":{"0":"post-16724","1":"product","2":"type-product","3":"status-publish","4":"has-post-thumbnail","6":"product_cat-automatic-watches","7":"product_cat-man","8":"product_cat-mens-watches","9":"product_cat-not-for-online-sale","10":"product_cat-watches","11":"pa_brand-bulgari-en","12":"pa_collection-bvlgari-bvlgari-en","13":"pa_gender-man","15":"first","16":"instock","17":"purchasable","18":"product-type-simple","19":"add-to-wishlist-before_image"},"acf":[],"yoast_head":"<!-- This site is optimized with the Yoast SEO plugin v27.5 - https:\/\/yoast.com\/product\/yoast-seo-wordpress\/ -->\n<title>BVLGARI BVLGARI watch - Fecarotta Gioielli<\/title>\n<meta name=\"description\" content=\"BVLGARI BVLGARI Solotempo watch blends classiness with perfect performance. DISCOVER Bvlgari on fecarotta.it\" \/>\n<meta name=\"robots\" content=\"index, follow, max-snippet:-1, max-image-preview:large, max-video-preview:-1\" \/>\n<link rel=\"canonical\" href=\"https:\/\/www.fecarotta.com\/en\/product\/bvlgari-bvlgari-watch\/\" \/>\n<meta property=\"og:locale\" content=\"en_US\" \/>\n<meta property=\"og:type\" content=\"article\" \/>\n<meta property=\"og:title\" content=\"BVLGARI BVLGARI watch - Fecarotta Gioielli\" \/>\n<meta property=\"og:description\" content=\"BVLGARI BVLGARI Solotempo watch blends classiness with perfect performance. DISCOVER Bvlgari on fecarotta.it\" \/>\n<meta property=\"og:url\" content=\"https:\/\/www.fecarotta.com\/en\/product\/bvlgari-bvlgari-watch\/\" \/>\n<meta property=\"og:site_name\" content=\"Fecarotta Gioielli\" \/>\n<meta property=\"article:publisher\" content=\"https:\/\/www.facebook.com\/fecarottagioielli\" \/>\n<meta property=\"article:modified_time\" content=\"2022-05-17T05:58:28+00:00\" \/>\n<meta property=\"og:image\" content=\"https:\/\/storage1208.cdn-immedia.net\/wp-content\/uploads\/2020\/03\/Orologio-BVLGARI-BVLGARI-102929.jpg\" \/>\n\t<meta property=\"og:image:width\" content=\"1405\" \/>\n\t<meta property=\"og:image:height\" content=\"1405\" \/>\n\t<meta property=\"og:image:type\" content=\"image\/jpeg\" \/>\n<meta name=\"twitter:card\" content=\"summary_large_image\" \/>\n<meta name=\"twitter:label1\" content=\"Est. reading time\" \/>\n\t<meta name=\"twitter:data1\" content=\"2 minutes\" \/>\n<script type=\"application\/ld+json\" class=\"yoast-schema-graph\">{\"@context\":\"https:\\\/\\\/schema.org\",\"@graph\":[{\"@type\":\"WebPage\",\"@id\":\"https:\\\/\\\/www.fecarotta.com\\\/en\\\/product\\\/bvlgari-bvlgari-watch\\\/\",\"url\":\"https:\\\/\\\/www.fecarotta.com\\\/en\\\/product\\\/bvlgari-bvlgari-watch\\\/\",\"name\":\"BVLGARI BVLGARI watch - Fecarotta Gioielli\",\"isPartOf\":{\"@id\":\"https:\\\/\\\/www.fecarotta.com\\\/en\\\/#website\"},\"primaryImageOfPage\":{\"@id\":\"https:\\\/\\\/www.fecarotta.com\\\/en\\\/product\\\/bvlgari-bvlgari-watch\\\/#primaryimage\"},\"image\":{\"@id\":\"https:\\\/\\\/www.fecarotta.com\\\/en\\\/product\\\/bvlgari-bvlgari-watch\\\/#primaryimage\"},\"thumbnailUrl\":\"https:\\\/\\\/www.fecarotta.com\\\/wp-content\\\/uploads\\\/2020\\\/03\\\/Orologio-BVLGARI-BVLGARI-102929.jpg\",\"datePublished\":\"2020-03-14T09:21:40+00:00\",\"dateModified\":\"2022-05-17T05:58:28+00:00\",\"description\":\"BVLGARI BVLGARI Solotempo watch blends classiness with perfect performance. DISCOVER Bvlgari on fecarotta.it\",\"breadcrumb\":{\"@id\":\"https:\\\/\\\/www.fecarotta.com\\\/en\\\/product\\\/bvlgari-bvlgari-watch\\\/#breadcrumb\"},\"inLanguage\":\"en-US\",\"potentialAction\":[{\"@type\":\"ReadAction\",\"target\":[\"https:\\\/\\\/www.fecarotta.com\\\/en\\\/product\\\/bvlgari-bvlgari-watch\\\/\"]}]},{\"@type\":\"ImageObject\",\"inLanguage\":\"en-US\",\"@id\":\"https:\\\/\\\/www.fecarotta.com\\\/en\\\/product\\\/bvlgari-bvlgari-watch\\\/#primaryimage\",\"url\":\"https:\\\/\\\/www.fecarotta.com\\\/wp-content\\\/uploads\\\/2020\\\/03\\\/Orologio-BVLGARI-BVLGARI-102929.jpg\",\"contentUrl\":\"https:\\\/\\\/www.fecarotta.com\\\/wp-content\\\/uploads\\\/2020\\\/03\\\/Orologio-BVLGARI-BVLGARI-102929.jpg\",\"width\":1405,\"height\":1405,\"caption\":\"Orologio BVLGARI BVLGARI\"},{\"@type\":\"BreadcrumbList\",\"@id\":\"https:\\\/\\\/www.fecarotta.com\\\/en\\\/product\\\/bvlgari-bvlgari-watch\\\/#breadcrumb\",\"itemListElement\":[{\"@type\":\"ListItem\",\"position\":1,\"name\":\"Home\",\"item\":\"https:\\\/\\\/www.fecarotta.com\\\/en\\\/\"},{\"@type\":\"ListItem\",\"position\":2,\"name\":\"Shop\",\"item\":\"https:\\\/\\\/www.fecarotta.com\\\/en\\\/shop\\\/\"},{\"@type\":\"ListItem\",\"position\":3,\"name\":\"BVLGARI BVLGARI watch\"}]},{\"@type\":\"WebSite\",\"@id\":\"https:\\\/\\\/www.fecarotta.com\\\/en\\\/#website\",\"url\":\"https:\\\/\\\/www.fecarotta.com\\\/en\\\/\",\"name\":\"Fecarotta Gioielli\",\"description\":\"Gioielleria a Palermo\",\"publisher\":{\"@id\":\"https:\\\/\\\/www.fecarotta.com\\\/en\\\/#organization\"},\"potentialAction\":[{\"@type\":\"SearchAction\",\"target\":{\"@type\":\"EntryPoint\",\"urlTemplate\":\"https:\\\/\\\/www.fecarotta.com\\\/en\\\/?s={search_term_string}\"},\"query-input\":{\"@type\":\"PropertyValueSpecification\",\"valueRequired\":true,\"valueName\":\"search_term_string\"}}],\"inLanguage\":\"en-US\"},{\"@type\":\"Organization\",\"@id\":\"https:\\\/\\\/www.fecarotta.com\\\/en\\\/#organization\",\"name\":\"Fecarotta Gioielli\",\"url\":\"https:\\\/\\\/www.fecarotta.com\\\/en\\\/\",\"logo\":{\"@type\":\"ImageObject\",\"inLanguage\":\"en-US\",\"@id\":\"https:\\\/\\\/www.fecarotta.com\\\/en\\\/#\\\/schema\\\/logo\\\/image\\\/\",\"url\":\"https:\\\/\\\/www.fecarotta.com\\\/wp-content\\\/uploads\\\/2025\\\/03\\\/logo-gmb-fecarotta.jpg\",\"contentUrl\":\"https:\\\/\\\/www.fecarotta.com\\\/wp-content\\\/uploads\\\/2025\\\/03\\\/logo-gmb-fecarotta.jpg\",\"width\":500,\"height\":500,\"caption\":\"Fecarotta Gioielli\"},\"image\":{\"@id\":\"https:\\\/\\\/www.fecarotta.com\\\/en\\\/#\\\/schema\\\/logo\\\/image\\\/\"},\"sameAs\":[\"https:\\\/\\\/www.facebook.com\\\/fecarottagioielli\",\"http:\\\/\\\/www.instagram.com\\\/fecarotta.it\",\"https:\\\/\\\/www.linkedin.com\\\/company\\\/fecarotta-it\\\/\",\"https:\\\/\\\/api.whatsapp.com\\\/send?phone=393913323691&text=Salve, vorrei qualche informazione in merito ai vostri prodotti.\"]}]}<\/script>\n<!-- \/ Yoast SEO plugin. -->","yoast_head_json":{"title":"BVLGARI BVLGARI watch - Fecarotta Gioielli","description":"BVLGARI BVLGARI Solotempo watch blends classiness with perfect performance. DISCOVER Bvlgari on fecarotta.it","robots":{"index":"index","follow":"follow","max-snippet":"max-snippet:-1","max-image-preview":"max-image-preview:large","max-video-preview":"max-video-preview:-1"},"canonical":"https:\/\/www.fecarotta.com\/en\/product\/bvlgari-bvlgari-watch\/","og_locale":"en_US","og_type":"article","og_title":"BVLGARI BVLGARI watch - Fecarotta Gioielli","og_description":"BVLGARI BVLGARI Solotempo watch blends classiness with perfect performance. DISCOVER Bvlgari on fecarotta.it","og_url":"https:\/\/www.fecarotta.com\/en\/product\/bvlgari-bvlgari-watch\/","og_site_name":"Fecarotta Gioielli","article_publisher":"https:\/\/www.facebook.com\/fecarottagioielli","article_modified_time":"2022-05-17T05:58:28+00:00","og_image":[{"width":1405,"height":1405,"url":"https:\/\/storage1208.cdn-immedia.net\/wp-content\/uploads\/2020\/03\/Orologio-BVLGARI-BVLGARI-102929.jpg","type":"image\/jpeg"}],"twitter_card":"summary_large_image","twitter_misc":{"Est. reading time":"2 minutes"},"schema":{"@context":"https:\/\/schema.org","@graph":[{"@type":"WebPage","@id":"https:\/\/www.fecarotta.com\/en\/product\/bvlgari-bvlgari-watch\/","url":"https:\/\/www.fecarotta.com\/en\/product\/bvlgari-bvlgari-watch\/","name":"BVLGARI BVLGARI watch - Fecarotta Gioielli","isPartOf":{"@id":"https:\/\/www.fecarotta.com\/en\/#website"},"primaryImageOfPage":{"@id":"https:\/\/www.fecarotta.com\/en\/product\/bvlgari-bvlgari-watch\/#primaryimage"},"image":{"@id":"https:\/\/www.fecarotta.com\/en\/product\/bvlgari-bvlgari-watch\/#primaryimage"},"thumbnailUrl":"https:\/\/storage1208.cdn-immedia.net\/wp-content\/uploads\/2020\/03\/Orologio-BVLGARI-BVLGARI-102929.jpg","datePublished":"2020-03-14T09:21:40+00:00","dateModified":"2022-05-17T05:58:28+00:00","description":"BVLGARI BVLGARI Solotempo watch blends classiness with perfect performance. DISCOVER Bvlgari on fecarotta.it","breadcrumb":{"@id":"https:\/\/www.fecarotta.com\/en\/product\/bvlgari-bvlgari-watch\/#breadcrumb"},"inLanguage":"en-US","potentialAction":[{"@type":"ReadAction","target":["https:\/\/www.fecarotta.com\/en\/product\/bvlgari-bvlgari-watch\/"]}]},{"@type":"ImageObject","inLanguage":"en-US","@id":"https:\/\/www.fecarotta.com\/en\/product\/bvlgari-bvlgari-watch\/#primaryimage","url":"https:\/\/storage1208.cdn-immedia.net\/wp-content\/uploads\/2020\/03\/Orologio-BVLGARI-BVLGARI-102929.jpg","contentUrl":"https:\/\/storage1208.cdn-immedia.net\/wp-content\/uploads\/2020\/03\/Orologio-BVLGARI-BVLGARI-102929.jpg","width":1405,"height":1405,"caption":"Orologio BVLGARI BVLGARI"},{"@type":"BreadcrumbList","@id":"https:\/\/www.fecarotta.com\/en\/product\/bvlgari-bvlgari-watch\/#breadcrumb","itemListElement":[{"@type":"ListItem","position":1,"name":"Home","item":"https:\/\/www.fecarotta.com\/en\/"},{"@type":"ListItem","position":2,"name":"Shop","item":"https:\/\/www.fecarotta.com\/en\/shop\/"},{"@type":"ListItem","position":3,"name":"BVLGARI BVLGARI watch"}]},{"@type":"WebSite","@id":"https:\/\/www.fecarotta.com\/en\/#website","url":"https:\/\/www.fecarotta.com\/en\/","name":"Fecarotta Gioielli","description":"Gioielleria a Palermo","publisher":{"@id":"https:\/\/www.fecarotta.com\/en\/#organization"},"potentialAction":[{"@type":"SearchAction","target":{"@type":"EntryPoint","urlTemplate":"https:\/\/www.fecarotta.com\/en\/?s={search_term_string}"},"query-input":{"@type":"PropertyValueSpecification","valueRequired":true,"valueName":"search_term_string"}}],"inLanguage":"en-US"},{"@type":"Organization","@id":"https:\/\/www.fecarotta.com\/en\/#organization","name":"Fecarotta Gioielli","url":"https:\/\/www.fecarotta.com\/en\/","logo":{"@type":"ImageObject","inLanguage":"en-US","@id":"https:\/\/www.fecarotta.com\/en\/#\/schema\/logo\/image\/","url":"https:\/\/storage1208.cdn-immedia.net\/wp-content\/uploads\/2025\/03\/logo-gmb-fecarotta.jpg","contentUrl":"https:\/\/storage1208.cdn-immedia.net\/wp-content\/uploads\/2025\/03\/logo-gmb-fecarotta.jpg","width":500,"height":500,"caption":"Fecarotta Gioielli"},"image":{"@id":"https:\/\/www.fecarotta.com\/en\/#\/schema\/logo\/image\/"},"sameAs":["https:\/\/www.facebook.com\/fecarottagioielli","http:\/\/www.instagram.com\/fecarotta.it","https:\/\/www.linkedin.com\/company\/fecarotta-it\/","https:\/\/api.whatsapp.com\/send?phone=393913323691&text=Salve, vorrei qualche informazione in merito ai vostri prodotti."]}]}},"_links":{"self":[{"href":"https:\/\/www.fecarotta.com\/en\/wp-json\/wp\/v2\/product\/16724","targetHints":{"allow":["GET"]}}],"collection":[{"href":"https:\/\/www.fecarotta.com\/en\/wp-json\/wp\/v2\/product"}],"about":[{"href":"https:\/\/www.fecarotta.com\/en\/wp-json\/wp\/v2\/types\/product"}],"wp:featuredmedia":[{"embeddable":true,"href":"https:\/\/www.fecarotta.com\/en\/wp-json\/wp\/v2\/media\/17140"}],"wp:attachment":[{"href":"https:\/\/www.fecarotta.com\/en\/wp-json\/wp\/v2\/media?parent=16724"}],"wp:term":[{"taxonomy":"product_brand","embeddable":true,"href":"https:\/\/www.fecarotta.com\/en\/wp-json\/wp\/v2\/product_brand?post=16724"},{"taxonomy":"product_cat","embeddable":true,"href":"https:\/\/www.fecarotta.com\/en\/wp-json\/wp\/v2\/product_cat?post=16724"},{"taxonomy":"product_tag","embeddable":true,"href":"https:\/\/www.fecarotta.com\/en\/wp-json\/wp\/v2\/product_tag?post=16724"}],"curies":[{"name":"wp","href":"https:\/\/api.w.org\/{rel}","templated":true}]}}