{"id":134834,"date":"2025-01-20T16:57:05","date_gmt":"2025-01-20T16:57:05","guid":{"rendered":"https:\/\/www.fecarotta.com\/?post_type=product&#038;p=134834"},"modified":"2025-01-20T16:59:08","modified_gmt":"2025-01-20T16:59:08","slug":"dancing-elite-rose-gold-boule-and-diamonds-pave-small-ring","status":"publish","type":"product","link":"https:\/\/www.fecarotta.com\/en\/product\/dancing-elite-rose-gold-boule-and-diamonds-pave-small-ring\/","title":{"rendered":"Dancing \u00c9lite rose gold boule and diamonds pav\u00e9 small ring"},"content":{"rendered":"<p>Sunset and its endless pink shades, born in that special in-between land where day and night meet, have inspired this 18kt rose gold and diamonds ring. A masterpiece of craftmanship born from the love for gold of laura bicego, the company&#8217;s creative soul, and from the desire to explore this material in all its facets.<\/p>\n<p>&nbsp;<br \/>\n&nbsp;<br \/>\n&nbsp;<\/p>\n<p>DIAMONDS:<br \/>\n&nbsp;<br \/>\n&#8211; Weight (total): 0.05 CT<br \/>\n&nbsp;<br \/>\n&#8211; Clarity: VS<br \/>\n&nbsp;<br \/>\n&#8211; Color: G<br \/>\n&nbsp;<br \/>\n&#8211; Cut: round<\/p>\n","protected":false},"excerpt":{"rendered":"<p>18kt rose gold and diamonds ring.<\/p>\n","protected":false},"featured_media":134829,"template":"","meta":{"_acf_changed":false},"product_brand":[],"product_cat":[44,170],"product_tag":[],"class_list":{"0":"post-134834","1":"product","2":"type-product","3":"status-publish","4":"has-post-thumbnail","6":"product_cat-jewels","7":"product_cat-rings","8":"pa_brand-nanis-italian-jewels-en","9":"pa_collection-dancing-in-the-rain-elite-en","10":"pa_gender-woman","11":"pa_size-12-en","13":"first","14":"instock","15":"shipping-taxable","16":"purchasable","17":"product-type-variable","18":"add-to-wishlist-before_image"},"acf":[],"yoast_head":"<!-- This site is optimized with the Yoast SEO plugin v27.5 - https:\/\/yoast.com\/product\/yoast-seo-wordpress\/ -->\n<title>Dancing \u00c9lite rose gold boule and diamonds pav\u00e9 small ring - Fecarotta Gioielli<\/title>\n<meta name=\"description\" content=\"Are you searching for Dancing \u00c9lite rose gold boule and diamonds pav\u00e9 small ring? In Fecarotta Gioielli you can find it. Enter the website, buy it and discover all our products!\" \/>\n<meta name=\"robots\" content=\"index, follow, max-snippet:-1, max-image-preview:large, max-video-preview:-1\" \/>\n<link rel=\"canonical\" href=\"https:\/\/www.fecarotta.com\/en\/product\/dancing-elite-rose-gold-boule-and-diamonds-pave-small-ring\/\" \/>\n<meta property=\"og:locale\" content=\"en_US\" \/>\n<meta property=\"og:type\" content=\"article\" \/>\n<meta property=\"og:title\" content=\"Dancing \u00c9lite rose gold boule and diamonds pav\u00e9 small ring - Fecarotta Gioielli\" \/>\n<meta property=\"og:description\" content=\"Are you searching for Dancing \u00c9lite rose gold boule and diamonds pav\u00e9 small ring? In Fecarotta Gioielli you can find it. Enter the website, buy it and discover all our products!\" \/>\n<meta property=\"og:url\" content=\"https:\/\/www.fecarotta.com\/en\/product\/dancing-elite-rose-gold-boule-and-diamonds-pave-small-ring\/\" \/>\n<meta property=\"og:site_name\" content=\"Fecarotta Gioielli\" \/>\n<meta property=\"article:publisher\" content=\"https:\/\/www.facebook.com\/fecarottagioielli\" \/>\n<meta property=\"article:modified_time\" content=\"2025-01-20T16:59:08+00:00\" \/>\n<meta property=\"og:image\" content=\"https:\/\/storage1208.cdn-immedia.net\/wp-content\/uploads\/2025\/01\/AS25-583_ROSE_1-.jpg\" \/>\n\t<meta property=\"og:image:width\" content=\"1000\" \/>\n\t<meta property=\"og:image:height\" content=\"1000\" \/>\n\t<meta property=\"og:image:type\" content=\"image\/jpeg\" \/>\n<meta name=\"twitter:card\" content=\"summary_large_image\" \/>\n<script type=\"application\/ld+json\" class=\"yoast-schema-graph\">{\"@context\":\"https:\\\/\\\/schema.org\",\"@graph\":[{\"@type\":\"WebPage\",\"@id\":\"https:\\\/\\\/www.fecarotta.com\\\/en\\\/product\\\/dancing-elite-rose-gold-boule-and-diamonds-pave-small-ring\\\/\",\"url\":\"https:\\\/\\\/www.fecarotta.com\\\/en\\\/product\\\/dancing-elite-rose-gold-boule-and-diamonds-pave-small-ring\\\/\",\"name\":\"Dancing \u00c9lite rose gold boule and diamonds pav\u00e9 small ring - Fecarotta Gioielli\",\"isPartOf\":{\"@id\":\"https:\\\/\\\/www.fecarotta.com\\\/en\\\/#website\"},\"primaryImageOfPage\":{\"@id\":\"https:\\\/\\\/www.fecarotta.com\\\/en\\\/product\\\/dancing-elite-rose-gold-boule-and-diamonds-pave-small-ring\\\/#primaryimage\"},\"image\":{\"@id\":\"https:\\\/\\\/www.fecarotta.com\\\/en\\\/product\\\/dancing-elite-rose-gold-boule-and-diamonds-pave-small-ring\\\/#primaryimage\"},\"thumbnailUrl\":\"https:\\\/\\\/www.fecarotta.com\\\/wp-content\\\/uploads\\\/2025\\\/01\\\/AS25-583_ROSE_1-.jpg\",\"datePublished\":\"2025-01-20T16:57:05+00:00\",\"dateModified\":\"2025-01-20T16:59:08+00:00\",\"description\":\"Are you searching for Dancing \u00c9lite rose gold boule and diamonds pav\u00e9 small ring? In Fecarotta Gioielli you can find it. Enter the website, buy it and discover all our products!\",\"breadcrumb\":{\"@id\":\"https:\\\/\\\/www.fecarotta.com\\\/en\\\/product\\\/dancing-elite-rose-gold-boule-and-diamonds-pave-small-ring\\\/#breadcrumb\"},\"inLanguage\":\"en-US\",\"potentialAction\":[{\"@type\":\"ReadAction\",\"target\":[\"https:\\\/\\\/www.fecarotta.com\\\/en\\\/product\\\/dancing-elite-rose-gold-boule-and-diamonds-pave-small-ring\\\/\"]}]},{\"@type\":\"ImageObject\",\"inLanguage\":\"en-US\",\"@id\":\"https:\\\/\\\/www.fecarotta.com\\\/en\\\/product\\\/dancing-elite-rose-gold-boule-and-diamonds-pave-small-ring\\\/#primaryimage\",\"url\":\"https:\\\/\\\/www.fecarotta.com\\\/wp-content\\\/uploads\\\/2025\\\/01\\\/AS25-583_ROSE_1-.jpg\",\"contentUrl\":\"https:\\\/\\\/www.fecarotta.com\\\/wp-content\\\/uploads\\\/2025\\\/01\\\/AS25-583_ROSE_1-.jpg\",\"width\":1000,\"height\":1000},{\"@type\":\"BreadcrumbList\",\"@id\":\"https:\\\/\\\/www.fecarotta.com\\\/en\\\/product\\\/dancing-elite-rose-gold-boule-and-diamonds-pave-small-ring\\\/#breadcrumb\",\"itemListElement\":[{\"@type\":\"ListItem\",\"position\":1,\"name\":\"Home\",\"item\":\"https:\\\/\\\/www.fecarotta.com\\\/en\\\/\"},{\"@type\":\"ListItem\",\"position\":2,\"name\":\"Shop\",\"item\":\"https:\\\/\\\/www.fecarotta.com\\\/en\\\/shop\\\/\"},{\"@type\":\"ListItem\",\"position\":3,\"name\":\"Dancing \u00c9lite rose gold boule and diamonds pav\u00e9 small ring\"}]},{\"@type\":\"WebSite\",\"@id\":\"https:\\\/\\\/www.fecarotta.com\\\/en\\\/#website\",\"url\":\"https:\\\/\\\/www.fecarotta.com\\\/en\\\/\",\"name\":\"Fecarotta Gioielli\",\"description\":\"Gioielleria a Palermo\",\"publisher\":{\"@id\":\"https:\\\/\\\/www.fecarotta.com\\\/en\\\/#organization\"},\"potentialAction\":[{\"@type\":\"SearchAction\",\"target\":{\"@type\":\"EntryPoint\",\"urlTemplate\":\"https:\\\/\\\/www.fecarotta.com\\\/en\\\/?s={search_term_string}\"},\"query-input\":{\"@type\":\"PropertyValueSpecification\",\"valueRequired\":true,\"valueName\":\"search_term_string\"}}],\"inLanguage\":\"en-US\"},{\"@type\":\"Organization\",\"@id\":\"https:\\\/\\\/www.fecarotta.com\\\/en\\\/#organization\",\"name\":\"Fecarotta Gioielli\",\"url\":\"https:\\\/\\\/www.fecarotta.com\\\/en\\\/\",\"logo\":{\"@type\":\"ImageObject\",\"inLanguage\":\"en-US\",\"@id\":\"https:\\\/\\\/www.fecarotta.com\\\/en\\\/#\\\/schema\\\/logo\\\/image\\\/\",\"url\":\"https:\\\/\\\/www.fecarotta.com\\\/wp-content\\\/uploads\\\/2025\\\/03\\\/logo-gmb-fecarotta.jpg\",\"contentUrl\":\"https:\\\/\\\/www.fecarotta.com\\\/wp-content\\\/uploads\\\/2025\\\/03\\\/logo-gmb-fecarotta.jpg\",\"width\":500,\"height\":500,\"caption\":\"Fecarotta Gioielli\"},\"image\":{\"@id\":\"https:\\\/\\\/www.fecarotta.com\\\/en\\\/#\\\/schema\\\/logo\\\/image\\\/\"},\"sameAs\":[\"https:\\\/\\\/www.facebook.com\\\/fecarottagioielli\",\"http:\\\/\\\/www.instagram.com\\\/fecarotta.it\",\"https:\\\/\\\/www.linkedin.com\\\/company\\\/fecarotta-it\\\/\",\"https:\\\/\\\/api.whatsapp.com\\\/send?phone=393913323691&text=Salve, vorrei qualche informazione in merito ai vostri prodotti.\"]}]}<\/script>\n<!-- \/ Yoast SEO plugin. -->","yoast_head_json":{"title":"Dancing \u00c9lite rose gold boule and diamonds pav\u00e9 small ring - Fecarotta Gioielli","description":"Are you searching for Dancing \u00c9lite rose gold boule and diamonds pav\u00e9 small ring? In Fecarotta Gioielli you can find it. Enter the website, buy it and discover all our products!","robots":{"index":"index","follow":"follow","max-snippet":"max-snippet:-1","max-image-preview":"max-image-preview:large","max-video-preview":"max-video-preview:-1"},"canonical":"https:\/\/www.fecarotta.com\/en\/product\/dancing-elite-rose-gold-boule-and-diamonds-pave-small-ring\/","og_locale":"en_US","og_type":"article","og_title":"Dancing \u00c9lite rose gold boule and diamonds pav\u00e9 small ring - Fecarotta Gioielli","og_description":"Are you searching for Dancing \u00c9lite rose gold boule and diamonds pav\u00e9 small ring? In Fecarotta Gioielli you can find it. Enter the website, buy it and discover all our products!","og_url":"https:\/\/www.fecarotta.com\/en\/product\/dancing-elite-rose-gold-boule-and-diamonds-pave-small-ring\/","og_site_name":"Fecarotta Gioielli","article_publisher":"https:\/\/www.facebook.com\/fecarottagioielli","article_modified_time":"2025-01-20T16:59:08+00:00","og_image":[{"width":1000,"height":1000,"url":"https:\/\/storage1208.cdn-immedia.net\/wp-content\/uploads\/2025\/01\/AS25-583_ROSE_1-.jpg","type":"image\/jpeg"}],"twitter_card":"summary_large_image","schema":{"@context":"https:\/\/schema.org","@graph":[{"@type":"WebPage","@id":"https:\/\/www.fecarotta.com\/en\/product\/dancing-elite-rose-gold-boule-and-diamonds-pave-small-ring\/","url":"https:\/\/www.fecarotta.com\/en\/product\/dancing-elite-rose-gold-boule-and-diamonds-pave-small-ring\/","name":"Dancing \u00c9lite rose gold boule and diamonds pav\u00e9 small ring - Fecarotta Gioielli","isPartOf":{"@id":"https:\/\/www.fecarotta.com\/en\/#website"},"primaryImageOfPage":{"@id":"https:\/\/www.fecarotta.com\/en\/product\/dancing-elite-rose-gold-boule-and-diamonds-pave-small-ring\/#primaryimage"},"image":{"@id":"https:\/\/www.fecarotta.com\/en\/product\/dancing-elite-rose-gold-boule-and-diamonds-pave-small-ring\/#primaryimage"},"thumbnailUrl":"https:\/\/storage1208.cdn-immedia.net\/wp-content\/uploads\/2025\/01\/AS25-583_ROSE_1-.jpg","datePublished":"2025-01-20T16:57:05+00:00","dateModified":"2025-01-20T16:59:08+00:00","description":"Are you searching for Dancing \u00c9lite rose gold boule and diamonds pav\u00e9 small ring? In Fecarotta Gioielli you can find it. Enter the website, buy it and discover all our products!","breadcrumb":{"@id":"https:\/\/www.fecarotta.com\/en\/product\/dancing-elite-rose-gold-boule-and-diamonds-pave-small-ring\/#breadcrumb"},"inLanguage":"en-US","potentialAction":[{"@type":"ReadAction","target":["https:\/\/www.fecarotta.com\/en\/product\/dancing-elite-rose-gold-boule-and-diamonds-pave-small-ring\/"]}]},{"@type":"ImageObject","inLanguage":"en-US","@id":"https:\/\/www.fecarotta.com\/en\/product\/dancing-elite-rose-gold-boule-and-diamonds-pave-small-ring\/#primaryimage","url":"https:\/\/storage1208.cdn-immedia.net\/wp-content\/uploads\/2025\/01\/AS25-583_ROSE_1-.jpg","contentUrl":"https:\/\/storage1208.cdn-immedia.net\/wp-content\/uploads\/2025\/01\/AS25-583_ROSE_1-.jpg","width":1000,"height":1000},{"@type":"BreadcrumbList","@id":"https:\/\/www.fecarotta.com\/en\/product\/dancing-elite-rose-gold-boule-and-diamonds-pave-small-ring\/#breadcrumb","itemListElement":[{"@type":"ListItem","position":1,"name":"Home","item":"https:\/\/www.fecarotta.com\/en\/"},{"@type":"ListItem","position":2,"name":"Shop","item":"https:\/\/www.fecarotta.com\/en\/shop\/"},{"@type":"ListItem","position":3,"name":"Dancing \u00c9lite rose gold boule and diamonds pav\u00e9 small ring"}]},{"@type":"WebSite","@id":"https:\/\/www.fecarotta.com\/en\/#website","url":"https:\/\/www.fecarotta.com\/en\/","name":"Fecarotta Gioielli","description":"Gioielleria a Palermo","publisher":{"@id":"https:\/\/www.fecarotta.com\/en\/#organization"},"potentialAction":[{"@type":"SearchAction","target":{"@type":"EntryPoint","urlTemplate":"https:\/\/www.fecarotta.com\/en\/?s={search_term_string}"},"query-input":{"@type":"PropertyValueSpecification","valueRequired":true,"valueName":"search_term_string"}}],"inLanguage":"en-US"},{"@type":"Organization","@id":"https:\/\/www.fecarotta.com\/en\/#organization","name":"Fecarotta Gioielli","url":"https:\/\/www.fecarotta.com\/en\/","logo":{"@type":"ImageObject","inLanguage":"en-US","@id":"https:\/\/www.fecarotta.com\/en\/#\/schema\/logo\/image\/","url":"https:\/\/storage1208.cdn-immedia.net\/wp-content\/uploads\/2025\/03\/logo-gmb-fecarotta.jpg","contentUrl":"https:\/\/storage1208.cdn-immedia.net\/wp-content\/uploads\/2025\/03\/logo-gmb-fecarotta.jpg","width":500,"height":500,"caption":"Fecarotta Gioielli"},"image":{"@id":"https:\/\/www.fecarotta.com\/en\/#\/schema\/logo\/image\/"},"sameAs":["https:\/\/www.facebook.com\/fecarottagioielli","http:\/\/www.instagram.com\/fecarotta.it","https:\/\/www.linkedin.com\/company\/fecarotta-it\/","https:\/\/api.whatsapp.com\/send?phone=393913323691&text=Salve, vorrei qualche informazione in merito ai vostri prodotti."]}]}},"_links":{"self":[{"href":"https:\/\/www.fecarotta.com\/en\/wp-json\/wp\/v2\/product\/134834","targetHints":{"allow":["GET"]}}],"collection":[{"href":"https:\/\/www.fecarotta.com\/en\/wp-json\/wp\/v2\/product"}],"about":[{"href":"https:\/\/www.fecarotta.com\/en\/wp-json\/wp\/v2\/types\/product"}],"wp:featuredmedia":[{"embeddable":true,"href":"https:\/\/www.fecarotta.com\/en\/wp-json\/wp\/v2\/media\/134829"}],"wp:attachment":[{"href":"https:\/\/www.fecarotta.com\/en\/wp-json\/wp\/v2\/media?parent=134834"}],"wp:term":[{"taxonomy":"product_brand","embeddable":true,"href":"https:\/\/www.fecarotta.com\/en\/wp-json\/wp\/v2\/product_brand?post=134834"},{"taxonomy":"product_cat","embeddable":true,"href":"https:\/\/www.fecarotta.com\/en\/wp-json\/wp\/v2\/product_cat?post=134834"},{"taxonomy":"product_tag","embeddable":true,"href":"https:\/\/www.fecarotta.com\/en\/wp-json\/wp\/v2\/product_tag?post=134834"}],"curies":[{"name":"wp","href":"https:\/\/api.w.org\/{rel}","templated":true}]}}