{"id":126026,"date":"2024-03-21T22:23:13","date_gmt":"2024-03-21T22:23:13","guid":{"rendered":"https:\/\/www.fecarotta.com\/?post_type=product&#038;p=126026"},"modified":"2024-03-21T22:46:52","modified_gmt":"2024-03-21T22:46:52","slug":"move-romane-white-gold-pave-diamond-ring-0-65-ct","status":"publish","type":"product","link":"https:\/\/www.fecarotta.com\/en\/product\/move-romane-white-gold-pave-diamond-ring-0-65-ct\/","title":{"rendered":"MOVE ROMANE WHITE GOLD PAV\u00c9 DIAMOND RING 0.65 CT"},"content":{"rendered":"<p>Romane. A graphic design. A style. For a stackable effect, this 18 carat white gold diamond pav\u00e9 ring plays with the combination of a micro-pav\u00e9 wedding ring and a diamond pav\u00e9 wedding ring with a grain setting.<br \/>\n&nbsp;<br \/>\nA moving diamond lies at the heart of this sleek graphic design. Three diamonds, the perfect symbol of yesterday\u2019s, today\u2019s and tomorrow&#8217;s love: the perfect diamond jewelry creation to express the sacrament in the marriage union. A straight, ethereal line for a white gold diamond wedding ring with a resolutely contemporary feel. The brilliance of white gold brings out the purity of the diamonds, accentuating their magnificent shine. Choose the white gold diamond pav\u00e9 wedding ring Move Romane for the discreet and elegant originality of its design. A perfect diamond wedding band to celebrate the D-day!<\/p>\n<p>&nbsp;<br \/>\n&nbsp;<br \/>\n&nbsp;<\/p>\n<p>Diamond weight : 0.65 carats, quality G\/VS<br \/>\n&nbsp;<br \/>\nWidth: 7mm<\/p>\n","protected":false},"excerpt":{"rendered":"<p> 18 carat white gold diamond pav\u00e9 ring.<\/p>\n","protected":false},"featured_media":126024,"template":"","meta":{"_acf_changed":false},"product_brand":[],"product_cat":[44,170],"product_tag":[],"class_list":{"0":"post-126026","1":"product","2":"type-product","3":"status-publish","4":"has-post-thumbnail","6":"product_cat-jewels","7":"product_cat-rings","8":"pa_brand-messika-en","9":"pa_collection-move-romane-en","10":"pa_gender-woman","11":"pa_size-52-en","13":"first","14":"instock","15":"shipping-taxable","16":"purchasable","17":"product-type-variable","18":"add-to-wishlist-before_image"},"acf":[],"yoast_head":"<!-- This site is optimized with the Yoast SEO plugin v27.5 - https:\/\/yoast.com\/product\/yoast-seo-wordpress\/ -->\n<title>MOVE ROMANE WHITE GOLD PAV\u00c9 DIAMOND RING 0.65 CT - Fecarotta Gioielli<\/title>\n<meta name=\"description\" content=\"Are you searching for MOVE ROMANE WHITE GOLD PAV\u00c9 DIAMOND RING 0.65 CT? In Fecarotta Gioielli you can find it. Enter the website, buy it and discover all our products!\" \/>\n<meta name=\"robots\" content=\"index, follow, max-snippet:-1, max-image-preview:large, max-video-preview:-1\" \/>\n<link rel=\"canonical\" href=\"https:\/\/www.fecarotta.com\/en\/product\/move-romane-white-gold-pave-diamond-ring-0-65-ct\/\" \/>\n<meta property=\"og:locale\" content=\"en_US\" \/>\n<meta property=\"og:type\" content=\"article\" \/>\n<meta property=\"og:title\" content=\"MOVE ROMANE WHITE GOLD PAV\u00c9 DIAMOND RING 0.65 CT - Fecarotta Gioielli\" \/>\n<meta property=\"og:description\" content=\"Are you searching for MOVE ROMANE WHITE GOLD PAV\u00c9 DIAMOND RING 0.65 CT? In Fecarotta Gioielli you can find it. Enter the website, buy it and discover all our products!\" \/>\n<meta property=\"og:url\" content=\"https:\/\/www.fecarotta.com\/en\/product\/move-romane-white-gold-pave-diamond-ring-0-65-ct\/\" \/>\n<meta property=\"og:site_name\" content=\"Fecarotta Gioielli\" \/>\n<meta property=\"article:publisher\" content=\"https:\/\/www.facebook.com\/fecarottagioielli\" \/>\n<meta property=\"article:modified_time\" content=\"2024-03-21T22:46:52+00:00\" \/>\n<meta property=\"og:image\" content=\"https:\/\/storage1208.cdn-immedia.net\/wp-content\/uploads\/2024\/03\/7128-WG-1.jpg\" \/>\n\t<meta property=\"og:image:width\" content=\"1000\" \/>\n\t<meta property=\"og:image:height\" content=\"1000\" \/>\n\t<meta property=\"og:image:type\" content=\"image\/jpeg\" \/>\n<meta name=\"twitter:card\" content=\"summary_large_image\" \/>\n<meta name=\"twitter:label1\" content=\"Est. reading time\" \/>\n\t<meta name=\"twitter:data1\" content=\"1 minute\" \/>\n<script type=\"application\/ld+json\" class=\"yoast-schema-graph\">{\"@context\":\"https:\\\/\\\/schema.org\",\"@graph\":[{\"@type\":\"WebPage\",\"@id\":\"https:\\\/\\\/www.fecarotta.com\\\/en\\\/product\\\/move-romane-white-gold-pave-diamond-ring-0-65-ct\\\/\",\"url\":\"https:\\\/\\\/www.fecarotta.com\\\/en\\\/product\\\/move-romane-white-gold-pave-diamond-ring-0-65-ct\\\/\",\"name\":\"MOVE ROMANE WHITE GOLD PAV\u00c9 DIAMOND RING 0.65 CT - Fecarotta Gioielli\",\"isPartOf\":{\"@id\":\"https:\\\/\\\/www.fecarotta.com\\\/en\\\/#website\"},\"primaryImageOfPage\":{\"@id\":\"https:\\\/\\\/www.fecarotta.com\\\/en\\\/product\\\/move-romane-white-gold-pave-diamond-ring-0-65-ct\\\/#primaryimage\"},\"image\":{\"@id\":\"https:\\\/\\\/www.fecarotta.com\\\/en\\\/product\\\/move-romane-white-gold-pave-diamond-ring-0-65-ct\\\/#primaryimage\"},\"thumbnailUrl\":\"https:\\\/\\\/www.fecarotta.com\\\/wp-content\\\/uploads\\\/2024\\\/03\\\/7128-WG-1.jpg\",\"datePublished\":\"2024-03-21T22:23:13+00:00\",\"dateModified\":\"2024-03-21T22:46:52+00:00\",\"description\":\"Are you searching for MOVE ROMANE WHITE GOLD PAV\u00c9 DIAMOND RING 0.65 CT? In Fecarotta Gioielli you can find it. Enter the website, buy it and discover all our products!\",\"breadcrumb\":{\"@id\":\"https:\\\/\\\/www.fecarotta.com\\\/en\\\/product\\\/move-romane-white-gold-pave-diamond-ring-0-65-ct\\\/#breadcrumb\"},\"inLanguage\":\"en-US\",\"potentialAction\":[{\"@type\":\"ReadAction\",\"target\":[\"https:\\\/\\\/www.fecarotta.com\\\/en\\\/product\\\/move-romane-white-gold-pave-diamond-ring-0-65-ct\\\/\"]}]},{\"@type\":\"ImageObject\",\"inLanguage\":\"en-US\",\"@id\":\"https:\\\/\\\/www.fecarotta.com\\\/en\\\/product\\\/move-romane-white-gold-pave-diamond-ring-0-65-ct\\\/#primaryimage\",\"url\":\"https:\\\/\\\/www.fecarotta.com\\\/wp-content\\\/uploads\\\/2024\\\/03\\\/7128-WG-1.jpg\",\"contentUrl\":\"https:\\\/\\\/www.fecarotta.com\\\/wp-content\\\/uploads\\\/2024\\\/03\\\/7128-WG-1.jpg\",\"width\":1000,\"height\":1000},{\"@type\":\"BreadcrumbList\",\"@id\":\"https:\\\/\\\/www.fecarotta.com\\\/en\\\/product\\\/move-romane-white-gold-pave-diamond-ring-0-65-ct\\\/#breadcrumb\",\"itemListElement\":[{\"@type\":\"ListItem\",\"position\":1,\"name\":\"Home\",\"item\":\"https:\\\/\\\/www.fecarotta.com\\\/en\\\/\"},{\"@type\":\"ListItem\",\"position\":2,\"name\":\"Shop\",\"item\":\"https:\\\/\\\/www.fecarotta.com\\\/en\\\/shop\\\/\"},{\"@type\":\"ListItem\",\"position\":3,\"name\":\"MOVE ROMANE WHITE GOLD PAV\u00c9 DIAMOND RING 0.65 CT\"}]},{\"@type\":\"WebSite\",\"@id\":\"https:\\\/\\\/www.fecarotta.com\\\/en\\\/#website\",\"url\":\"https:\\\/\\\/www.fecarotta.com\\\/en\\\/\",\"name\":\"Fecarotta Gioielli\",\"description\":\"Gioielleria a Palermo\",\"publisher\":{\"@id\":\"https:\\\/\\\/www.fecarotta.com\\\/en\\\/#organization\"},\"potentialAction\":[{\"@type\":\"SearchAction\",\"target\":{\"@type\":\"EntryPoint\",\"urlTemplate\":\"https:\\\/\\\/www.fecarotta.com\\\/en\\\/?s={search_term_string}\"},\"query-input\":{\"@type\":\"PropertyValueSpecification\",\"valueRequired\":true,\"valueName\":\"search_term_string\"}}],\"inLanguage\":\"en-US\"},{\"@type\":\"Organization\",\"@id\":\"https:\\\/\\\/www.fecarotta.com\\\/en\\\/#organization\",\"name\":\"Fecarotta Gioielli\",\"url\":\"https:\\\/\\\/www.fecarotta.com\\\/en\\\/\",\"logo\":{\"@type\":\"ImageObject\",\"inLanguage\":\"en-US\",\"@id\":\"https:\\\/\\\/www.fecarotta.com\\\/en\\\/#\\\/schema\\\/logo\\\/image\\\/\",\"url\":\"https:\\\/\\\/www.fecarotta.com\\\/wp-content\\\/uploads\\\/2025\\\/03\\\/logo-gmb-fecarotta.jpg\",\"contentUrl\":\"https:\\\/\\\/www.fecarotta.com\\\/wp-content\\\/uploads\\\/2025\\\/03\\\/logo-gmb-fecarotta.jpg\",\"width\":500,\"height\":500,\"caption\":\"Fecarotta Gioielli\"},\"image\":{\"@id\":\"https:\\\/\\\/www.fecarotta.com\\\/en\\\/#\\\/schema\\\/logo\\\/image\\\/\"},\"sameAs\":[\"https:\\\/\\\/www.facebook.com\\\/fecarottagioielli\",\"http:\\\/\\\/www.instagram.com\\\/fecarotta.it\",\"https:\\\/\\\/www.linkedin.com\\\/company\\\/fecarotta-it\\\/\",\"https:\\\/\\\/api.whatsapp.com\\\/send?phone=393913323691&text=Salve, vorrei qualche informazione in merito ai vostri prodotti.\"]}]}<\/script>\n<!-- \/ Yoast SEO plugin. -->","yoast_head_json":{"title":"MOVE ROMANE WHITE GOLD PAV\u00c9 DIAMOND RING 0.65 CT - Fecarotta Gioielli","description":"Are you searching for MOVE ROMANE WHITE GOLD PAV\u00c9 DIAMOND RING 0.65 CT? In Fecarotta Gioielli you can find it. Enter the website, buy it and discover all our products!","robots":{"index":"index","follow":"follow","max-snippet":"max-snippet:-1","max-image-preview":"max-image-preview:large","max-video-preview":"max-video-preview:-1"},"canonical":"https:\/\/www.fecarotta.com\/en\/product\/move-romane-white-gold-pave-diamond-ring-0-65-ct\/","og_locale":"en_US","og_type":"article","og_title":"MOVE ROMANE WHITE GOLD PAV\u00c9 DIAMOND RING 0.65 CT - Fecarotta Gioielli","og_description":"Are you searching for MOVE ROMANE WHITE GOLD PAV\u00c9 DIAMOND RING 0.65 CT? In Fecarotta Gioielli you can find it. Enter the website, buy it and discover all our products!","og_url":"https:\/\/www.fecarotta.com\/en\/product\/move-romane-white-gold-pave-diamond-ring-0-65-ct\/","og_site_name":"Fecarotta Gioielli","article_publisher":"https:\/\/www.facebook.com\/fecarottagioielli","article_modified_time":"2024-03-21T22:46:52+00:00","og_image":[{"width":1000,"height":1000,"url":"https:\/\/storage1208.cdn-immedia.net\/wp-content\/uploads\/2024\/03\/7128-WG-1.jpg","type":"image\/jpeg"}],"twitter_card":"summary_large_image","twitter_misc":{"Est. reading time":"1 minute"},"schema":{"@context":"https:\/\/schema.org","@graph":[{"@type":"WebPage","@id":"https:\/\/www.fecarotta.com\/en\/product\/move-romane-white-gold-pave-diamond-ring-0-65-ct\/","url":"https:\/\/www.fecarotta.com\/en\/product\/move-romane-white-gold-pave-diamond-ring-0-65-ct\/","name":"MOVE ROMANE WHITE GOLD PAV\u00c9 DIAMOND RING 0.65 CT - Fecarotta Gioielli","isPartOf":{"@id":"https:\/\/www.fecarotta.com\/en\/#website"},"primaryImageOfPage":{"@id":"https:\/\/www.fecarotta.com\/en\/product\/move-romane-white-gold-pave-diamond-ring-0-65-ct\/#primaryimage"},"image":{"@id":"https:\/\/www.fecarotta.com\/en\/product\/move-romane-white-gold-pave-diamond-ring-0-65-ct\/#primaryimage"},"thumbnailUrl":"https:\/\/storage1208.cdn-immedia.net\/wp-content\/uploads\/2024\/03\/7128-WG-1.jpg","datePublished":"2024-03-21T22:23:13+00:00","dateModified":"2024-03-21T22:46:52+00:00","description":"Are you searching for MOVE ROMANE WHITE GOLD PAV\u00c9 DIAMOND RING 0.65 CT? In Fecarotta Gioielli you can find it. Enter the website, buy it and discover all our products!","breadcrumb":{"@id":"https:\/\/www.fecarotta.com\/en\/product\/move-romane-white-gold-pave-diamond-ring-0-65-ct\/#breadcrumb"},"inLanguage":"en-US","potentialAction":[{"@type":"ReadAction","target":["https:\/\/www.fecarotta.com\/en\/product\/move-romane-white-gold-pave-diamond-ring-0-65-ct\/"]}]},{"@type":"ImageObject","inLanguage":"en-US","@id":"https:\/\/www.fecarotta.com\/en\/product\/move-romane-white-gold-pave-diamond-ring-0-65-ct\/#primaryimage","url":"https:\/\/storage1208.cdn-immedia.net\/wp-content\/uploads\/2024\/03\/7128-WG-1.jpg","contentUrl":"https:\/\/storage1208.cdn-immedia.net\/wp-content\/uploads\/2024\/03\/7128-WG-1.jpg","width":1000,"height":1000},{"@type":"BreadcrumbList","@id":"https:\/\/www.fecarotta.com\/en\/product\/move-romane-white-gold-pave-diamond-ring-0-65-ct\/#breadcrumb","itemListElement":[{"@type":"ListItem","position":1,"name":"Home","item":"https:\/\/www.fecarotta.com\/en\/"},{"@type":"ListItem","position":2,"name":"Shop","item":"https:\/\/www.fecarotta.com\/en\/shop\/"},{"@type":"ListItem","position":3,"name":"MOVE ROMANE WHITE GOLD PAV\u00c9 DIAMOND RING 0.65 CT"}]},{"@type":"WebSite","@id":"https:\/\/www.fecarotta.com\/en\/#website","url":"https:\/\/www.fecarotta.com\/en\/","name":"Fecarotta Gioielli","description":"Gioielleria a Palermo","publisher":{"@id":"https:\/\/www.fecarotta.com\/en\/#organization"},"potentialAction":[{"@type":"SearchAction","target":{"@type":"EntryPoint","urlTemplate":"https:\/\/www.fecarotta.com\/en\/?s={search_term_string}"},"query-input":{"@type":"PropertyValueSpecification","valueRequired":true,"valueName":"search_term_string"}}],"inLanguage":"en-US"},{"@type":"Organization","@id":"https:\/\/www.fecarotta.com\/en\/#organization","name":"Fecarotta Gioielli","url":"https:\/\/www.fecarotta.com\/en\/","logo":{"@type":"ImageObject","inLanguage":"en-US","@id":"https:\/\/www.fecarotta.com\/en\/#\/schema\/logo\/image\/","url":"https:\/\/storage1208.cdn-immedia.net\/wp-content\/uploads\/2025\/03\/logo-gmb-fecarotta.jpg","contentUrl":"https:\/\/storage1208.cdn-immedia.net\/wp-content\/uploads\/2025\/03\/logo-gmb-fecarotta.jpg","width":500,"height":500,"caption":"Fecarotta Gioielli"},"image":{"@id":"https:\/\/www.fecarotta.com\/en\/#\/schema\/logo\/image\/"},"sameAs":["https:\/\/www.facebook.com\/fecarottagioielli","http:\/\/www.instagram.com\/fecarotta.it","https:\/\/www.linkedin.com\/company\/fecarotta-it\/","https:\/\/api.whatsapp.com\/send?phone=393913323691&text=Salve, vorrei qualche informazione in merito ai vostri prodotti."]}]}},"_links":{"self":[{"href":"https:\/\/www.fecarotta.com\/en\/wp-json\/wp\/v2\/product\/126026","targetHints":{"allow":["GET"]}}],"collection":[{"href":"https:\/\/www.fecarotta.com\/en\/wp-json\/wp\/v2\/product"}],"about":[{"href":"https:\/\/www.fecarotta.com\/en\/wp-json\/wp\/v2\/types\/product"}],"wp:featuredmedia":[{"embeddable":true,"href":"https:\/\/www.fecarotta.com\/en\/wp-json\/wp\/v2\/media\/126024"}],"wp:attachment":[{"href":"https:\/\/www.fecarotta.com\/en\/wp-json\/wp\/v2\/media?parent=126026"}],"wp:term":[{"taxonomy":"product_brand","embeddable":true,"href":"https:\/\/www.fecarotta.com\/en\/wp-json\/wp\/v2\/product_brand?post=126026"},{"taxonomy":"product_cat","embeddable":true,"href":"https:\/\/www.fecarotta.com\/en\/wp-json\/wp\/v2\/product_cat?post=126026"},{"taxonomy":"product_tag","embeddable":true,"href":"https:\/\/www.fecarotta.com\/en\/wp-json\/wp\/v2\/product_tag?post=126026"}],"curies":[{"name":"wp","href":"https:\/\/api.w.org\/{rel}","templated":true}]}}