{"id":113992,"date":"2023-02-23T17:50:31","date_gmt":"2023-02-23T18:13:29","guid":{"rendered":"https:\/\/www.fecarotta.com\/?post_type=product&#038;p=113992"},"modified":"2023-02-23T18:26:15","modified_gmt":"2023-02-23T18:26:15","slug":"vintage-champs-elysees-bowl-lalique","status":"publish","type":"product","link":"https:\/\/www.fecarotta.com\/en\/product\/vintage-champs-elysees-bowl-lalique\/","title":{"rendered":"Vintage Champs-\u00c9lys\u00e9es Bowl Lalique"},"content":{"rendered":"<p>LALIQUE, a history that blends with the history of the decorative arts of the 20th century. Ren\u00e9 Lalique began his career as a jewellery designer, becoming the creator of the jewel par excellence of the modern age.<\/p>\n<p>His passion for glass led him to create objects from the most common gift items to the most particular where transparency, workmanship, reflections make him achieve great international success.<\/p>\n<p>The Lalique style comes from the artist\u2019s drawing who creates, in total osmosis with crystal, an expression recognizable by the manual modeling of parts and assemblies that become sculpture, rich in details that give a particular contrast to the crystal, transparent and satin, transforming it into light sculptures.<\/p>\n<p>The originality of the Lalique style is the result of a particular production process, which does not end with the hot processing of the crystal. This phase, in fact, is followed by a meticulous process of cold working of each piece, during which the expert hands of crystal artists embellish every detail and remove any imperfection. We are in the presence of an authentic work of sculpture, the edges are intensified, some details are emphasized as the movement of a hair or the expression of a carved face.<\/p>\n<p>Each piece must go through several intermediate stages of processing and control before deserving the signature LALIQUE which is made by hand using a tip of diamond, as proof of its authenticity and quality.<\/p>\n<p>&nbsp;<\/p>\n<p>&nbsp;<\/p>\n","protected":false},"excerpt":{"rendered":"<p>The spectacular rows of trees lining \u201cthe most beautiful avenue of the world\u201d inspired the design of the finely engraved crystal leaves that adorn the Champs-Elys\u00e9es bowl, designed by Marc Lalique in 1951. In this work of art, the artist captures the beautiful essence of Paris.<\/p>\n<p>&nbsp;<\/p>\n<p>Clear crystal<\/p>\n<p>Dimensions: H 7.48&#8243; x L 18.11&#8243; x W 7.48&#8243; (H 19.00 cm x L 46.00 cm x l 19.00 cm)<\/p>\n<p>Weight: 13.67 lbs (6.20 kg)<\/p>\n<p>Handcrafted in France<\/p>\n<p>Original design: Marc Lalique, 1951<\/p>\n","protected":false},"featured_media":113987,"template":"","meta":{"_acf_changed":false},"product_brand":[],"product_cat":[2037,173,174],"product_tag":[],"class_list":{"0":"post-113992","1":"product","2":"type-product","3":"status-publish","4":"has-post-thumbnail","6":"product_cat-home-design","7":"product_cat-porcellains-crystals","8":"product_cat-vassels","9":"pa_brand-lalique","11":"first","12":"instock","13":"shipping-taxable","14":"purchasable","15":"product-type-simple","16":"add-to-wishlist-before_image"},"acf":[],"yoast_head":"<!-- This site is optimized with the Yoast SEO plugin v27.5 - https:\/\/yoast.com\/product\/yoast-seo-wordpress\/ -->\n<title>Vintage Champs-\u00c9lys\u00e9es Bowl Lalique - Fecarotta Gioielli<\/title>\n<meta name=\"description\" content=\"Are you searching for Vintage Champs-\u00c9lys\u00e9es Bowl Lalique? In Fecarotta Gioielli you can find it. Enter the website, buy it and discover all our products!\" \/>\n<meta name=\"robots\" content=\"index, follow, max-snippet:-1, max-image-preview:large, max-video-preview:-1\" \/>\n<link rel=\"canonical\" href=\"https:\/\/www.fecarotta.com\/en\/product\/vintage-champs-elysees-bowl-lalique\/\" \/>\n<meta property=\"og:locale\" content=\"en_US\" \/>\n<meta property=\"og:type\" content=\"article\" \/>\n<meta property=\"og:title\" content=\"Vintage Champs-\u00c9lys\u00e9es Bowl Lalique - Fecarotta Gioielli\" \/>\n<meta property=\"og:description\" content=\"Are you searching for Vintage Champs-\u00c9lys\u00e9es Bowl Lalique? In Fecarotta Gioielli you can find it. Enter the website, buy it and discover all our products!\" \/>\n<meta property=\"og:url\" content=\"https:\/\/www.fecarotta.com\/en\/product\/vintage-champs-elysees-bowl-lalique\/\" \/>\n<meta property=\"og:site_name\" content=\"Fecarotta Gioielli\" \/>\n<meta property=\"article:publisher\" content=\"https:\/\/www.facebook.com\/fecarottagioielli\" \/>\n<meta property=\"article:modified_time\" content=\"2023-02-23T18:26:15+00:00\" \/>\n<meta property=\"og:image\" content=\"https:\/\/storage1208.cdn-immedia.net\/wp-content\/uploads\/2023\/02\/1121600mil-2023-vintage-champs-elysees-bowl-13413.jpg\" \/>\n\t<meta property=\"og:image:width\" content=\"1000\" \/>\n\t<meta property=\"og:image:height\" content=\"1000\" \/>\n\t<meta property=\"og:image:type\" content=\"image\/jpeg\" \/>\n<meta name=\"twitter:card\" content=\"summary_large_image\" \/>\n<meta name=\"twitter:label1\" content=\"Est. reading time\" \/>\n\t<meta name=\"twitter:data1\" content=\"1 minute\" \/>\n<script type=\"application\/ld+json\" class=\"yoast-schema-graph\">{\"@context\":\"https:\\\/\\\/schema.org\",\"@graph\":[{\"@type\":\"WebPage\",\"@id\":\"https:\\\/\\\/www.fecarotta.com\\\/en\\\/product\\\/vintage-champs-elysees-bowl-lalique\\\/\",\"url\":\"https:\\\/\\\/www.fecarotta.com\\\/en\\\/product\\\/vintage-champs-elysees-bowl-lalique\\\/\",\"name\":\"Vintage Champs-\u00c9lys\u00e9es Bowl Lalique - Fecarotta Gioielli\",\"isPartOf\":{\"@id\":\"https:\\\/\\\/www.fecarotta.com\\\/en\\\/#website\"},\"primaryImageOfPage\":{\"@id\":\"https:\\\/\\\/www.fecarotta.com\\\/en\\\/product\\\/vintage-champs-elysees-bowl-lalique\\\/#primaryimage\"},\"image\":{\"@id\":\"https:\\\/\\\/www.fecarotta.com\\\/en\\\/product\\\/vintage-champs-elysees-bowl-lalique\\\/#primaryimage\"},\"thumbnailUrl\":\"https:\\\/\\\/www.fecarotta.com\\\/wp-content\\\/uploads\\\/2023\\\/02\\\/1121600mil-2023-vintage-champs-elysees-bowl-13413.jpg\",\"datePublished\":\"2023-02-23T18:13:29+00:00\",\"dateModified\":\"2023-02-23T18:26:15+00:00\",\"description\":\"Are you searching for Vintage Champs-\u00c9lys\u00e9es Bowl Lalique? In Fecarotta Gioielli you can find it. Enter the website, buy it and discover all our products!\",\"breadcrumb\":{\"@id\":\"https:\\\/\\\/www.fecarotta.com\\\/en\\\/product\\\/vintage-champs-elysees-bowl-lalique\\\/#breadcrumb\"},\"inLanguage\":\"en-US\",\"potentialAction\":[{\"@type\":\"ReadAction\",\"target\":[\"https:\\\/\\\/www.fecarotta.com\\\/en\\\/product\\\/vintage-champs-elysees-bowl-lalique\\\/\"]}]},{\"@type\":\"ImageObject\",\"inLanguage\":\"en-US\",\"@id\":\"https:\\\/\\\/www.fecarotta.com\\\/en\\\/product\\\/vintage-champs-elysees-bowl-lalique\\\/#primaryimage\",\"url\":\"https:\\\/\\\/www.fecarotta.com\\\/wp-content\\\/uploads\\\/2023\\\/02\\\/1121600mil-2023-vintage-champs-elysees-bowl-13413.jpg\",\"contentUrl\":\"https:\\\/\\\/www.fecarotta.com\\\/wp-content\\\/uploads\\\/2023\\\/02\\\/1121600mil-2023-vintage-champs-elysees-bowl-13413.jpg\",\"width\":1000,\"height\":1000},{\"@type\":\"BreadcrumbList\",\"@id\":\"https:\\\/\\\/www.fecarotta.com\\\/en\\\/product\\\/vintage-champs-elysees-bowl-lalique\\\/#breadcrumb\",\"itemListElement\":[{\"@type\":\"ListItem\",\"position\":1,\"name\":\"Home\",\"item\":\"https:\\\/\\\/www.fecarotta.com\\\/en\\\/\"},{\"@type\":\"ListItem\",\"position\":2,\"name\":\"Shop\",\"item\":\"https:\\\/\\\/www.fecarotta.com\\\/en\\\/shop\\\/\"},{\"@type\":\"ListItem\",\"position\":3,\"name\":\"Vintage Champs-\u00c9lys\u00e9es Bowl Lalique\"}]},{\"@type\":\"WebSite\",\"@id\":\"https:\\\/\\\/www.fecarotta.com\\\/en\\\/#website\",\"url\":\"https:\\\/\\\/www.fecarotta.com\\\/en\\\/\",\"name\":\"Fecarotta Gioielli\",\"description\":\"Gioielleria a Palermo\",\"publisher\":{\"@id\":\"https:\\\/\\\/www.fecarotta.com\\\/en\\\/#organization\"},\"potentialAction\":[{\"@type\":\"SearchAction\",\"target\":{\"@type\":\"EntryPoint\",\"urlTemplate\":\"https:\\\/\\\/www.fecarotta.com\\\/en\\\/?s={search_term_string}\"},\"query-input\":{\"@type\":\"PropertyValueSpecification\",\"valueRequired\":true,\"valueName\":\"search_term_string\"}}],\"inLanguage\":\"en-US\"},{\"@type\":\"Organization\",\"@id\":\"https:\\\/\\\/www.fecarotta.com\\\/en\\\/#organization\",\"name\":\"Fecarotta Gioielli\",\"url\":\"https:\\\/\\\/www.fecarotta.com\\\/en\\\/\",\"logo\":{\"@type\":\"ImageObject\",\"inLanguage\":\"en-US\",\"@id\":\"https:\\\/\\\/www.fecarotta.com\\\/en\\\/#\\\/schema\\\/logo\\\/image\\\/\",\"url\":\"https:\\\/\\\/www.fecarotta.com\\\/wp-content\\\/uploads\\\/2025\\\/03\\\/logo-gmb-fecarotta.jpg\",\"contentUrl\":\"https:\\\/\\\/www.fecarotta.com\\\/wp-content\\\/uploads\\\/2025\\\/03\\\/logo-gmb-fecarotta.jpg\",\"width\":500,\"height\":500,\"caption\":\"Fecarotta Gioielli\"},\"image\":{\"@id\":\"https:\\\/\\\/www.fecarotta.com\\\/en\\\/#\\\/schema\\\/logo\\\/image\\\/\"},\"sameAs\":[\"https:\\\/\\\/www.facebook.com\\\/fecarottagioielli\",\"http:\\\/\\\/www.instagram.com\\\/fecarotta.it\",\"https:\\\/\\\/www.linkedin.com\\\/company\\\/fecarotta-it\\\/\",\"https:\\\/\\\/api.whatsapp.com\\\/send?phone=393913323691&text=Salve, vorrei qualche informazione in merito ai vostri prodotti.\"]}]}<\/script>\n<!-- \/ Yoast SEO plugin. -->","yoast_head_json":{"title":"Vintage Champs-\u00c9lys\u00e9es Bowl Lalique - Fecarotta Gioielli","description":"Are you searching for Vintage Champs-\u00c9lys\u00e9es Bowl Lalique? In Fecarotta Gioielli you can find it. Enter the website, buy it and discover all our products!","robots":{"index":"index","follow":"follow","max-snippet":"max-snippet:-1","max-image-preview":"max-image-preview:large","max-video-preview":"max-video-preview:-1"},"canonical":"https:\/\/www.fecarotta.com\/en\/product\/vintage-champs-elysees-bowl-lalique\/","og_locale":"en_US","og_type":"article","og_title":"Vintage Champs-\u00c9lys\u00e9es Bowl Lalique - Fecarotta Gioielli","og_description":"Are you searching for Vintage Champs-\u00c9lys\u00e9es Bowl Lalique? In Fecarotta Gioielli you can find it. Enter the website, buy it and discover all our products!","og_url":"https:\/\/www.fecarotta.com\/en\/product\/vintage-champs-elysees-bowl-lalique\/","og_site_name":"Fecarotta Gioielli","article_publisher":"https:\/\/www.facebook.com\/fecarottagioielli","article_modified_time":"2023-02-23T18:26:15+00:00","og_image":[{"width":1000,"height":1000,"url":"https:\/\/storage1208.cdn-immedia.net\/wp-content\/uploads\/2023\/02\/1121600mil-2023-vintage-champs-elysees-bowl-13413.jpg","type":"image\/jpeg"}],"twitter_card":"summary_large_image","twitter_misc":{"Est. reading time":"1 minute"},"schema":{"@context":"https:\/\/schema.org","@graph":[{"@type":"WebPage","@id":"https:\/\/www.fecarotta.com\/en\/product\/vintage-champs-elysees-bowl-lalique\/","url":"https:\/\/www.fecarotta.com\/en\/product\/vintage-champs-elysees-bowl-lalique\/","name":"Vintage Champs-\u00c9lys\u00e9es Bowl Lalique - Fecarotta Gioielli","isPartOf":{"@id":"https:\/\/www.fecarotta.com\/en\/#website"},"primaryImageOfPage":{"@id":"https:\/\/www.fecarotta.com\/en\/product\/vintage-champs-elysees-bowl-lalique\/#primaryimage"},"image":{"@id":"https:\/\/www.fecarotta.com\/en\/product\/vintage-champs-elysees-bowl-lalique\/#primaryimage"},"thumbnailUrl":"https:\/\/storage1208.cdn-immedia.net\/wp-content\/uploads\/2023\/02\/1121600mil-2023-vintage-champs-elysees-bowl-13413.jpg","datePublished":"2023-02-23T18:13:29+00:00","dateModified":"2023-02-23T18:26:15+00:00","description":"Are you searching for Vintage Champs-\u00c9lys\u00e9es Bowl Lalique? In Fecarotta Gioielli you can find it. Enter the website, buy it and discover all our products!","breadcrumb":{"@id":"https:\/\/www.fecarotta.com\/en\/product\/vintage-champs-elysees-bowl-lalique\/#breadcrumb"},"inLanguage":"en-US","potentialAction":[{"@type":"ReadAction","target":["https:\/\/www.fecarotta.com\/en\/product\/vintage-champs-elysees-bowl-lalique\/"]}]},{"@type":"ImageObject","inLanguage":"en-US","@id":"https:\/\/www.fecarotta.com\/en\/product\/vintage-champs-elysees-bowl-lalique\/#primaryimage","url":"https:\/\/storage1208.cdn-immedia.net\/wp-content\/uploads\/2023\/02\/1121600mil-2023-vintage-champs-elysees-bowl-13413.jpg","contentUrl":"https:\/\/storage1208.cdn-immedia.net\/wp-content\/uploads\/2023\/02\/1121600mil-2023-vintage-champs-elysees-bowl-13413.jpg","width":1000,"height":1000},{"@type":"BreadcrumbList","@id":"https:\/\/www.fecarotta.com\/en\/product\/vintage-champs-elysees-bowl-lalique\/#breadcrumb","itemListElement":[{"@type":"ListItem","position":1,"name":"Home","item":"https:\/\/www.fecarotta.com\/en\/"},{"@type":"ListItem","position":2,"name":"Shop","item":"https:\/\/www.fecarotta.com\/en\/shop\/"},{"@type":"ListItem","position":3,"name":"Vintage Champs-\u00c9lys\u00e9es Bowl Lalique"}]},{"@type":"WebSite","@id":"https:\/\/www.fecarotta.com\/en\/#website","url":"https:\/\/www.fecarotta.com\/en\/","name":"Fecarotta Gioielli","description":"Gioielleria a Palermo","publisher":{"@id":"https:\/\/www.fecarotta.com\/en\/#organization"},"potentialAction":[{"@type":"SearchAction","target":{"@type":"EntryPoint","urlTemplate":"https:\/\/www.fecarotta.com\/en\/?s={search_term_string}"},"query-input":{"@type":"PropertyValueSpecification","valueRequired":true,"valueName":"search_term_string"}}],"inLanguage":"en-US"},{"@type":"Organization","@id":"https:\/\/www.fecarotta.com\/en\/#organization","name":"Fecarotta Gioielli","url":"https:\/\/www.fecarotta.com\/en\/","logo":{"@type":"ImageObject","inLanguage":"en-US","@id":"https:\/\/www.fecarotta.com\/en\/#\/schema\/logo\/image\/","url":"https:\/\/storage1208.cdn-immedia.net\/wp-content\/uploads\/2025\/03\/logo-gmb-fecarotta.jpg","contentUrl":"https:\/\/storage1208.cdn-immedia.net\/wp-content\/uploads\/2025\/03\/logo-gmb-fecarotta.jpg","width":500,"height":500,"caption":"Fecarotta Gioielli"},"image":{"@id":"https:\/\/www.fecarotta.com\/en\/#\/schema\/logo\/image\/"},"sameAs":["https:\/\/www.facebook.com\/fecarottagioielli","http:\/\/www.instagram.com\/fecarotta.it","https:\/\/www.linkedin.com\/company\/fecarotta-it\/","https:\/\/api.whatsapp.com\/send?phone=393913323691&text=Salve, vorrei qualche informazione in merito ai vostri prodotti."]}]}},"_links":{"self":[{"href":"https:\/\/www.fecarotta.com\/en\/wp-json\/wp\/v2\/product\/113992","targetHints":{"allow":["GET"]}}],"collection":[{"href":"https:\/\/www.fecarotta.com\/en\/wp-json\/wp\/v2\/product"}],"about":[{"href":"https:\/\/www.fecarotta.com\/en\/wp-json\/wp\/v2\/types\/product"}],"wp:featuredmedia":[{"embeddable":true,"href":"https:\/\/www.fecarotta.com\/en\/wp-json\/wp\/v2\/media\/113987"}],"wp:attachment":[{"href":"https:\/\/www.fecarotta.com\/en\/wp-json\/wp\/v2\/media?parent=113992"}],"wp:term":[{"taxonomy":"product_brand","embeddable":true,"href":"https:\/\/www.fecarotta.com\/en\/wp-json\/wp\/v2\/product_brand?post=113992"},{"taxonomy":"product_cat","embeddable":true,"href":"https:\/\/www.fecarotta.com\/en\/wp-json\/wp\/v2\/product_cat?post=113992"},{"taxonomy":"product_tag","embeddable":true,"href":"https:\/\/www.fecarotta.com\/en\/wp-json\/wp\/v2\/product_tag?post=113992"}],"curies":[{"name":"wp","href":"https:\/\/api.w.org\/{rel}","templated":true}]}}