{"id":109393,"date":"2022-06-13T05:38:38","date_gmt":"2022-06-13T05:38:39","guid":{"rendered":"https:\/\/www.fecarotta.com\/?post_type=product&#038;p=109393"},"modified":"2023-09-29T15:45:50","modified_gmt":"2023-09-29T15:45:50","slug":"bvlgari-bvlgari-watch-3","status":"publish","type":"product","link":"https:\/\/www.fecarotta.com\/en\/product\/bvlgari-bvlgari-watch-3\/","title":{"rendered":"BVLGARI BVLGARI WATCH"},"content":{"rendered":"<div class=\"cell description medium-shrink\">\n<div class=\"tab-container active\">\n<div class=\"grid-container text-center card-description-small\" style=\"text-align: left\">\n<p>Combining the excellence of Swiss watchmaking with the bold creativity of Italian design, the BVLGARI BVLGARI watch in stainless steel is a perfect marriage of elegance and exceptional craftsmanship. Inspired by the inscriptions along the edge of ancient Roman coins, the iconic double logo engraved on the bezel outlining the silver-plated soleil dial is a symbol of Bulgari&#8217;s unparalleled mastery in combining tradition and modernity in creations of timeless appeal, capable of transcending all eras and trends.<\/p>\n<\/div>\n<\/div>\n<\/div>\n<p>&nbsp;<\/p>\n<p>&nbsp;<\/p>\n<div class=\"cell description medium-shrink\">\n<div class=\"tab-container active\">\n<div class=\"grid-container text-center card-description-small\" style=\"text-align: left\">\n<p>Bvlgari bvlgari watch with self-winding mechanical movement and date display, BVL 191 calibre &#8211; Solotempo with C\u00f4tes de Gen\u00e8ve finishing, anglage and colima\u00e7onnage, 42-hour power reserve, 28,800 VpH (4 Hz) frequency. 41 mm stainless steel case, stainless steel bezel with double logo, stainless steel crown with black ceramic insert, silvered soleil dial, bracelet with stainless steel d\u00e9ployant\u00e9 buckle. Water-resistant to 50 metres.<\/p>\n<p>&nbsp;<\/p>\n<p>Diameter (mm): 41<br \/>\nCase shape: Round<br \/>\nFunctions: Hours-Minutes-Seconds-Date<br \/>\nMovement type: Automatic<br \/>\nStrap material: Stainless steel<br \/>\nPower reserve: 42 hours<br \/>\nFrequency: 28&#8217;800 VpH (4Hz)<br \/>\nWater resistance: 50 m<br \/>\nBuckle: &#8211;<br \/>\nManufactured in: Switzerland<br \/>\nMaterial: Steel<br \/>\nStrap colour: Silver<br \/>\nSize: M<\/p>\n<\/div>\n<\/div>\n<\/div>\n","protected":false},"excerpt":{"rendered":"<p>Bvlgari bvlgari watch with self-winding mechanical movement and date display.<\/p>\n<p>&nbsp;<\/p>\n","protected":false},"featured_media":109397,"template":"","meta":{"_acf_changed":false},"product_brand":[],"product_cat":[171,16,159],"product_tag":[3160,3163,3162],"class_list":{"0":"post-109393","1":"product","2":"type-product","3":"status-publish","4":"has-post-thumbnail","6":"product_cat-automatic-watches","7":"product_cat-not-for-online-sale","8":"product_cat-watches","9":"product_tag-bvlgari-en","10":"product_tag-bvlgari-bvlgari-en","11":"product_tag-orologio-bulgari-en","12":"pa_brand-bulgari-en","13":"pa_collection-bvlgari-bvlgari-en","14":"pa_gender-man","16":"first","17":"instock","18":"purchasable","19":"product-type-simple","20":"add-to-wishlist-before_image"},"acf":[],"yoast_head":"<!-- This site is optimized with the Yoast SEO plugin v27.5 - https:\/\/yoast.com\/product\/yoast-seo-wordpress\/ -->\n<title>BVLGARI BVLGARI WATCH - Fecarotta Gioielli<\/title>\n<meta name=\"description\" content=\"BVLGARI BVLGARI WATCH\" \/>\n<meta name=\"robots\" content=\"index, follow, max-snippet:-1, max-image-preview:large, max-video-preview:-1\" \/>\n<link rel=\"canonical\" href=\"https:\/\/www.fecarotta.com\/en\/product\/bvlgari-bvlgari-watch-3\/\" \/>\n<meta property=\"og:locale\" content=\"en_US\" \/>\n<meta property=\"og:type\" content=\"article\" \/>\n<meta property=\"og:title\" content=\"BVLGARI BVLGARI WATCH - Fecarotta Gioielli\" \/>\n<meta property=\"og:description\" content=\"BVLGARI BVLGARI WATCH\" \/>\n<meta property=\"og:url\" content=\"https:\/\/www.fecarotta.com\/en\/product\/bvlgari-bvlgari-watch-3\/\" \/>\n<meta property=\"og:site_name\" content=\"Fecarotta Gioielli\" \/>\n<meta property=\"article:publisher\" content=\"https:\/\/www.facebook.com\/fecarottagioielli\" \/>\n<meta property=\"article:modified_time\" content=\"2023-09-29T15:45:50+00:00\" \/>\n<meta property=\"og:image\" content=\"https:\/\/storage1208.cdn-immedia.net\/wp-content\/uploads\/2022\/06\/103652.jpeg\" \/>\n\t<meta property=\"og:image:width\" content=\"1080\" \/>\n\t<meta property=\"og:image:height\" content=\"1080\" \/>\n\t<meta property=\"og:image:type\" content=\"image\/jpeg\" \/>\n<meta name=\"twitter:card\" content=\"summary_large_image\" \/>\n<meta name=\"twitter:label1\" content=\"Est. reading time\" \/>\n\t<meta name=\"twitter:data1\" content=\"2 minutes\" \/>\n<script type=\"application\/ld+json\" class=\"yoast-schema-graph\">{\"@context\":\"https:\\\/\\\/schema.org\",\"@graph\":[{\"@type\":\"WebPage\",\"@id\":\"https:\\\/\\\/www.fecarotta.com\\\/en\\\/product\\\/bvlgari-bvlgari-watch-3\\\/\",\"url\":\"https:\\\/\\\/www.fecarotta.com\\\/en\\\/product\\\/bvlgari-bvlgari-watch-3\\\/\",\"name\":\"BVLGARI BVLGARI WATCH - Fecarotta Gioielli\",\"isPartOf\":{\"@id\":\"https:\\\/\\\/www.fecarotta.com\\\/en\\\/#website\"},\"primaryImageOfPage\":{\"@id\":\"https:\\\/\\\/www.fecarotta.com\\\/en\\\/product\\\/bvlgari-bvlgari-watch-3\\\/#primaryimage\"},\"image\":{\"@id\":\"https:\\\/\\\/www.fecarotta.com\\\/en\\\/product\\\/bvlgari-bvlgari-watch-3\\\/#primaryimage\"},\"thumbnailUrl\":\"https:\\\/\\\/www.fecarotta.com\\\/wp-content\\\/uploads\\\/2022\\\/06\\\/103652.jpeg\",\"datePublished\":\"2022-06-13T05:38:39+00:00\",\"dateModified\":\"2023-09-29T15:45:50+00:00\",\"description\":\"BVLGARI BVLGARI WATCH\",\"breadcrumb\":{\"@id\":\"https:\\\/\\\/www.fecarotta.com\\\/en\\\/product\\\/bvlgari-bvlgari-watch-3\\\/#breadcrumb\"},\"inLanguage\":\"en-US\",\"potentialAction\":[{\"@type\":\"ReadAction\",\"target\":[\"https:\\\/\\\/www.fecarotta.com\\\/en\\\/product\\\/bvlgari-bvlgari-watch-3\\\/\"]}]},{\"@type\":\"ImageObject\",\"inLanguage\":\"en-US\",\"@id\":\"https:\\\/\\\/www.fecarotta.com\\\/en\\\/product\\\/bvlgari-bvlgari-watch-3\\\/#primaryimage\",\"url\":\"https:\\\/\\\/www.fecarotta.com\\\/wp-content\\\/uploads\\\/2022\\\/06\\\/103652.jpeg\",\"contentUrl\":\"https:\\\/\\\/www.fecarotta.com\\\/wp-content\\\/uploads\\\/2022\\\/06\\\/103652.jpeg\",\"width\":1080,\"height\":1080},{\"@type\":\"BreadcrumbList\",\"@id\":\"https:\\\/\\\/www.fecarotta.com\\\/en\\\/product\\\/bvlgari-bvlgari-watch-3\\\/#breadcrumb\",\"itemListElement\":[{\"@type\":\"ListItem\",\"position\":1,\"name\":\"Home\",\"item\":\"https:\\\/\\\/www.fecarotta.com\\\/en\\\/\"},{\"@type\":\"ListItem\",\"position\":2,\"name\":\"Shop\",\"item\":\"https:\\\/\\\/www.fecarotta.com\\\/en\\\/shop\\\/\"},{\"@type\":\"ListItem\",\"position\":3,\"name\":\"BVLGARI BVLGARI WATCH\"}]},{\"@type\":\"WebSite\",\"@id\":\"https:\\\/\\\/www.fecarotta.com\\\/en\\\/#website\",\"url\":\"https:\\\/\\\/www.fecarotta.com\\\/en\\\/\",\"name\":\"Fecarotta Gioielli\",\"description\":\"Gioielleria a Palermo\",\"publisher\":{\"@id\":\"https:\\\/\\\/www.fecarotta.com\\\/en\\\/#organization\"},\"potentialAction\":[{\"@type\":\"SearchAction\",\"target\":{\"@type\":\"EntryPoint\",\"urlTemplate\":\"https:\\\/\\\/www.fecarotta.com\\\/en\\\/?s={search_term_string}\"},\"query-input\":{\"@type\":\"PropertyValueSpecification\",\"valueRequired\":true,\"valueName\":\"search_term_string\"}}],\"inLanguage\":\"en-US\"},{\"@type\":\"Organization\",\"@id\":\"https:\\\/\\\/www.fecarotta.com\\\/en\\\/#organization\",\"name\":\"Fecarotta Gioielli\",\"url\":\"https:\\\/\\\/www.fecarotta.com\\\/en\\\/\",\"logo\":{\"@type\":\"ImageObject\",\"inLanguage\":\"en-US\",\"@id\":\"https:\\\/\\\/www.fecarotta.com\\\/en\\\/#\\\/schema\\\/logo\\\/image\\\/\",\"url\":\"https:\\\/\\\/www.fecarotta.com\\\/wp-content\\\/uploads\\\/2025\\\/03\\\/logo-gmb-fecarotta.jpg\",\"contentUrl\":\"https:\\\/\\\/www.fecarotta.com\\\/wp-content\\\/uploads\\\/2025\\\/03\\\/logo-gmb-fecarotta.jpg\",\"width\":500,\"height\":500,\"caption\":\"Fecarotta Gioielli\"},\"image\":{\"@id\":\"https:\\\/\\\/www.fecarotta.com\\\/en\\\/#\\\/schema\\\/logo\\\/image\\\/\"},\"sameAs\":[\"https:\\\/\\\/www.facebook.com\\\/fecarottagioielli\",\"http:\\\/\\\/www.instagram.com\\\/fecarotta.it\",\"https:\\\/\\\/www.linkedin.com\\\/company\\\/fecarotta-it\\\/\",\"https:\\\/\\\/api.whatsapp.com\\\/send?phone=393913323691&text=Salve, vorrei qualche informazione in merito ai vostri prodotti.\"]}]}<\/script>\n<!-- \/ Yoast SEO plugin. -->","yoast_head_json":{"title":"BVLGARI BVLGARI WATCH - Fecarotta Gioielli","description":"BVLGARI BVLGARI WATCH","robots":{"index":"index","follow":"follow","max-snippet":"max-snippet:-1","max-image-preview":"max-image-preview:large","max-video-preview":"max-video-preview:-1"},"canonical":"https:\/\/www.fecarotta.com\/en\/product\/bvlgari-bvlgari-watch-3\/","og_locale":"en_US","og_type":"article","og_title":"BVLGARI BVLGARI WATCH - Fecarotta Gioielli","og_description":"BVLGARI BVLGARI WATCH","og_url":"https:\/\/www.fecarotta.com\/en\/product\/bvlgari-bvlgari-watch-3\/","og_site_name":"Fecarotta Gioielli","article_publisher":"https:\/\/www.facebook.com\/fecarottagioielli","article_modified_time":"2023-09-29T15:45:50+00:00","og_image":[{"width":1080,"height":1080,"url":"https:\/\/storage1208.cdn-immedia.net\/wp-content\/uploads\/2022\/06\/103652.jpeg","type":"image\/jpeg"}],"twitter_card":"summary_large_image","twitter_misc":{"Est. reading time":"2 minutes"},"schema":{"@context":"https:\/\/schema.org","@graph":[{"@type":"WebPage","@id":"https:\/\/www.fecarotta.com\/en\/product\/bvlgari-bvlgari-watch-3\/","url":"https:\/\/www.fecarotta.com\/en\/product\/bvlgari-bvlgari-watch-3\/","name":"BVLGARI BVLGARI WATCH - Fecarotta Gioielli","isPartOf":{"@id":"https:\/\/www.fecarotta.com\/en\/#website"},"primaryImageOfPage":{"@id":"https:\/\/www.fecarotta.com\/en\/product\/bvlgari-bvlgari-watch-3\/#primaryimage"},"image":{"@id":"https:\/\/www.fecarotta.com\/en\/product\/bvlgari-bvlgari-watch-3\/#primaryimage"},"thumbnailUrl":"https:\/\/storage1208.cdn-immedia.net\/wp-content\/uploads\/2022\/06\/103652.jpeg","datePublished":"2022-06-13T05:38:39+00:00","dateModified":"2023-09-29T15:45:50+00:00","description":"BVLGARI BVLGARI WATCH","breadcrumb":{"@id":"https:\/\/www.fecarotta.com\/en\/product\/bvlgari-bvlgari-watch-3\/#breadcrumb"},"inLanguage":"en-US","potentialAction":[{"@type":"ReadAction","target":["https:\/\/www.fecarotta.com\/en\/product\/bvlgari-bvlgari-watch-3\/"]}]},{"@type":"ImageObject","inLanguage":"en-US","@id":"https:\/\/www.fecarotta.com\/en\/product\/bvlgari-bvlgari-watch-3\/#primaryimage","url":"https:\/\/storage1208.cdn-immedia.net\/wp-content\/uploads\/2022\/06\/103652.jpeg","contentUrl":"https:\/\/storage1208.cdn-immedia.net\/wp-content\/uploads\/2022\/06\/103652.jpeg","width":1080,"height":1080},{"@type":"BreadcrumbList","@id":"https:\/\/www.fecarotta.com\/en\/product\/bvlgari-bvlgari-watch-3\/#breadcrumb","itemListElement":[{"@type":"ListItem","position":1,"name":"Home","item":"https:\/\/www.fecarotta.com\/en\/"},{"@type":"ListItem","position":2,"name":"Shop","item":"https:\/\/www.fecarotta.com\/en\/shop\/"},{"@type":"ListItem","position":3,"name":"BVLGARI BVLGARI WATCH"}]},{"@type":"WebSite","@id":"https:\/\/www.fecarotta.com\/en\/#website","url":"https:\/\/www.fecarotta.com\/en\/","name":"Fecarotta Gioielli","description":"Gioielleria a Palermo","publisher":{"@id":"https:\/\/www.fecarotta.com\/en\/#organization"},"potentialAction":[{"@type":"SearchAction","target":{"@type":"EntryPoint","urlTemplate":"https:\/\/www.fecarotta.com\/en\/?s={search_term_string}"},"query-input":{"@type":"PropertyValueSpecification","valueRequired":true,"valueName":"search_term_string"}}],"inLanguage":"en-US"},{"@type":"Organization","@id":"https:\/\/www.fecarotta.com\/en\/#organization","name":"Fecarotta Gioielli","url":"https:\/\/www.fecarotta.com\/en\/","logo":{"@type":"ImageObject","inLanguage":"en-US","@id":"https:\/\/www.fecarotta.com\/en\/#\/schema\/logo\/image\/","url":"https:\/\/storage1208.cdn-immedia.net\/wp-content\/uploads\/2025\/03\/logo-gmb-fecarotta.jpg","contentUrl":"https:\/\/storage1208.cdn-immedia.net\/wp-content\/uploads\/2025\/03\/logo-gmb-fecarotta.jpg","width":500,"height":500,"caption":"Fecarotta Gioielli"},"image":{"@id":"https:\/\/www.fecarotta.com\/en\/#\/schema\/logo\/image\/"},"sameAs":["https:\/\/www.facebook.com\/fecarottagioielli","http:\/\/www.instagram.com\/fecarotta.it","https:\/\/www.linkedin.com\/company\/fecarotta-it\/","https:\/\/api.whatsapp.com\/send?phone=393913323691&text=Salve, vorrei qualche informazione in merito ai vostri prodotti."]}]}},"_links":{"self":[{"href":"https:\/\/www.fecarotta.com\/en\/wp-json\/wp\/v2\/product\/109393","targetHints":{"allow":["GET"]}}],"collection":[{"href":"https:\/\/www.fecarotta.com\/en\/wp-json\/wp\/v2\/product"}],"about":[{"href":"https:\/\/www.fecarotta.com\/en\/wp-json\/wp\/v2\/types\/product"}],"wp:featuredmedia":[{"embeddable":true,"href":"https:\/\/www.fecarotta.com\/en\/wp-json\/wp\/v2\/media\/109397"}],"wp:attachment":[{"href":"https:\/\/www.fecarotta.com\/en\/wp-json\/wp\/v2\/media?parent=109393"}],"wp:term":[{"taxonomy":"product_brand","embeddable":true,"href":"https:\/\/www.fecarotta.com\/en\/wp-json\/wp\/v2\/product_brand?post=109393"},{"taxonomy":"product_cat","embeddable":true,"href":"https:\/\/www.fecarotta.com\/en\/wp-json\/wp\/v2\/product_cat?post=109393"},{"taxonomy":"product_tag","embeddable":true,"href":"https:\/\/www.fecarotta.com\/en\/wp-json\/wp\/v2\/product_tag?post=109393"}],"curies":[{"name":"wp","href":"https:\/\/api.w.org\/{rel}","templated":true}]}}