{"id":108968,"date":"2022-05-25T07:42:52","date_gmt":"2022-05-25T07:42:52","guid":{"rendered":"https:\/\/www.fecarotta.com\/?post_type=product&#038;p=108968"},"modified":"2022-05-25T07:47:14","modified_gmt":"2022-05-25T07:47:14","slug":"le-carre-gold-bar-diamonds-and-chain-earrings","status":"publish","type":"product","link":"https:\/\/www.fecarotta.com\/en\/product\/le-carre-gold-bar-diamonds-and-chain-earrings\/","title":{"rendered":"Le Carr\u00e8 GOLD BAR DIAMONDS AND CHAIN EARRINGS"},"content":{"rendered":"<p>Le Carr\u00e8 GOLD BAR DIAMONDS AND CHAIN EARRINGS<\/p>\n<p>Carr\u00e8 Jewellery<\/p>\n<p>A collection of jewellery dedicated to women and girls with a refined, contemporary style and who want jewellery to wear every day and never separate themselves from it.<br \/>\nEach of these jewels is handmade, but above all it is inspired and designed in an emotional way. We like to think that, beyond a piece of jewellery, for you it can become a symbol of how wonderful it is to feel love. Always keeping in mind that it is you who complete it, who give it a meaning, who make it special, always keeping this in mind:<\/p>\n<p>&#8220;All the splendour you will see in our pieces<br \/>\nis not half of what you have inside you.<br \/>\nEach one of them was created,<br \/>\nwith all my heart,<br \/>\nso that it will never be forgotten&#8221;.<\/p>\n<p>We are the third generation of a family dedicated to creating jewellery. If there is one thing we have inherited, it is the passion for this craft, the courage to seek perfection and the desire to reach the hearts of women directly. And if there is one thing we want to change, it is the way we understand it.<\/p>\n<p>Because their world has changed, their way of being, their way of living, their way of loving is no longer what it once was. And, from now on, neither are their jewels.<\/p>\n<p>Buy online Le Carr\u00e8, contemporary jewellery, Mono Earrings, helix, rings, bracelets and necklaces, with welcome coupon and discount code. Shipping in Italy is free<\/p>\n<p>LE CARR\u00c8 pink gold necklace with brown diamonds. Buy online Mono Earrings, helix, rings, bracelets and necklaces with welcome coupon and discount code. Free shipping in Italy<\/p>\n<p><a href=\"\/it?page_id=23408\" target=\"_blank\" rel=\"noopener noreferrer\">Our Company<\/a><\/p>\n<p>&nbsp;<\/p>\n","protected":false},"excerpt":{"rendered":"<p>Le Carr\u00e8 GOLD BAR DIAMONDS AND CHAIN EARRINGS<br \/>\nMaterial: 18-carat gold<\/p>\n<p>Stone: Diamonds<\/p>\n<p>Weight: 0.040 carats<\/p>\n<p>Colour: H<\/p>\n<p>Purity: SI<\/p>\n<p>&nbsp;<\/p>\n<p>&nbsp;<\/p>\n<p>&nbsp;<\/p>\n","protected":false},"featured_media":108970,"template":"","meta":{"_acf_changed":false},"product_brand":[],"product_cat":[47,44,2313],"product_tag":[],"class_list":{"0":"post-108968","1":"product","2":"type-product","3":"status-publish","4":"has-post-thumbnail","6":"product_cat-earrings","7":"product_cat-jewels","8":"product_cat-woman","9":"pa_brand-le-carre-en","10":"pa_gender-woman","12":"first","13":"instock","14":"shipping-taxable","15":"purchasable","16":"product-type-simple","17":"add-to-wishlist-before_image"},"acf":[],"yoast_head":"<!-- This site is optimized with the Yoast SEO plugin v27.5 - https:\/\/yoast.com\/product\/yoast-seo-wordpress\/ -->\n<title>Le Carr\u00e8 GOLD BAR DIAMONDS AND CHAIN EARRINGS - Fecarotta Gioielli<\/title>\n<meta name=\"description\" content=\"Le Carr\u00e8 GOLD BAR DIAMONDS AND CHAIN EARRINGS; Buy online Le Carr\u00e8, contemporary jewellery, Mono Earrings, helix, rings, bracelets and necklaces, with welcome coupon and discount code. Shipping in Italy is free\" \/>\n<meta name=\"robots\" content=\"index, follow, max-snippet:-1, max-image-preview:large, max-video-preview:-1\" \/>\n<link rel=\"canonical\" href=\"https:\/\/www.fecarotta.com\/en\/product\/le-carre-gold-bar-diamonds-and-chain-earrings\/\" \/>\n<meta property=\"og:locale\" content=\"en_US\" \/>\n<meta property=\"og:type\" content=\"article\" \/>\n<meta property=\"og:title\" content=\"Le Carr\u00e8 GOLD BAR DIAMONDS AND CHAIN EARRINGS - Fecarotta Gioielli\" \/>\n<meta property=\"og:description\" content=\"Le Carr\u00e8 GOLD BAR DIAMONDS AND CHAIN EARRINGS; Buy online Le Carr\u00e8, contemporary jewellery, Mono Earrings, helix, rings, bracelets and necklaces, with welcome coupon and discount code. Shipping in Italy is free\" \/>\n<meta property=\"og:url\" content=\"https:\/\/www.fecarotta.com\/en\/product\/le-carre-gold-bar-diamonds-and-chain-earrings\/\" \/>\n<meta property=\"og:site_name\" content=\"Fecarotta Gioielli\" \/>\n<meta property=\"article:publisher\" content=\"https:\/\/www.facebook.com\/fecarottagioielli\" \/>\n<meta property=\"article:modified_time\" content=\"2022-05-25T07:47:14+00:00\" \/>\n<meta property=\"og:image\" content=\"https:\/\/storage1208.cdn-immedia.net\/wp-content\/uploads\/2022\/05\/GB134OA.jpeg\" \/>\n\t<meta property=\"og:image:width\" content=\"1080\" \/>\n\t<meta property=\"og:image:height\" content=\"1080\" \/>\n\t<meta property=\"og:image:type\" content=\"image\/jpeg\" \/>\n<meta name=\"twitter:card\" content=\"summary_large_image\" \/>\n<meta name=\"twitter:label1\" content=\"Est. reading time\" \/>\n\t<meta name=\"twitter:data1\" content=\"2 minutes\" \/>\n<script type=\"application\/ld+json\" class=\"yoast-schema-graph\">{\"@context\":\"https:\\\/\\\/schema.org\",\"@graph\":[{\"@type\":\"WebPage\",\"@id\":\"https:\\\/\\\/www.fecarotta.com\\\/en\\\/product\\\/le-carre-gold-bar-diamonds-and-chain-earrings\\\/\",\"url\":\"https:\\\/\\\/www.fecarotta.com\\\/en\\\/product\\\/le-carre-gold-bar-diamonds-and-chain-earrings\\\/\",\"name\":\"Le Carr\u00e8 GOLD BAR DIAMONDS AND CHAIN EARRINGS - Fecarotta Gioielli\",\"isPartOf\":{\"@id\":\"https:\\\/\\\/www.fecarotta.com\\\/en\\\/#website\"},\"primaryImageOfPage\":{\"@id\":\"https:\\\/\\\/www.fecarotta.com\\\/en\\\/product\\\/le-carre-gold-bar-diamonds-and-chain-earrings\\\/#primaryimage\"},\"image\":{\"@id\":\"https:\\\/\\\/www.fecarotta.com\\\/en\\\/product\\\/le-carre-gold-bar-diamonds-and-chain-earrings\\\/#primaryimage\"},\"thumbnailUrl\":\"https:\\\/\\\/www.fecarotta.com\\\/wp-content\\\/uploads\\\/2022\\\/05\\\/GB134OA.jpeg\",\"datePublished\":\"2022-05-25T07:42:52+00:00\",\"dateModified\":\"2022-05-25T07:47:14+00:00\",\"description\":\"Le Carr\u00e8 GOLD BAR DIAMONDS AND CHAIN EARRINGS; Buy online Le Carr\u00e8, contemporary jewellery, Mono Earrings, helix, rings, bracelets and necklaces, with welcome coupon and discount code. Shipping in Italy is free\",\"breadcrumb\":{\"@id\":\"https:\\\/\\\/www.fecarotta.com\\\/en\\\/product\\\/le-carre-gold-bar-diamonds-and-chain-earrings\\\/#breadcrumb\"},\"inLanguage\":\"en-US\",\"potentialAction\":[{\"@type\":\"ReadAction\",\"target\":[\"https:\\\/\\\/www.fecarotta.com\\\/en\\\/product\\\/le-carre-gold-bar-diamonds-and-chain-earrings\\\/\"]}]},{\"@type\":\"ImageObject\",\"inLanguage\":\"en-US\",\"@id\":\"https:\\\/\\\/www.fecarotta.com\\\/en\\\/product\\\/le-carre-gold-bar-diamonds-and-chain-earrings\\\/#primaryimage\",\"url\":\"https:\\\/\\\/www.fecarotta.com\\\/wp-content\\\/uploads\\\/2022\\\/05\\\/GB134OA.jpeg\",\"contentUrl\":\"https:\\\/\\\/www.fecarotta.com\\\/wp-content\\\/uploads\\\/2022\\\/05\\\/GB134OA.jpeg\",\"width\":1080,\"height\":1080},{\"@type\":\"BreadcrumbList\",\"@id\":\"https:\\\/\\\/www.fecarotta.com\\\/en\\\/product\\\/le-carre-gold-bar-diamonds-and-chain-earrings\\\/#breadcrumb\",\"itemListElement\":[{\"@type\":\"ListItem\",\"position\":1,\"name\":\"Home\",\"item\":\"https:\\\/\\\/www.fecarotta.com\\\/en\\\/\"},{\"@type\":\"ListItem\",\"position\":2,\"name\":\"Shop\",\"item\":\"https:\\\/\\\/www.fecarotta.com\\\/en\\\/shop\\\/\"},{\"@type\":\"ListItem\",\"position\":3,\"name\":\"Le Carr\u00e8 GOLD BAR DIAMONDS AND CHAIN EARRINGS\"}]},{\"@type\":\"WebSite\",\"@id\":\"https:\\\/\\\/www.fecarotta.com\\\/en\\\/#website\",\"url\":\"https:\\\/\\\/www.fecarotta.com\\\/en\\\/\",\"name\":\"Fecarotta Gioielli\",\"description\":\"Gioielleria a Palermo\",\"publisher\":{\"@id\":\"https:\\\/\\\/www.fecarotta.com\\\/en\\\/#organization\"},\"potentialAction\":[{\"@type\":\"SearchAction\",\"target\":{\"@type\":\"EntryPoint\",\"urlTemplate\":\"https:\\\/\\\/www.fecarotta.com\\\/en\\\/?s={search_term_string}\"},\"query-input\":{\"@type\":\"PropertyValueSpecification\",\"valueRequired\":true,\"valueName\":\"search_term_string\"}}],\"inLanguage\":\"en-US\"},{\"@type\":\"Organization\",\"@id\":\"https:\\\/\\\/www.fecarotta.com\\\/en\\\/#organization\",\"name\":\"Fecarotta Gioielli\",\"url\":\"https:\\\/\\\/www.fecarotta.com\\\/en\\\/\",\"logo\":{\"@type\":\"ImageObject\",\"inLanguage\":\"en-US\",\"@id\":\"https:\\\/\\\/www.fecarotta.com\\\/en\\\/#\\\/schema\\\/logo\\\/image\\\/\",\"url\":\"https:\\\/\\\/www.fecarotta.com\\\/wp-content\\\/uploads\\\/2025\\\/03\\\/logo-gmb-fecarotta.jpg\",\"contentUrl\":\"https:\\\/\\\/www.fecarotta.com\\\/wp-content\\\/uploads\\\/2025\\\/03\\\/logo-gmb-fecarotta.jpg\",\"width\":500,\"height\":500,\"caption\":\"Fecarotta Gioielli\"},\"image\":{\"@id\":\"https:\\\/\\\/www.fecarotta.com\\\/en\\\/#\\\/schema\\\/logo\\\/image\\\/\"},\"sameAs\":[\"https:\\\/\\\/www.facebook.com\\\/fecarottagioielli\",\"http:\\\/\\\/www.instagram.com\\\/fecarotta.it\",\"https:\\\/\\\/www.linkedin.com\\\/company\\\/fecarotta-it\\\/\",\"https:\\\/\\\/api.whatsapp.com\\\/send?phone=393913323691&text=Salve, vorrei qualche informazione in merito ai vostri prodotti.\"]}]}<\/script>\n<!-- \/ Yoast SEO plugin. -->","yoast_head_json":{"title":"Le Carr\u00e8 GOLD BAR DIAMONDS AND CHAIN EARRINGS - Fecarotta Gioielli","description":"Le Carr\u00e8 GOLD BAR DIAMONDS AND CHAIN EARRINGS; Buy online Le Carr\u00e8, contemporary jewellery, Mono Earrings, helix, rings, bracelets and necklaces, with welcome coupon and discount code. Shipping in Italy is free","robots":{"index":"index","follow":"follow","max-snippet":"max-snippet:-1","max-image-preview":"max-image-preview:large","max-video-preview":"max-video-preview:-1"},"canonical":"https:\/\/www.fecarotta.com\/en\/product\/le-carre-gold-bar-diamonds-and-chain-earrings\/","og_locale":"en_US","og_type":"article","og_title":"Le Carr\u00e8 GOLD BAR DIAMONDS AND CHAIN EARRINGS - Fecarotta Gioielli","og_description":"Le Carr\u00e8 GOLD BAR DIAMONDS AND CHAIN EARRINGS; Buy online Le Carr\u00e8, contemporary jewellery, Mono Earrings, helix, rings, bracelets and necklaces, with welcome coupon and discount code. Shipping in Italy is free","og_url":"https:\/\/www.fecarotta.com\/en\/product\/le-carre-gold-bar-diamonds-and-chain-earrings\/","og_site_name":"Fecarotta Gioielli","article_publisher":"https:\/\/www.facebook.com\/fecarottagioielli","article_modified_time":"2022-05-25T07:47:14+00:00","og_image":[{"width":1080,"height":1080,"url":"https:\/\/storage1208.cdn-immedia.net\/wp-content\/uploads\/2022\/05\/GB134OA.jpeg","type":"image\/jpeg"}],"twitter_card":"summary_large_image","twitter_misc":{"Est. reading time":"2 minutes"},"schema":{"@context":"https:\/\/schema.org","@graph":[{"@type":"WebPage","@id":"https:\/\/www.fecarotta.com\/en\/product\/le-carre-gold-bar-diamonds-and-chain-earrings\/","url":"https:\/\/www.fecarotta.com\/en\/product\/le-carre-gold-bar-diamonds-and-chain-earrings\/","name":"Le Carr\u00e8 GOLD BAR DIAMONDS AND CHAIN EARRINGS - Fecarotta Gioielli","isPartOf":{"@id":"https:\/\/www.fecarotta.com\/en\/#website"},"primaryImageOfPage":{"@id":"https:\/\/www.fecarotta.com\/en\/product\/le-carre-gold-bar-diamonds-and-chain-earrings\/#primaryimage"},"image":{"@id":"https:\/\/www.fecarotta.com\/en\/product\/le-carre-gold-bar-diamonds-and-chain-earrings\/#primaryimage"},"thumbnailUrl":"https:\/\/storage1208.cdn-immedia.net\/wp-content\/uploads\/2022\/05\/GB134OA.jpeg","datePublished":"2022-05-25T07:42:52+00:00","dateModified":"2022-05-25T07:47:14+00:00","description":"Le Carr\u00e8 GOLD BAR DIAMONDS AND CHAIN EARRINGS; Buy online Le Carr\u00e8, contemporary jewellery, Mono Earrings, helix, rings, bracelets and necklaces, with welcome coupon and discount code. Shipping in Italy is free","breadcrumb":{"@id":"https:\/\/www.fecarotta.com\/en\/product\/le-carre-gold-bar-diamonds-and-chain-earrings\/#breadcrumb"},"inLanguage":"en-US","potentialAction":[{"@type":"ReadAction","target":["https:\/\/www.fecarotta.com\/en\/product\/le-carre-gold-bar-diamonds-and-chain-earrings\/"]}]},{"@type":"ImageObject","inLanguage":"en-US","@id":"https:\/\/www.fecarotta.com\/en\/product\/le-carre-gold-bar-diamonds-and-chain-earrings\/#primaryimage","url":"https:\/\/storage1208.cdn-immedia.net\/wp-content\/uploads\/2022\/05\/GB134OA.jpeg","contentUrl":"https:\/\/storage1208.cdn-immedia.net\/wp-content\/uploads\/2022\/05\/GB134OA.jpeg","width":1080,"height":1080},{"@type":"BreadcrumbList","@id":"https:\/\/www.fecarotta.com\/en\/product\/le-carre-gold-bar-diamonds-and-chain-earrings\/#breadcrumb","itemListElement":[{"@type":"ListItem","position":1,"name":"Home","item":"https:\/\/www.fecarotta.com\/en\/"},{"@type":"ListItem","position":2,"name":"Shop","item":"https:\/\/www.fecarotta.com\/en\/shop\/"},{"@type":"ListItem","position":3,"name":"Le Carr\u00e8 GOLD BAR DIAMONDS AND CHAIN EARRINGS"}]},{"@type":"WebSite","@id":"https:\/\/www.fecarotta.com\/en\/#website","url":"https:\/\/www.fecarotta.com\/en\/","name":"Fecarotta Gioielli","description":"Gioielleria a Palermo","publisher":{"@id":"https:\/\/www.fecarotta.com\/en\/#organization"},"potentialAction":[{"@type":"SearchAction","target":{"@type":"EntryPoint","urlTemplate":"https:\/\/www.fecarotta.com\/en\/?s={search_term_string}"},"query-input":{"@type":"PropertyValueSpecification","valueRequired":true,"valueName":"search_term_string"}}],"inLanguage":"en-US"},{"@type":"Organization","@id":"https:\/\/www.fecarotta.com\/en\/#organization","name":"Fecarotta Gioielli","url":"https:\/\/www.fecarotta.com\/en\/","logo":{"@type":"ImageObject","inLanguage":"en-US","@id":"https:\/\/www.fecarotta.com\/en\/#\/schema\/logo\/image\/","url":"https:\/\/storage1208.cdn-immedia.net\/wp-content\/uploads\/2025\/03\/logo-gmb-fecarotta.jpg","contentUrl":"https:\/\/storage1208.cdn-immedia.net\/wp-content\/uploads\/2025\/03\/logo-gmb-fecarotta.jpg","width":500,"height":500,"caption":"Fecarotta Gioielli"},"image":{"@id":"https:\/\/www.fecarotta.com\/en\/#\/schema\/logo\/image\/"},"sameAs":["https:\/\/www.facebook.com\/fecarottagioielli","http:\/\/www.instagram.com\/fecarotta.it","https:\/\/www.linkedin.com\/company\/fecarotta-it\/","https:\/\/api.whatsapp.com\/send?phone=393913323691&text=Salve, vorrei qualche informazione in merito ai vostri prodotti."]}]}},"_links":{"self":[{"href":"https:\/\/www.fecarotta.com\/en\/wp-json\/wp\/v2\/product\/108968","targetHints":{"allow":["GET"]}}],"collection":[{"href":"https:\/\/www.fecarotta.com\/en\/wp-json\/wp\/v2\/product"}],"about":[{"href":"https:\/\/www.fecarotta.com\/en\/wp-json\/wp\/v2\/types\/product"}],"wp:featuredmedia":[{"embeddable":true,"href":"https:\/\/www.fecarotta.com\/en\/wp-json\/wp\/v2\/media\/108970"}],"wp:attachment":[{"href":"https:\/\/www.fecarotta.com\/en\/wp-json\/wp\/v2\/media?parent=108968"}],"wp:term":[{"taxonomy":"product_brand","embeddable":true,"href":"https:\/\/www.fecarotta.com\/en\/wp-json\/wp\/v2\/product_brand?post=108968"},{"taxonomy":"product_cat","embeddable":true,"href":"https:\/\/www.fecarotta.com\/en\/wp-json\/wp\/v2\/product_cat?post=108968"},{"taxonomy":"product_tag","embeddable":true,"href":"https:\/\/www.fecarotta.com\/en\/wp-json\/wp\/v2\/product_tag?post=108968"}],"curies":[{"name":"wp","href":"https:\/\/api.w.org\/{rel}","templated":true}]}}